{"id":3174,"date":"2025-09-07T21:00:37","date_gmt":"2025-09-07T21:00:37","guid":{"rendered":"https:\/\/www.alpineberrytale.com\/?post_type=product&#038;p=3174"},"modified":"2025-09-07T22:33:27","modified_gmt":"2025-09-07T22:33:27","slug":"confezione-regalo-di-fragole-di-bosco-alpine-ricoperte-di-cioccolato","status":"publish","type":"product","link":"https:\/\/www.alpineberrytale.com\/it\/shop\/izdelki-iz-gozdnih-jagod\/darilni-paket-alpske-gozdne-jagode-v-cokoladi\/","title":{"rendered":"Confezione regalo - Fragole di bosco alpine ricoperte di cioccolato"},"content":{"rendered":"<p data-start=\"870\" data-end=\"903\"><strong data-start=\"870\" data-end=\"903\">Nutrizione (per 100 g):<\/strong><\/p>\n<ul data-start=\"904\" data-end=\"1106\">\n<li data-start=\"904\" data-end=\"945\">\n<p data-start=\"906\" data-end=\"945\">Energia: 2130 kJ \/ 510 kcal<\/p>\n<\/li>\n<li data-start=\"946\" data-end=\"1011\">\n<p data-start=\"948\" data-end=\"965\">Grassi: 34,3 g<\/p>\n<ul data-start=\"968\" data-end=\"1011\">\n<li data-start=\"968\" data-end=\"1011\">\n<p data-start=\"970\" data-end=\"1011\">di cui saturi: 20,5 g<\/p>\n<\/li>\n<\/ul>\n<\/li>\n<li data-start=\"1012\" data-end=\"1071\">\n<p data-start=\"1014\" data-end=\"1041\">Carboidrati: 39,8 g<\/p>\n<ul data-start=\"1044\" data-end=\"1071\">\n<li data-start=\"1044\" data-end=\"1071\">\n<p data-start=\"1046\" data-end=\"1071\">di cui zuccheri: 37,6 g<\/p>\n<\/li>\n<\/ul>\n<\/li>\n<li data-start=\"1072\" data-end=\"1092\">\n<p data-start=\"1074\" data-end=\"1092\">Proteine: 7,4 g<\/p>\n<\/li>\n<li data-start=\"1093\" data-end=\"1106\">\n<p data-start=\"1095\" data-end=\"1106\">Sol: 0,01 g<\/p>\n<\/li>\n<\/ul>\n<p data-start=\"421\" data-end=\"435\"><strong data-start=\"421\" data-end=\"435\">Ingredienti:<\/strong><\/p>\n<ul data-start=\"436\" data-end=\"868\">\n<li>Fragole di bosco liofilizzate (<em data-start=\"851\" data-end=\"867\">Fragaria vesca<\/em>)<\/li>\n<li data-start=\"436\" data-end=\"563\">\n<p data-start=\"438\" data-end=\"563\">Cioccolato bianco (30 %): zucchero, burro di cacao, latte in polvere, siero di latte in polvere, emulsionante: lecitina di soia, aroma di vaniglia.<\/p>\n<\/li>\n<li data-start=\"564\" data-end=\"688\">\n<p data-start=\"566\" data-end=\"688\">Cioccolato al latte (30 %): zucchero, burro di cacao, latte intero, pasta di cacao, emulsionante: lecitina di soia, aroma di vaniglia.<\/p>\n<\/li>\n<li data-start=\"689\" data-end=\"819\">\n<p data-start=\"691\" data-end=\"819\">Cioccolato fondente (30 %): zucchero, burro di cacao, pasta di cacao, cacao magro in polvere, emulsionante: lecitina di soia, aroma di vaniglia.<\/p>\n<\/li>\n<\/ul>\n<p data-start=\"1108\" data-end=\"1132\"><strong data-start=\"1108\" data-end=\"1132\">Ulteriori informazioni:<\/strong><\/p>\n<ul data-start=\"1133\" data-end=\"1313\">\n<li data-start=\"1133\" data-end=\"1214\">\n<p data-start=\"1135\" data-end=\"1214\">Conservare il cioccolato a una temperatura compresa tra 16 e 20 \u00b0C in un luogo asciutto e buio.<\/p>\n<\/li>\n<li data-start=\"1215\" data-end=\"1281\">\n<p data-start=\"1217\" data-end=\"1281\">Pu\u00f2 contenere tracce di frumento, arachidi, altre noci e sesamo.<\/p>\n<\/li>\n<li data-start=\"1282\" data-end=\"1313\">\n<p data-start=\"1284\" data-end=\"1313\">Origine (cioccolato al latte): UE<\/p>\n<\/li>\n<\/ul>","protected":false},"excerpt":{"rendered":"<p>Il regalo perfetto per i vostri cari, un gesto premuroso per i partner commerciali, un talismano per ottenere ancora pi\u00f9 successo - o un dolce sfizio solo per voi stessi. Fragole selvatiche ricoperte da tre tipi di cioccolato: bianco, al latte e fondente.<\/p>","protected":false},"featured_media":3168,"template":"","meta":{"iawp_total_views":44},"product_brand":[],"product_cat":[39,28],"product_tag":[],"class_list":{"0":"post-3174","1":"product","2":"type-product","3":"status-publish","4":"has-post-thumbnail","6":"product_cat-darilni-paketi","7":"product_cat-izdelki-iz-gozdnih-jagod","9":"first","10":"instock","11":"shipping-taxable","12":"purchasable","13":"product-type-variable"},"yoast_head":"<!-- This site is optimized with the Yoast SEO plugin v27.4 - https:\/\/yoast.com\/product\/yoast-seo-wordpress\/ -->\n<title>Darilni paket - Alpske gozdne jagode v \u010dokoladi - Alpine Berrytale<\/title>\n<meta name=\"robots\" content=\"index, follow, max-snippet:-1, max-image-preview:large, max-video-preview:-1\" \/>\n<link rel=\"canonical\" href=\"https:\/\/www.alpineberrytale.com\/it\/negozio\/prodotti-ai-frutti-di-bosco\/confezione-regalo-di-fragole-di-bosco-alpine-ricoperte-di-cioccolato\/\" \/>\n<meta property=\"og:locale\" content=\"it_IT\" \/>\n<meta property=\"og:type\" content=\"article\" \/>\n<meta property=\"og:title\" content=\"Darilni paket - Alpske gozdne jagode v \u010dokoladi - Alpine Berrytale\" \/>\n<meta property=\"og:description\" content=\"Popolno darilo za va\u0161e najbli\u017eje, pozorno gesto za poslovne partnerje, talisman za \u0161e ve\u010d uspehov \u2013 ali pa sladko razvajanje samo zase. Gozdne jagode oblite v tri vrste \u010dokolade: belo, mle\u010dno in temno.\" \/>\n<meta property=\"og:url\" content=\"https:\/\/www.alpineberrytale.com\/it\/negozio\/prodotti-ai-frutti-di-bosco\/confezione-regalo-di-fragole-di-bosco-alpine-ricoperte-di-cioccolato\/\" \/>\n<meta property=\"og:site_name\" content=\"Alpine Berrytale\" \/>\n<meta property=\"article:modified_time\" content=\"2025-09-07T22:33:27+00:00\" \/>\n<meta property=\"og:image\" content=\"https:\/\/www.alpineberrytale.com\/wp-content\/uploads\/2025\/09\/Darilni-paket-jagode-v-cokoladi-mali-1200x1200-1.jpg\" \/>\n\t<meta property=\"og:image:width\" content=\"1200\" \/>\n\t<meta property=\"og:image:height\" content=\"1200\" \/>\n\t<meta property=\"og:image:type\" content=\"image\/jpeg\" \/>\n<meta name=\"twitter:card\" content=\"summary_large_image\" \/>\n<meta name=\"twitter:label1\" content=\"Tempo di lettura stimato\" \/>\n\t<meta name=\"twitter:data1\" content=\"1 minuto\" \/>\n<script type=\"application\/ld+json\" class=\"yoast-schema-graph\">{\"@context\":\"https:\\\/\\\/schema.org\",\"@graph\":[{\"@type\":\"WebPage\",\"@id\":\"https:\\\/\\\/www.alpineberrytale.com\\\/en\\\/shop\\\/wild-berry-products\\\/darilni-paket-alpske-gozdne-jagode-v-cokoladi\\\/\",\"url\":\"https:\\\/\\\/www.alpineberrytale.com\\\/en\\\/shop\\\/wild-berry-products\\\/darilni-paket-alpske-gozdne-jagode-v-cokoladi\\\/\",\"name\":\"Darilni paket - Alpske gozdne jagode v \u010dokoladi - Alpine Berrytale\",\"isPartOf\":{\"@id\":\"https:\\\/\\\/www.alpineberrytale.com\\\/#website\"},\"primaryImageOfPage\":{\"@id\":\"https:\\\/\\\/www.alpineberrytale.com\\\/en\\\/shop\\\/wild-berry-products\\\/darilni-paket-alpske-gozdne-jagode-v-cokoladi\\\/#primaryimage\"},\"image\":{\"@id\":\"https:\\\/\\\/www.alpineberrytale.com\\\/en\\\/shop\\\/wild-berry-products\\\/darilni-paket-alpske-gozdne-jagode-v-cokoladi\\\/#primaryimage\"},\"thumbnailUrl\":\"https:\\\/\\\/www.alpineberrytale.com\\\/wp-content\\\/uploads\\\/2025\\\/09\\\/Darilni-paket-jagode-v-cokoladi-mali-1200x1200-1.jpg\",\"datePublished\":\"2025-09-07T21:00:37+00:00\",\"dateModified\":\"2025-09-07T22:33:27+00:00\",\"breadcrumb\":{\"@id\":\"https:\\\/\\\/www.alpineberrytale.com\\\/en\\\/shop\\\/wild-berry-products\\\/darilni-paket-alpske-gozdne-jagode-v-cokoladi\\\/#breadcrumb\"},\"inLanguage\":\"it-IT\",\"potentialAction\":[{\"@type\":\"ReadAction\",\"target\":[\"https:\\\/\\\/www.alpineberrytale.com\\\/en\\\/shop\\\/wild-berry-products\\\/darilni-paket-alpske-gozdne-jagode-v-cokoladi\\\/\"]}]},{\"@type\":\"ImageObject\",\"inLanguage\":\"it-IT\",\"@id\":\"https:\\\/\\\/www.alpineberrytale.com\\\/en\\\/shop\\\/wild-berry-products\\\/darilni-paket-alpske-gozdne-jagode-v-cokoladi\\\/#primaryimage\",\"url\":\"https:\\\/\\\/www.alpineberrytale.com\\\/wp-content\\\/uploads\\\/2025\\\/09\\\/Darilni-paket-jagode-v-cokoladi-mali-1200x1200-1.jpg\",\"contentUrl\":\"https:\\\/\\\/www.alpineberrytale.com\\\/wp-content\\\/uploads\\\/2025\\\/09\\\/Darilni-paket-jagode-v-cokoladi-mali-1200x1200-1.jpg\",\"width\":1200,\"height\":1200},{\"@type\":\"BreadcrumbList\",\"@id\":\"https:\\\/\\\/www.alpineberrytale.com\\\/en\\\/shop\\\/wild-berry-products\\\/darilni-paket-alpske-gozdne-jagode-v-cokoladi\\\/#breadcrumb\",\"itemListElement\":[{\"@type\":\"ListItem\",\"position\":1,\"name\":\"Home\",\"item\":\"https:\\\/\\\/www.alpineberrytale.com\\\/\"},{\"@type\":\"ListItem\",\"position\":2,\"name\":\"Trgovina\",\"item\":\"https:\\\/\\\/www.alpineberrytale.com\\\/shop\\\/\"},{\"@type\":\"ListItem\",\"position\":3,\"name\":\"Darilni paket &#8211; Alpske gozdne jagode v \u010dokoladi\"}]},{\"@type\":\"WebSite\",\"@id\":\"https:\\\/\\\/www.alpineberrytale.com\\\/#website\",\"url\":\"https:\\\/\\\/www.alpineberrytale.com\\\/\",\"name\":\"Alpine Berrytale\",\"description\":\"Unikatni izdelki iz gozdnih jagod\",\"publisher\":{\"@id\":\"https:\\\/\\\/www.alpineberrytale.com\\\/#organization\"},\"potentialAction\":[{\"@type\":\"SearchAction\",\"target\":{\"@type\":\"EntryPoint\",\"urlTemplate\":\"https:\\\/\\\/www.alpineberrytale.com\\\/?s={search_term_string}\"},\"query-input\":{\"@type\":\"PropertyValueSpecification\",\"valueRequired\":true,\"valueName\":\"search_term_string\"}}],\"inLanguage\":\"it-IT\"},{\"@type\":\"Organization\",\"@id\":\"https:\\\/\\\/www.alpineberrytale.com\\\/#organization\",\"name\":\"Alpine Berrytale\",\"url\":\"https:\\\/\\\/www.alpineberrytale.com\\\/\",\"logo\":{\"@type\":\"ImageObject\",\"inLanguage\":\"it-IT\",\"@id\":\"https:\\\/\\\/www.alpineberrytale.com\\\/#\\\/schema\\\/logo\\\/image\\\/\",\"url\":\"https:\\\/\\\/www.alpineberrytale.com\\\/wp-content\\\/uploads\\\/2025\\\/01\\\/logo-alpske-gozdne-jagode-alpineberrytale.png\",\"contentUrl\":\"https:\\\/\\\/www.alpineberrytale.com\\\/wp-content\\\/uploads\\\/2025\\\/01\\\/logo-alpske-gozdne-jagode-alpineberrytale.png\",\"width\":1000,\"height\":355,\"caption\":\"Alpine Berrytale\"},\"image\":{\"@id\":\"https:\\\/\\\/www.alpineberrytale.com\\\/#\\\/schema\\\/logo\\\/image\\\/\"}}]}<\/script>\n<!-- \/ Yoast SEO plugin. -->","yoast_head_json":{"title":"Confezione regalo - Alpine Berrytale - Alpine Berrytale","robots":{"index":"index","follow":"follow","max-snippet":"max-snippet:-1","max-image-preview":"max-image-preview:large","max-video-preview":"max-video-preview:-1"},"canonical":"https:\/\/www.alpineberrytale.com\/it\/negozio\/prodotti-ai-frutti-di-bosco\/confezione-regalo-di-fragole-di-bosco-alpine-ricoperte-di-cioccolato\/","og_locale":"it_IT","og_type":"article","og_title":"Darilni paket - Alpske gozdne jagode v \u010dokoladi - Alpine Berrytale","og_description":"Popolno darilo za va\u0161e najbli\u017eje, pozorno gesto za poslovne partnerje, talisman za \u0161e ve\u010d uspehov \u2013 ali pa sladko razvajanje samo zase. Gozdne jagode oblite v tri vrste \u010dokolade: belo, mle\u010dno in temno.","og_url":"https:\/\/www.alpineberrytale.com\/it\/negozio\/prodotti-ai-frutti-di-bosco\/confezione-regalo-di-fragole-di-bosco-alpine-ricoperte-di-cioccolato\/","og_site_name":"Alpine Berrytale","article_modified_time":"2025-09-07T22:33:27+00:00","og_image":[{"width":1200,"height":1200,"url":"https:\/\/www.alpineberrytale.com\/wp-content\/uploads\/2025\/09\/Darilni-paket-jagode-v-cokoladi-mali-1200x1200-1.jpg","type":"image\/jpeg"}],"twitter_card":"summary_large_image","twitter_misc":{"Tempo di lettura stimato":"1 minuto"},"schema":{"@context":"https:\/\/schema.org","@graph":[{"@type":"WebPage","@id":"https:\/\/www.alpineberrytale.com\/en\/shop\/wild-berry-products\/darilni-paket-alpske-gozdne-jagode-v-cokoladi\/","url":"https:\/\/www.alpineberrytale.com\/en\/shop\/wild-berry-products\/darilni-paket-alpske-gozdne-jagode-v-cokoladi\/","name":"Confezione regalo - Alpine Berrytale - Alpine Berrytale","isPartOf":{"@id":"https:\/\/www.alpineberrytale.com\/#website"},"primaryImageOfPage":{"@id":"https:\/\/www.alpineberrytale.com\/en\/shop\/wild-berry-products\/darilni-paket-alpske-gozdne-jagode-v-cokoladi\/#primaryimage"},"image":{"@id":"https:\/\/www.alpineberrytale.com\/en\/shop\/wild-berry-products\/darilni-paket-alpske-gozdne-jagode-v-cokoladi\/#primaryimage"},"thumbnailUrl":"https:\/\/www.alpineberrytale.com\/wp-content\/uploads\/2025\/09\/Darilni-paket-jagode-v-cokoladi-mali-1200x1200-1.jpg","datePublished":"2025-09-07T21:00:37+00:00","dateModified":"2025-09-07T22:33:27+00:00","breadcrumb":{"@id":"https:\/\/www.alpineberrytale.com\/en\/shop\/wild-berry-products\/darilni-paket-alpske-gozdne-jagode-v-cokoladi\/#breadcrumb"},"inLanguage":"it-IT","potentialAction":[{"@type":"ReadAction","target":["https:\/\/www.alpineberrytale.com\/en\/shop\/wild-berry-products\/darilni-paket-alpske-gozdne-jagode-v-cokoladi\/"]}]},{"@type":"ImageObject","inLanguage":"it-IT","@id":"https:\/\/www.alpineberrytale.com\/en\/shop\/wild-berry-products\/darilni-paket-alpske-gozdne-jagode-v-cokoladi\/#primaryimage","url":"https:\/\/www.alpineberrytale.com\/wp-content\/uploads\/2025\/09\/Darilni-paket-jagode-v-cokoladi-mali-1200x1200-1.jpg","contentUrl":"https:\/\/www.alpineberrytale.com\/wp-content\/uploads\/2025\/09\/Darilni-paket-jagode-v-cokoladi-mali-1200x1200-1.jpg","width":1200,"height":1200},{"@type":"BreadcrumbList","@id":"https:\/\/www.alpineberrytale.com\/en\/shop\/wild-berry-products\/darilni-paket-alpske-gozdne-jagode-v-cokoladi\/#breadcrumb","itemListElement":[{"@type":"ListItem","position":1,"name":"Home","item":"https:\/\/www.alpineberrytale.com\/"},{"@type":"ListItem","position":2,"name":"Trgovina","item":"https:\/\/www.alpineberrytale.com\/shop\/"},{"@type":"ListItem","position":3,"name":"Darilni paket &#8211; Alpske gozdne jagode v \u010dokoladi"}]},{"@type":"WebSite","@id":"https:\/\/www.alpineberrytale.com\/#website","url":"https:\/\/www.alpineberrytale.com\/","name":"Bacca alpina","description":"Prodotti unici a base di fragole selvatiche","publisher":{"@id":"https:\/\/www.alpineberrytale.com\/#organization"},"potentialAction":[{"@type":"SearchAction","target":{"@type":"EntryPoint","urlTemplate":"https:\/\/www.alpineberrytale.com\/?s={search_term_string}"},"query-input":{"@type":"PropertyValueSpecification","valueRequired":true,"valueName":"search_term_string"}}],"inLanguage":"it-IT"},{"@type":"Organization","@id":"https:\/\/www.alpineberrytale.com\/#organization","name":"Bacca alpina","url":"https:\/\/www.alpineberrytale.com\/","logo":{"@type":"ImageObject","inLanguage":"it-IT","@id":"https:\/\/www.alpineberrytale.com\/#\/schema\/logo\/image\/","url":"https:\/\/www.alpineberrytale.com\/wp-content\/uploads\/2025\/01\/logo-alpske-gozdne-jagode-alpineberrytale.png","contentUrl":"https:\/\/www.alpineberrytale.com\/wp-content\/uploads\/2025\/01\/logo-alpske-gozdne-jagode-alpineberrytale.png","width":1000,"height":355,"caption":"Alpine Berrytale"},"image":{"@id":"https:\/\/www.alpineberrytale.com\/#\/schema\/logo\/image\/"}}]}},"_links":{"self":[{"href":"https:\/\/www.alpineberrytale.com\/it\/wp-json\/wp\/v2\/product\/3174","targetHints":{"allow":["GET"]}}],"collection":[{"href":"https:\/\/www.alpineberrytale.com\/it\/wp-json\/wp\/v2\/product"}],"about":[{"href":"https:\/\/www.alpineberrytale.com\/it\/wp-json\/wp\/v2\/types\/product"}],"wp:featuredmedia":[{"embeddable":true,"href":"https:\/\/www.alpineberrytale.com\/it\/wp-json\/wp\/v2\/media\/3168"}],"wp:attachment":[{"href":"https:\/\/www.alpineberrytale.com\/it\/wp-json\/wp\/v2\/media?parent=3174"}],"wp:term":[{"taxonomy":"product_brand","embeddable":true,"href":"https:\/\/www.alpineberrytale.com\/it\/wp-json\/wp\/v2\/product_brand?post=3174"},{"taxonomy":"product_cat","embeddable":true,"href":"https:\/\/www.alpineberrytale.com\/it\/wp-json\/wp\/v2\/product_cat?post=3174"},{"taxonomy":"product_tag","embeddable":true,"href":"https:\/\/www.alpineberrytale.com\/it\/wp-json\/wp\/v2\/product_tag?post=3174"}],"curies":[{"name":"wp","href":"https:\/\/api.w.org\/{rel}","templated":true}]}}