{"id":3,"date":"2025-01-11T23:26:40","date_gmt":"2025-01-11T23:26:40","guid":{"rendered":"https:\/\/www.alpineberrytale.com\/?page_id=3"},"modified":"2025-08-31T19:29:33","modified_gmt":"2025-08-31T19:29:33","slug":"informativa-sulla-privacy","status":"publish","type":"page","link":"https:\/\/www.alpineberrytale.com\/it\/privacy-policy\/","title":{"rendered":"Informativa sulla privacy"},"content":{"rendered":"<div data-elementor-type=\"wp-page\" data-elementor-id=\"3\" class=\"elementor elementor-3\" data-elementor-post-type=\"page\">\n\t\t\t\t<div class=\"elementor-element elementor-element-3c35d3dd e-flex e-con-boxed e-con e-parent\" data-id=\"3c35d3dd\" data-element_type=\"container\" data-e-type=\"container\">\n\t\t\t\t\t<div class=\"e-con-inner\">\n\t\t\t\t<div class=\"elementor-element elementor-element-e39c380 elementor-widget elementor-widget-heading\" data-id=\"e39c380\" data-element_type=\"widget\" data-e-type=\"widget\" data-widget_type=\"heading.default\">\n\t\t\t\t<div class=\"elementor-widget-container\">\n\t\t\t\t\t<h2 class=\"elementor-heading-title elementor-size-default\">Informativa sulla privacy<\/h2>\t\t\t\t<\/div>\n\t\t\t\t<\/div>\n\t\t\t\t<div class=\"elementor-element elementor-element-82418e7 elementor-widget elementor-widget-text-editor\" data-id=\"82418e7\" data-element_type=\"widget\" data-e-type=\"widget\" data-widget_type=\"text-editor.default\">\n\t\t\t\t<div class=\"elementor-widget-container\">\n\t\t\t\t\t\t\t\t\t<p data-start=\"23\" data-end=\"346\"><strong data-start=\"23\" data-end=\"168\">Prendiamo sul serio la privacy degli utenti di AlpineBerryTale.com e ci preoccupiamo di proteggere i dati personali in conformit\u00e0 alle leggi vigenti.<\/strong> (GDPR e legge nazionale sulla protezione dei dati). Di seguito vengono descritti lo scopo, l'ambito e le modalit\u00e0 del trattamento dei dati personali e i diritti dell'utente in relazione ad esso.<\/p><h2 data-start=\"348\" data-end=\"379\">Titolare del trattamento dei dati personali<\/h2><p data-start=\"381\" data-end=\"652\">Il titolare del trattamento dei dati personali raccolti sul sito AlpineBerryTale.com \u00e8 <strong data-start=\"461\" data-end=\"480\">Luka Novak s.p.<\/strong> (di seguito denominato <em data-start=\"497\" data-end=\"507\">Fornitore<\/em>Il Fornitore garantisce di trattare i dati raccolti in modo lecito, equo e trasparente e di assicurare un'adeguata sicurezza e riservatezza dei dati.<\/p><h2 data-start=\"654\" data-end=\"679\">Quali dati raccogliamo<\/h2><p data-start=\"681\" data-end=\"834\">Quando acquistate o vi registrate nel nostro negozio online, raccogliamo solo i dati personali necessari per elaborare l'ordine e consegnare i prodotti con successo:<\/p><ul data-start=\"836\" data-end=\"1169\"><li data-start=\"836\" data-end=\"923\"><p data-start=\"838\" data-end=\"923\"><strong data-start=\"838\" data-end=\"866\">Dati di contatto dell'acquirente:<\/strong> nome, indirizzo e-mail e numero di telefono.<\/p><\/li><li data-start=\"924\" data-end=\"1044\"><p data-start=\"926\" data-end=\"1044\"><strong data-start=\"926\" data-end=\"958\">Indirizzo per la consegna:<\/strong> l'indirizzo, il numero civico, il codice postale, il luogo e il paese di consegna dei prodotti ordinati.<\/p><\/li><li data-start=\"1045\" data-end=\"1169\"><p data-start=\"1047\" data-end=\"1169\"><strong data-start=\"1047\" data-end=\"1070\">Dettagli dell'ordine:<\/strong> i prodotti ordinati, il metodo di pagamento scelto, le modalit\u00e0 di consegna ed eventuali commenti del cliente al momento dell'ordine.<\/p><\/li><\/ul><p data-start=\"1171\" data-end=\"1510\">L'utente fornisce volontariamente queste informazioni al momento dell'ordine, senza le quali l'acquisto non pu\u00f2 essere completato. Carte di credito o conti bancari <strong data-start=\"1302\" data-end=\"1320\">non memorizzato<\/strong> sui nostri server - i dati relativi al pagamento con carta vengono elaborati direttamente attraverso i gateway di pagamento sicuri del fornitore del servizio di pagamento con carta, quindi non abbiamo accesso al numero della carta.<\/p><h2 data-start=\"1512\" data-end=\"1548\">Finalit\u00e0 e utilizzo dei dati personali<\/h2><p data-start=\"1550\" data-end=\"1614\">Utilizziamo i dati personali raccolti esclusivamente per i seguenti scopi:<\/p><ul data-start=\"1616\" data-end=\"3243\"><li data-start=\"1616\" data-end=\"2030\"><p data-start=\"1618\" data-end=\"2030\"><strong data-start=\"1618\" data-end=\"1650\">Elaborazione e consegna degli ordini:<\/strong> Utilizziamo i vostri dati personali per confermare l'ordine, fatturare, imballare e consegnare i prodotti al vostro indirizzo. Per la consegna, forniremo il vostro nome, cognome, indirizzo di consegna, numero di telefono e indirizzo e-mail al servizio di consegna da voi scelto (Posta della Slovenia o corriere GLS), affinch\u00e9 possa notificarvi la consegna e consegnare il pacco con successo.<\/p><\/li><li data-start=\"2031\" data-end=\"2513\"><p data-start=\"2033\" data-end=\"2513\"><strong data-start=\"2033\" data-end=\"2058\">Comunicazione con i clienti:<\/strong> Possiamo utilizzare i vostri dati di contatto per comunicare con voi in merito al vostro ordine (ad esempio, per fornirvi notifiche sullo stato del vostro ordine o per risolvere eventuali problemi o domande sul vostro ordine). Se ci avete dato il vostro esplicito consenso, possiamo anche occasionalmente notificarvi nuovi prodotti, offerte speciali o promozioni nel nostro negozio - riceverete tali notifiche elettroniche all'indirizzo e-mail che ci avete fornito e potete annullare la ricezione in qualsiasi momento.<\/p><\/li><li data-start=\"2514\" data-end=\"3243\"><p data-start=\"2516\" data-end=\"3243\"><strong data-start=\"2516\" data-end=\"2562\">Analisi statistica del traffico del sito web:<\/strong> Monitoriamo in modo anonimo le visite e l'utilizzo per migliorare le prestazioni del sito web. Utilizziamo uno strumento <em data-start=\"2667\" data-end=\"2690\">Analisi indipendente<\/em> per l'analisi delle visite, che <strong data-start=\"2715\" data-end=\"2741\">non utilizza i cookie<\/strong> e <strong data-start=\"2745\" data-end=\"2790\">non memorizza informazioni di identificazione personale<\/strong>e i dati delle visite <strong data-start=\"2812\" data-end=\"2852\">non vengono trasmessi a server esterni<\/strong>. Ci\u00f2 significa che lo strumento di analisi registra le informazioni di base sulla visita dell'utente (ad es. numero di visitatori, pagine visualizzate) senza raccogliere o condividere i suoi dati personali. Questa soluzione rispettosa della privacy <strong data-start=\"3105\" data-end=\"3163\">Non \u00e8 necessario mostrare i fastidiosi pop-up dei cookie<\/strong>come analytics non interferisce con la privacy dell'utente.<\/p><\/li><\/ul><p data-start=\"3245\" data-end=\"3556\">I vostri dati personali <strong data-start=\"3268\" data-end=\"3286\">non utilizziamo<\/strong> per qualsiasi altro scopo incompatibile con tali finalit\u00e0. Non venderemo, presteremo o divulgheremo in altro modo i dati a terzi non autorizzati senza il vostro consenso, a meno che non ci venga richiesto dalla legge o da un'autorit\u00e0 competente (ad esempio, in base a un ordine del tribunale).<\/p><h2 data-start=\"3558\" data-end=\"3587\">Base giuridica del trattamento<\/h2><p data-start=\"3589\" data-end=\"4007\">Trattiamo i dati personali sulla base di <strong data-start=\"3626\" data-end=\"3637\">Contratti<\/strong> (acquisto di prodotti - adempimento del contratto di acquisto), <strong data-start=\"3693\" data-end=\"3716\">obblighi legali<\/strong> (ad esempio, la tenuta di registri contabili per gli acquisti) e sulla base di <strong data-start=\"3780\" data-end=\"3799\">il vostro consenso<\/strong> per il trattamento laddove sia necessario (ad esempio, per informarvi sulle novit\u00e0 se vi siete iscritti a una newsletter). In ogni caso, ci preoccupiamo di trattare solo i dati strettamente necessari per raggiungere lo scopo specifico.<\/p><h2 data-start=\"4009\" data-end=\"4048\">Trasmissione di dati a terzi<\/h2><p data-start=\"4050\" data-end=\"4562\">I vostri dati possono essere condivisi <strong data-start=\"4084\" data-end=\"4109\">partner contrattuali<\/strong>che sono coinvolti nell'esecuzione del contratto, ma solo nella misura necessaria all'esecuzione del loro servizio. Sono compresi i soggetti gi\u00e0 citati <strong data-start=\"4231\" data-end=\"4250\">servizi di consegna<\/strong> (ad es. Posta Slovenije, GLS), a cui affidiamo i dati di consegna, e i fornitori di servizi di pagamento (ad es. banche, fornitori di gateway di pagamento) attraverso i quali si effettua un pagamento con carta di credito o bonifico bancario. Tutti questi partner sono tenuti a rispettare le disposizioni del GDPR e a mantenere la riservatezza dei vostri dati.<\/p><p data-start=\"4564\" data-end=\"4832\">Ad esempio: i servizi di consegna ricevono solo i dati necessari per la consegna (nome, indirizzo, dati di contatto), mentre il fornitore di servizi di pagamento riceve solo i dati necessari per effettuare il pagamento. Z <strong data-start=\"4732\" data-end=\"4761\">altre parti terze<\/strong> Non condividiamo i vostri dati personali a meno che non sia richiesto dalla legge.<\/p><h2 data-start=\"4834\" data-end=\"4845\">Biscotti<\/h2><p data-start=\"4847\" data-end=\"5658\">AlpineBerryTale.com utilizza solo le seguenti informazioni per gestire il proprio sito web <strong data-start=\"4916\" data-end=\"4943\">cookie strettamente necessari<\/strong>che garantiscono il funzionamento del negozio online (ad es. memorizzazione del contenuto del carrello, accesso al proprio account, ecc. Questi cookie non contengono dati personali e il sito web potrebbe non funzionare correttamente senza di essi. <strong data-start=\"5164\" data-end=\"5223\">Non utilizziamo cookie analitici o pubblicitari.<\/strong> Come gi\u00e0 menzionato, l'analisi delle visite viene effettuata senza l'uso di cookie utilizzando Independent Analytics. Pertanto, non riceverete un avviso relativo ai cookie quando visiterete il sito per la prima volta, poich\u00e9 il nostro metodo di tracciamento delle visite non interferisce con la vostra privacy ed \u00e8 conforme al GDPR. Naturalmente il sito consente anche di impostare i cookie tramite le impostazioni del browser, dove \u00e8 possibile <em data-start=\"5593\" data-end=\"5631\">controllare, eliminare o bloccare<\/em> biscotti a vostro piacimento.<\/p><h2 data-start=\"5660\" data-end=\"5689\">Sicurezza e archiviazione dei dati<\/h2><p data-start=\"5691\" data-end=\"6279\">Ci impegniamo a proteggere i vostri dati personali da accessi non autorizzati, divulgazione o uso improprio. Utilizziamo un'appropriata <strong data-start=\"5814\" data-end=\"5851\">misure organizzative e tecniche<\/strong> protezione dei dati, come ad esempio server protetti, software aggiornati, trasmissione dei dati criptata (certificato SSL) e accesso controllato ai dati solo da parte di persone autorizzate (ad esempio dipendenti o incaricati dell'elaborazione dei contratti che necessitano di un accesso per l'evasione di un ordine). Nel caso in cui i dati vengano elaborati da appaltatori (ad esempio servizi di consegna, fornitori di pagamenti), esigiamo da loro gli stessi standard di protezione dei dati e di riservatezza.<\/p><p data-start=\"6281\" data-end=\"6993\">Conserviamo i dati personali solo per il tempo necessario a soddisfare gli scopi per cui sono stati raccolti o in conformit\u00e0 a <strong data-start=\"6413\" data-end=\"6446\">obblighi di conservazione legale<\/strong>. Siamo obbligati a conservare i dati relativi alle fatture emesse per 10 anni dalla data di emissione (in conformit\u00e0 alla normativa fiscale) e in genere conserviamo i dati relativi ai vostri ordini per 5 anni dalla data di evasione dell'ordine, a meno che non vi sia una controversia in relazione all'ordine (nel qual caso la conservazione pu\u00f2 durare fino alla risoluzione definitiva della controversia). I dati raccolti sulla base del consenso (ad esempio, ai fini delle notifiche della newsletter) vengono conservati fino alla revoca del consenso. Dopo la scadenza del periodo di conservazione o l'esaurimento dello scopo <strong data-start=\"6898\" data-end=\"6935\">cancellati in modo sicuro o resi anonimi<\/strong>in modo da non poter pi\u00f9 essere identificati in base ad essi.<\/p><h2 data-start=\"6995\" data-end=\"7017\">Diritti individuali<\/h2><p data-start=\"7019\" data-end=\"7140\">In conformit\u00e0 alla legislazione vigente in materia di protezione dei dati, l'utente ha i seguenti diritti in relazione ai propri dati personali <strong data-start=\"7118\" data-end=\"7139\">i seguenti diritti<\/strong>:<\/p><ul data-start=\"7142\" data-end=\"8810\"><li data-start=\"7142\" data-end=\"7306\"><p data-start=\"7144\" data-end=\"7306\"><strong data-start=\"7144\" data-end=\"7167\">Diritto di accesso:<\/strong> Potete chiederci in qualsiasi momento di confermare se stiamo trattando i vostri dati personali e di vedere e ottenere una copia dei vostri dati personali.<\/p><\/li><li data-start=\"7307\" data-end=\"7433\"><p data-start=\"7309\" data-end=\"7433\"><strong data-start=\"7309\" data-end=\"7333\">Diritto di rettifica:<\/strong> L'utente pu\u00f2 richiedere in qualsiasi momento la correzione di dati personali inesatti o incompleti in nostro possesso.<\/p><\/li><li data-start=\"7434\" data-end=\"7726\"><p data-start=\"7436\" data-end=\"7726\"><strong data-start=\"7436\" data-end=\"7459\">Diritto alla cancellazione:<\/strong> Potete richiedere la cancellazione dei vostri dati personali quando non ne abbiamo pi\u00f9 bisogno o se richiesto dalla legge (la cosiddetta \"cancellazione\"). <em data-start=\"7569\" data-end=\"7588\">diritto all'oblio<\/em>Si noti che esistono obblighi di legge (ad esempio, la conservazione delle fatture) che possono obbligarci a non cancellare immediatamente alcuni dati.<\/p><\/li><li data-start=\"7727\" data-end=\"7975\"><p data-start=\"7729\" data-end=\"7975\"><strong data-start=\"7729\" data-end=\"7762\">Diritto alla limitazione del trattamento:<\/strong> in alcuni casi, potete chiederci di limitare temporaneamente il trattamento dei vostri dati (ad esempio, se contestate l'esattezza dei dati - in attesa di una verifica, o se il trattamento \u00e8 illegale e richiedete una limitazione dell'uso invece della cancellazione).<\/p><\/li><li data-start=\"7976\" data-end=\"8353\"><p data-start=\"7978\" data-end=\"8353\"><strong data-start=\"7978\" data-end=\"8017\">Diritto alla portabilit\u00e0 dei dati:<\/strong> avete il diritto di richiedere la trasmissione dei dati personali che ci avete fornito in un formato strutturato, di uso comune e leggibile da una macchina o direttamente a un altro responsabile del trattamento, ove ci\u00f2 sia tecnicamente fattibile (questo vale per i dati trattati con mezzi automatizzati sulla base del vostro consenso o di un contratto).<\/p><\/li><li data-start=\"8354\" data-end=\"8810\"><p data-start=\"8356\" data-end=\"8810\"><strong data-start=\"8356\" data-end=\"8379\">Diritto di opposizione:<\/strong> Avete il diritto di opporvi al trattamento dei vostri dati personali basato sui legittimi interessi del titolare del trattamento o di una terza parte - in tal caso, interromperemo il trattamento a meno che non possiamo dimostrare motivi legittimi impellenti per il trattamento che prevalgono sui vostri interessi. Se utilizziamo i vostri dati per finalit\u00e0 di marketing diretto (ad esempio, newsletter), potete opporvi a tale trattamento in qualsiasi momento e noi interromperemo l'utilizzo dei vostri dati a tale scopo.<\/p><\/li><\/ul><p data-start=\"8812\" data-end=\"9321\">Per far rispettare <strong data-start=\"8829\" data-end=\"8863\">uno qualsiasi di questi diritti<\/strong> potete inviare la vostra richiesta via e-mail a <strong data-start=\"8923\" data-end=\"8951\"><span data-start=\"8925\" data-end=\"8949\">info@alpineberrytale.com<\/span><\/strong> o contattandoci tramite il modulo di contatto sul nostro sito web (se disponibile). Potremmo richiedere ulteriori informazioni all'utente (ad esempio, il numero d'ordine o altre informazioni identificative) ai fini di un'identificazione affidabile nel caso in cui l'utente eserciti i propri diritti, e agiremo in conformit\u00e0 con la legge - risponderemo alla richiesta entro e non oltre un mese dal ricevimento.<\/p><p data-start=\"9323\" data-end=\"9747\">Se pensate che il vostro <strong data-start=\"9345\" data-end=\"9386\">diritti di protezione dei dati violati<\/strong>avete il diritto di presentare un reclamo al Commissario per le informazioni della Repubblica di Slovenia (l'autorit\u00e0 per la protezione dei dati) o a un'autorit\u00e0 di controllo nello Stato membro dell'UE in cui risiedete o in cui si \u00e8 verificata la presunta violazione. Tuttavia, saremo lieti se ci contatterete prima di farlo, in modo da cercare di risolvere la possibile violazione in modo amichevole.<\/p><h2 data-start=\"9749\" data-end=\"9759\">Contatto<\/h2><p data-start=\"9761\" data-end=\"10050\">Possiamo essere contattati per qualsiasi domanda, richiesta o esercizio di diritti in relazione ai dati personali a <strong data-start=\"9878\" data-end=\"9906\"><span data-start=\"9880\" data-end=\"9904\">info@alpineberrytale.com<\/span><\/strong>. Faremo del nostro meglio per rispondere prontamente e aiutarvi a esercitare i vostri diritti o a risolvere qualsiasi confusione sulla nostra politica sulla privacy.<\/p><p data-start=\"10052\" data-end=\"10297\"><em data-start=\"10052\" data-end=\"10296\">La presente Informativa sulla privacy \u00e8 in vigore dalla data di pubblicazione sul sito web e pu\u00f2 essere aggiornata di volta in volta. Eventuali modifiche saranno pubblicate qui a tempo debito. L'uso continuato del sito Web in seguito a eventuali modifiche all'informativa sar\u00e0 considerato come un'accettazione degli aggiornamenti.<\/em><\/p>\t\t\t\t\t\t\t\t<\/div>\n\t\t\t\t<\/div>\n\t\t\t\t\t<\/div>\n\t\t\t\t<\/div>\n\t\t\t\t<\/div>","protected":false},"excerpt":{"rendered":"<p>Politika zasebnosti Zasebnost uporabnikov spletne strani AlpineBerryTale.com jemljemo resno in skrbimo za varstvo osebnih podatkov v skladu z veljavno zakonodajo (Splo\u0161na uredba GDPR in nacionalni zakon o varstvu osebnih podatkov). V nadaljevanju so opisani namen, obseg in na\u010din obdelave osebnih podatkov ter va\u0161e pravice v zvezi z njimi. Upravljalec osebnih podatkov Upravljalec osebnih podatkov, zbranih [&hellip;]<\/p>\n","protected":false},"author":1,"featured_media":0,"parent":0,"menu_order":0,"comment_status":"closed","ping_status":"open","template":"","meta":{"iawp_total_views":28,"footnotes":""},"class_list":["post-3","page","type-page","status-publish","hentry"],"yoast_head":"<!-- This site is optimized with the Yoast SEO plugin v27.5 - https:\/\/yoast.com\/product\/yoast-seo-wordpress\/ -->\n<title>Privacy Policy - Alpine Berrytale<\/title>\n<meta name=\"robots\" content=\"index, follow, max-snippet:-1, max-image-preview:large, max-video-preview:-1\" \/>\n<link rel=\"canonical\" href=\"https:\/\/www.alpineberrytale.com\/it\/informativa-sulla-privacy\/\" \/>\n<meta property=\"og:locale\" content=\"it_IT\" \/>\n<meta property=\"og:type\" content=\"article\" \/>\n<meta property=\"og:title\" content=\"Privacy Policy - Alpine Berrytale\" \/>\n<meta property=\"og:description\" content=\"Politika zasebnosti Zasebnost uporabnikov spletne strani AlpineBerryTale.com jemljemo resno in skrbimo za varstvo osebnih podatkov v skladu z veljavno zakonodajo (Splo\u0161na uredba GDPR in nacionalni zakon o varstvu osebnih podatkov). V nadaljevanju so opisani namen, obseg in na\u010din obdelave osebnih podatkov ter va\u0161e pravice v zvezi z njimi. Upravljalec osebnih podatkov Upravljalec osebnih podatkov, zbranih [&hellip;]\" \/>\n<meta property=\"og:url\" content=\"https:\/\/www.alpineberrytale.com\/it\/informativa-sulla-privacy\/\" \/>\n<meta property=\"og:site_name\" content=\"Alpine Berrytale\" \/>\n<meta property=\"article:modified_time\" content=\"2025-08-31T19:29:33+00:00\" \/>\n<meta name=\"twitter:card\" content=\"summary_large_image\" \/>\n<meta name=\"twitter:label1\" content=\"Tempo di lettura stimato\" \/>\n\t<meta name=\"twitter:data1\" content=\"8 minuti\" \/>\n<script type=\"application\/ld+json\" class=\"yoast-schema-graph\">{\"@context\":\"https:\\\/\\\/schema.org\",\"@graph\":[{\"@type\":\"WebPage\",\"@id\":\"https:\\\/\\\/www.alpineberrytale.com\\\/privacy-policy\\\/\",\"url\":\"https:\\\/\\\/www.alpineberrytale.com\\\/privacy-policy\\\/\",\"name\":\"Privacy Policy - Alpine Berrytale\",\"isPartOf\":{\"@id\":\"https:\\\/\\\/www.alpineberrytale.com\\\/#website\"},\"datePublished\":\"2025-01-11T23:26:40+00:00\",\"dateModified\":\"2025-08-31T19:29:33+00:00\",\"breadcrumb\":{\"@id\":\"https:\\\/\\\/www.alpineberrytale.com\\\/privacy-policy\\\/#breadcrumb\"},\"inLanguage\":\"it-IT\",\"potentialAction\":[{\"@type\":\"ReadAction\",\"target\":[\"https:\\\/\\\/www.alpineberrytale.com\\\/privacy-policy\\\/\"]}]},{\"@type\":\"BreadcrumbList\",\"@id\":\"https:\\\/\\\/www.alpineberrytale.com\\\/privacy-policy\\\/#breadcrumb\",\"itemListElement\":[{\"@type\":\"ListItem\",\"position\":1,\"name\":\"Home\",\"item\":\"https:\\\/\\\/www.alpineberrytale.com\\\/\"},{\"@type\":\"ListItem\",\"position\":2,\"name\":\"Privacy Policy\"}]},{\"@type\":\"WebSite\",\"@id\":\"https:\\\/\\\/www.alpineberrytale.com\\\/#website\",\"url\":\"https:\\\/\\\/www.alpineberrytale.com\\\/\",\"name\":\"Alpine Berrytale\",\"description\":\"Unikatni izdelki iz gozdnih jagod\",\"publisher\":{\"@id\":\"https:\\\/\\\/www.alpineberrytale.com\\\/#organization\"},\"potentialAction\":[{\"@type\":\"SearchAction\",\"target\":{\"@type\":\"EntryPoint\",\"urlTemplate\":\"https:\\\/\\\/www.alpineberrytale.com\\\/?s={search_term_string}\"},\"query-input\":{\"@type\":\"PropertyValueSpecification\",\"valueRequired\":true,\"valueName\":\"search_term_string\"}}],\"inLanguage\":\"it-IT\"},{\"@type\":\"Organization\",\"@id\":\"https:\\\/\\\/www.alpineberrytale.com\\\/#organization\",\"name\":\"Alpine Berrytale\",\"url\":\"https:\\\/\\\/www.alpineberrytale.com\\\/\",\"logo\":{\"@type\":\"ImageObject\",\"inLanguage\":\"it-IT\",\"@id\":\"https:\\\/\\\/www.alpineberrytale.com\\\/#\\\/schema\\\/logo\\\/image\\\/\",\"url\":\"https:\\\/\\\/www.alpineberrytale.com\\\/wp-content\\\/uploads\\\/2025\\\/01\\\/logo-alpske-gozdne-jagode-alpineberrytale.png\",\"contentUrl\":\"https:\\\/\\\/www.alpineberrytale.com\\\/wp-content\\\/uploads\\\/2025\\\/01\\\/logo-alpske-gozdne-jagode-alpineberrytale.png\",\"width\":1000,\"height\":355,\"caption\":\"Alpine Berrytale\"},\"image\":{\"@id\":\"https:\\\/\\\/www.alpineberrytale.com\\\/#\\\/schema\\\/logo\\\/image\\\/\"}}]}<\/script>\n<!-- \/ Yoast SEO plugin. -->","yoast_head_json":{"title":"Informativa sulla privacy - Alpine Berrytale","robots":{"index":"index","follow":"follow","max-snippet":"max-snippet:-1","max-image-preview":"max-image-preview:large","max-video-preview":"max-video-preview:-1"},"canonical":"https:\/\/www.alpineberrytale.com\/it\/informativa-sulla-privacy\/","og_locale":"it_IT","og_type":"article","og_title":"Privacy Policy - Alpine Berrytale","og_description":"Politika zasebnosti Zasebnost uporabnikov spletne strani AlpineBerryTale.com jemljemo resno in skrbimo za varstvo osebnih podatkov v skladu z veljavno zakonodajo (Splo\u0161na uredba GDPR in nacionalni zakon o varstvu osebnih podatkov). V nadaljevanju so opisani namen, obseg in na\u010din obdelave osebnih podatkov ter va\u0161e pravice v zvezi z njimi. Upravljalec osebnih podatkov Upravljalec osebnih podatkov, zbranih [&hellip;]","og_url":"https:\/\/www.alpineberrytale.com\/it\/informativa-sulla-privacy\/","og_site_name":"Alpine Berrytale","article_modified_time":"2025-08-31T19:29:33+00:00","twitter_card":"summary_large_image","twitter_misc":{"Tempo di lettura stimato":"8 minuti"},"schema":{"@context":"https:\/\/schema.org","@graph":[{"@type":"WebPage","@id":"https:\/\/www.alpineberrytale.com\/privacy-policy\/","url":"https:\/\/www.alpineberrytale.com\/privacy-policy\/","name":"Informativa sulla privacy - Alpine Berrytale","isPartOf":{"@id":"https:\/\/www.alpineberrytale.com\/#website"},"datePublished":"2025-01-11T23:26:40+00:00","dateModified":"2025-08-31T19:29:33+00:00","breadcrumb":{"@id":"https:\/\/www.alpineberrytale.com\/privacy-policy\/#breadcrumb"},"inLanguage":"it-IT","potentialAction":[{"@type":"ReadAction","target":["https:\/\/www.alpineberrytale.com\/privacy-policy\/"]}]},{"@type":"BreadcrumbList","@id":"https:\/\/www.alpineberrytale.com\/privacy-policy\/#breadcrumb","itemListElement":[{"@type":"ListItem","position":1,"name":"Home","item":"https:\/\/www.alpineberrytale.com\/"},{"@type":"ListItem","position":2,"name":"Privacy Policy"}]},{"@type":"WebSite","@id":"https:\/\/www.alpineberrytale.com\/#website","url":"https:\/\/www.alpineberrytale.com\/","name":"Bacca alpina","description":"Prodotti unici a base di fragole selvatiche","publisher":{"@id":"https:\/\/www.alpineberrytale.com\/#organization"},"potentialAction":[{"@type":"SearchAction","target":{"@type":"EntryPoint","urlTemplate":"https:\/\/www.alpineberrytale.com\/?s={search_term_string}"},"query-input":{"@type":"PropertyValueSpecification","valueRequired":true,"valueName":"search_term_string"}}],"inLanguage":"it-IT"},{"@type":"Organization","@id":"https:\/\/www.alpineberrytale.com\/#organization","name":"Bacca alpina","url":"https:\/\/www.alpineberrytale.com\/","logo":{"@type":"ImageObject","inLanguage":"it-IT","@id":"https:\/\/www.alpineberrytale.com\/#\/schema\/logo\/image\/","url":"https:\/\/www.alpineberrytale.com\/wp-content\/uploads\/2025\/01\/logo-alpske-gozdne-jagode-alpineberrytale.png","contentUrl":"https:\/\/www.alpineberrytale.com\/wp-content\/uploads\/2025\/01\/logo-alpske-gozdne-jagode-alpineberrytale.png","width":1000,"height":355,"caption":"Alpine Berrytale"},"image":{"@id":"https:\/\/www.alpineberrytale.com\/#\/schema\/logo\/image\/"}}]}},"_links":{"self":[{"href":"https:\/\/www.alpineberrytale.com\/it\/wp-json\/wp\/v2\/pages\/3","targetHints":{"allow":["GET"]}}],"collection":[{"href":"https:\/\/www.alpineberrytale.com\/it\/wp-json\/wp\/v2\/pages"}],"about":[{"href":"https:\/\/www.alpineberrytale.com\/it\/wp-json\/wp\/v2\/types\/page"}],"author":[{"embeddable":true,"href":"https:\/\/www.alpineberrytale.com\/it\/wp-json\/wp\/v2\/users\/1"}],"replies":[{"embeddable":true,"href":"https:\/\/www.alpineberrytale.com\/it\/wp-json\/wp\/v2\/comments?post=3"}],"version-history":[{"count":16,"href":"https:\/\/www.alpineberrytale.com\/it\/wp-json\/wp\/v2\/pages\/3\/revisions"}],"predecessor-version":[{"id":3356,"href":"https:\/\/www.alpineberrytale.com\/it\/wp-json\/wp\/v2\/pages\/3\/revisions\/3356"}],"wp:attachment":[{"href":"https:\/\/www.alpineberrytale.com\/it\/wp-json\/wp\/v2\/media?parent=3"}],"curies":[{"name":"wp","href":"https:\/\/api.w.org\/{rel}","templated":true}]}}