{"id":3163,"date":"2025-09-07T19:06:44","date_gmt":"2025-09-07T19:06:44","guid":{"rendered":"https:\/\/www.alpineberrytale.com\/?post_type=product&#038;p=3163"},"modified":"2026-04-25T20:43:22","modified_gmt":"2026-04-25T20:43:22","slug":"alpine-wild-strawberries-small-gift-pack","status":"publish","type":"product","link":"https:\/\/www.alpineberrytale.com\/en\/shop\/izdelki-iz-gozdnih-jagod\/darilni-paket-alpskih-gozdnih-jagod-mali\/","title":{"rendered":"Gift pack - Freeze-dried Alpine wild strawberries"},"content":{"rendered":"<p data-start=\"151\" data-end=\"188\"><strong data-start=\"155\" data-end=\"188\">Nutrition (per 100 g):<\/strong><\/p>\n<ul data-start=\"189\" data-end=\"516\">\n<li data-start=\"189\" data-end=\"221\">\n<p data-start=\"191\" data-end=\"221\">Energy: 32 kcal<\/p>\n<\/li>\n<li data-start=\"222\" data-end=\"281\">\n<p data-start=\"224\" data-end=\"250\">Carbohydrates: 7,7 g<\/p>\n<ul data-start=\"253\" data-end=\"281\">\n<li data-start=\"253\" data-end=\"281\">\n<p data-start=\"255\" data-end=\"281\">of which sugars: 4,9 g<\/p>\n<\/li>\n<\/ul>\n<\/li>\n<li data-start=\"282\" data-end=\"312\">\n<p data-start=\"284\" data-end=\"312\">Dietary fibre: 2,0 g<\/p>\n<\/li>\n<li data-start=\"313\" data-end=\"335\">\n<p data-start=\"315\" data-end=\"335\">Protein: 0,7 g<\/p>\n<\/li>\n<li data-start=\"336\" data-end=\"386\">\n<p data-start=\"338\" data-end=\"354\">Fat: 0,3 g<\/p>\n<ul data-start=\"357\" data-end=\"386\">\n<li data-start=\"357\" data-end=\"386\">\n<p data-start=\"359\" data-end=\"386\">of which saturated: &lt; 0,1 g<\/p>\n<\/li>\n<\/ul>\n<\/li>\n<li data-start=\"387\" data-end=\"402\">\n<p data-start=\"389\" data-end=\"402\">Sol: 0,01 g<\/p>\n<\/li>\n<li data-start=\"403\" data-end=\"423\">\n<p data-start=\"405\" data-end=\"423\">Vitamin C: 60 mg<\/p>\n<\/li>\n<li data-start=\"424\" data-end=\"441\">\n<p data-start=\"426\" data-end=\"441\">Folate: ~24 \u00b5g<\/p>\n<\/li>\n<li data-start=\"442\" data-end=\"459\">\n<p data-start=\"444\" data-end=\"459\">Potassium: 153 mg<\/p>\n<\/li>\n<li data-start=\"460\" data-end=\"477\">\n<p data-start=\"462\" data-end=\"477\">Calcium: 16 mg<\/p>\n<\/li>\n<li data-start=\"478\" data-end=\"497\">\n<p data-start=\"480\" data-end=\"497\">Magnesium: 13 mg<\/p>\n<\/li>\n<li data-start=\"498\" data-end=\"516\">\n<p data-start=\"500\" data-end=\"516\">Iron: 0,4 mg<\/p>\n<\/li>\n<\/ul>\n<p data-start=\"523\" data-end=\"541\"><strong data-start=\"527\" data-end=\"541\">Ingredients:<\/strong><\/p>\n<ul data-start=\"542\" data-end=\"590\">\n<li data-start=\"542\" data-end=\"590\">\n<p data-start=\"544\" data-end=\"590\">Freeze-dried wild strawberries (<em data-start=\"573\" data-end=\"589\">Fragaria vesca<\/em>)<\/p>\n<\/li>\n<\/ul>\n<p data-start=\"592\" data-end=\"744\">Freeze-drying is a low-temperature drying process that removes water from fruit while preserving flavour, colour, texture, vitamins and antioxidants.<\/p>\n<p data-start=\"751\" data-end=\"779\"><strong data-start=\"755\" data-end=\"779\">Further information:<\/strong><\/p>\n<ul data-start=\"780\" data-end=\"924\">\n<li data-start=\"780\" data-end=\"803\">\n<p data-start=\"782\" data-end=\"803\">100 % Natural product<\/p>\n<\/li>\n<li data-start=\"804\" data-end=\"860\">\n<p data-start=\"806\" data-end=\"860\">Suitable for all age groups and also for diabetics<\/p>\n<\/li>\n<li data-start=\"861\" data-end=\"871\">\n<p data-start=\"863\" data-end=\"871\">Vegan<\/p>\n<\/li>\n<li data-start=\"872\" data-end=\"924\">\n<p data-start=\"874\" data-end=\"924\">No added sugar, preservatives or additives<\/p>\n<\/li>\n<\/ul>\n<p data-start=\"931\" data-end=\"964\"><strong data-start=\"935\" data-end=\"964\">Storage instructions:<\/strong><\/p>\n<p data-start=\"965\" data-end=\"1097\">Store sealed in a dark, dry place at a temperature of 5 to 20 \u00b0C. Do not expose to moisture. Use within 14 days after opening.<\/p>","protected":false},"excerpt":{"rendered":"<p>The perfect gift for your loved ones, a thoughtful gesture for business partners, a talisman for even more success - or a sweet indulgence just for yourself. 100 % Natural freeze-dried wild strawberries, no added sugar or additives.<\/p>","protected":false},"featured_media":3424,"template":"","meta":{"iawp_total_views":42},"product_brand":[],"product_cat":[39,28],"product_tag":[],"class_list":{"0":"post-3163","1":"product","2":"type-product","3":"status-publish","4":"has-post-thumbnail","6":"product_cat-darilni-paketi","7":"product_cat-izdelki-iz-gozdnih-jagod","9":"first","10":"instock","11":"shipping-taxable","12":"purchasable","13":"product-type-variable","14":"has-default-attributes"},"yoast_head":"<!-- This site is optimized with the Yoast SEO plugin v27.5 - https:\/\/yoast.com\/product\/yoast-seo-wordpress\/ -->\n<title>Darilni paket - Liofilizirane Alpske gozdne jagode - Alpine Berrytale<\/title>\n<meta name=\"description\" content=\"Popolno darilo za va\u0161e najbli\u017eje, pozorno gesto za poslovne partnerje, talisman za \u0161e ve\u010d uspehov \u2013 ali pa sladko razvajanje samo zase.\" \/>\n<meta name=\"robots\" content=\"index, follow, max-snippet:-1, max-image-preview:large, max-video-preview:-1\" \/>\n<link rel=\"canonical\" href=\"https:\/\/www.alpineberrytale.com\/en\/shop\/wild-berry-products\/alpine-wild-strawberries-small-gift-pack\/\" \/>\n<meta property=\"og:locale\" content=\"en_GB\" \/>\n<meta property=\"og:type\" content=\"article\" \/>\n<meta property=\"og:title\" content=\"Darilni paket - Liofilizirane Alpske gozdne jagode - Alpine Berrytale\" \/>\n<meta property=\"og:description\" content=\"Popolno darilo za va\u0161e najbli\u017eje, pozorno gesto za poslovne partnerje, talisman za \u0161e ve\u010d uspehov \u2013 ali pa sladko razvajanje samo zase.\" \/>\n<meta property=\"og:url\" content=\"https:\/\/www.alpineberrytale.com\/en\/shop\/wild-berry-products\/alpine-wild-strawberries-small-gift-pack\/\" \/>\n<meta property=\"og:site_name\" content=\"Alpine Berrytale\" \/>\n<meta property=\"article:modified_time\" content=\"2026-04-25T20:43:22+00:00\" \/>\n<meta property=\"og:image\" content=\"https:\/\/www.alpineberrytale.com\/wp-content\/uploads\/2025\/09\/Darilni-paket-liofilizirane-jagode-mali-en-1.jpg\" \/>\n\t<meta property=\"og:image:width\" content=\"1200\" \/>\n\t<meta property=\"og:image:height\" content=\"1200\" \/>\n\t<meta property=\"og:image:type\" content=\"image\/jpeg\" \/>\n<meta name=\"twitter:card\" content=\"summary_large_image\" \/>\n<meta name=\"twitter:label1\" content=\"Estimated reading time\" \/>\n\t<meta name=\"twitter:data1\" content=\"1 minute\" \/>\n<script type=\"application\/ld+json\" class=\"yoast-schema-graph\">{\"@context\":\"https:\\\/\\\/schema.org\",\"@graph\":[{\"@type\":\"WebPage\",\"@id\":\"https:\\\/\\\/www.alpineberrytale.com\\\/shop\\\/izdelki-iz-gozdnih-jagod\\\/darilni-paket-alpskih-gozdnih-jagod-mali\\\/\",\"url\":\"https:\\\/\\\/www.alpineberrytale.com\\\/shop\\\/izdelki-iz-gozdnih-jagod\\\/darilni-paket-alpskih-gozdnih-jagod-mali\\\/\",\"name\":\"Darilni paket - Liofilizirane Alpske gozdne jagode - Alpine Berrytale\",\"isPartOf\":{\"@id\":\"https:\\\/\\\/www.alpineberrytale.com\\\/#website\"},\"primaryImageOfPage\":{\"@id\":\"https:\\\/\\\/www.alpineberrytale.com\\\/shop\\\/izdelki-iz-gozdnih-jagod\\\/darilni-paket-alpskih-gozdnih-jagod-mali\\\/#primaryimage\"},\"image\":{\"@id\":\"https:\\\/\\\/www.alpineberrytale.com\\\/shop\\\/izdelki-iz-gozdnih-jagod\\\/darilni-paket-alpskih-gozdnih-jagod-mali\\\/#primaryimage\"},\"thumbnailUrl\":\"https:\\\/\\\/www.alpineberrytale.com\\\/wp-content\\\/uploads\\\/2025\\\/09\\\/Darilni-paket-liofilizirane-jagode-mali-en-1.jpg\",\"datePublished\":\"2025-09-07T19:06:44+00:00\",\"dateModified\":\"2026-04-25T20:43:22+00:00\",\"description\":\"Popolno darilo za va\u0161e najbli\u017eje, pozorno gesto za poslovne partnerje, talisman za \u0161e ve\u010d uspehov \u2013 ali pa sladko razvajanje samo zase.\",\"breadcrumb\":{\"@id\":\"https:\\\/\\\/www.alpineberrytale.com\\\/shop\\\/izdelki-iz-gozdnih-jagod\\\/darilni-paket-alpskih-gozdnih-jagod-mali\\\/#breadcrumb\"},\"inLanguage\":\"en-GB\",\"potentialAction\":[{\"@type\":\"ReadAction\",\"target\":[\"https:\\\/\\\/www.alpineberrytale.com\\\/shop\\\/izdelki-iz-gozdnih-jagod\\\/darilni-paket-alpskih-gozdnih-jagod-mali\\\/\"]}]},{\"@type\":\"ImageObject\",\"inLanguage\":\"en-GB\",\"@id\":\"https:\\\/\\\/www.alpineberrytale.com\\\/shop\\\/izdelki-iz-gozdnih-jagod\\\/darilni-paket-alpskih-gozdnih-jagod-mali\\\/#primaryimage\",\"url\":\"https:\\\/\\\/www.alpineberrytale.com\\\/wp-content\\\/uploads\\\/2025\\\/09\\\/Darilni-paket-liofilizirane-jagode-mali-en-1.jpg\",\"contentUrl\":\"https:\\\/\\\/www.alpineberrytale.com\\\/wp-content\\\/uploads\\\/2025\\\/09\\\/Darilni-paket-liofilizirane-jagode-mali-en-1.jpg\",\"width\":1200,\"height\":1200},{\"@type\":\"BreadcrumbList\",\"@id\":\"https:\\\/\\\/www.alpineberrytale.com\\\/shop\\\/izdelki-iz-gozdnih-jagod\\\/darilni-paket-alpskih-gozdnih-jagod-mali\\\/#breadcrumb\",\"itemListElement\":[{\"@type\":\"ListItem\",\"position\":1,\"name\":\"Home\",\"item\":\"https:\\\/\\\/www.alpineberrytale.com\\\/\"},{\"@type\":\"ListItem\",\"position\":2,\"name\":\"Trgovina\",\"item\":\"https:\\\/\\\/www.alpineberrytale.com\\\/shop\\\/\"},{\"@type\":\"ListItem\",\"position\":3,\"name\":\"Darilni paket &#8211; Liofilizirane Alpske gozdne jagode\"}]},{\"@type\":\"WebSite\",\"@id\":\"https:\\\/\\\/www.alpineberrytale.com\\\/#website\",\"url\":\"https:\\\/\\\/www.alpineberrytale.com\\\/\",\"name\":\"Alpine Berrytale\",\"description\":\"Unikatni izdelki iz gozdnih jagod\",\"publisher\":{\"@id\":\"https:\\\/\\\/www.alpineberrytale.com\\\/#organization\"},\"potentialAction\":[{\"@type\":\"SearchAction\",\"target\":{\"@type\":\"EntryPoint\",\"urlTemplate\":\"https:\\\/\\\/www.alpineberrytale.com\\\/?s={search_term_string}\"},\"query-input\":{\"@type\":\"PropertyValueSpecification\",\"valueRequired\":true,\"valueName\":\"search_term_string\"}}],\"inLanguage\":\"en-GB\"},{\"@type\":\"Organization\",\"@id\":\"https:\\\/\\\/www.alpineberrytale.com\\\/#organization\",\"name\":\"Alpine Berrytale\",\"url\":\"https:\\\/\\\/www.alpineberrytale.com\\\/\",\"logo\":{\"@type\":\"ImageObject\",\"inLanguage\":\"en-GB\",\"@id\":\"https:\\\/\\\/www.alpineberrytale.com\\\/#\\\/schema\\\/logo\\\/image\\\/\",\"url\":\"https:\\\/\\\/www.alpineberrytale.com\\\/wp-content\\\/uploads\\\/2025\\\/01\\\/logo-alpske-gozdne-jagode-alpineberrytale.png\",\"contentUrl\":\"https:\\\/\\\/www.alpineberrytale.com\\\/wp-content\\\/uploads\\\/2025\\\/01\\\/logo-alpske-gozdne-jagode-alpineberrytale.png\",\"width\":1000,\"height\":355,\"caption\":\"Alpine Berrytale\"},\"image\":{\"@id\":\"https:\\\/\\\/www.alpineberrytale.com\\\/#\\\/schema\\\/logo\\\/image\\\/\"}}]}<\/script>\n<!-- \/ Yoast SEO plugin. -->","yoast_head_json":{"title":"Gift pack - Freeze-dried Alpine Berries - Alpine Berrytale","description":"The perfect gift for your loved ones, a thoughtful gesture for business partners, a talisman for even more success - or a sweet indulgence just for yourself.","robots":{"index":"index","follow":"follow","max-snippet":"max-snippet:-1","max-image-preview":"max-image-preview:large","max-video-preview":"max-video-preview:-1"},"canonical":"https:\/\/www.alpineberrytale.com\/en\/shop\/wild-berry-products\/alpine-wild-strawberries-small-gift-pack\/","og_locale":"en_GB","og_type":"article","og_title":"Darilni paket - Liofilizirane Alpske gozdne jagode - Alpine Berrytale","og_description":"Popolno darilo za va\u0161e najbli\u017eje, pozorno gesto za poslovne partnerje, talisman za \u0161e ve\u010d uspehov \u2013 ali pa sladko razvajanje samo zase.","og_url":"https:\/\/www.alpineberrytale.com\/en\/shop\/wild-berry-products\/alpine-wild-strawberries-small-gift-pack\/","og_site_name":"Alpine Berrytale","article_modified_time":"2026-04-25T20:43:22+00:00","og_image":[{"width":1200,"height":1200,"url":"https:\/\/www.alpineberrytale.com\/wp-content\/uploads\/2025\/09\/Darilni-paket-liofilizirane-jagode-mali-en-1.jpg","type":"image\/jpeg"}],"twitter_card":"summary_large_image","twitter_misc":{"Estimated reading time":"1 minute"},"schema":{"@context":"https:\/\/schema.org","@graph":[{"@type":"WebPage","@id":"https:\/\/www.alpineberrytale.com\/shop\/izdelki-iz-gozdnih-jagod\/darilni-paket-alpskih-gozdnih-jagod-mali\/","url":"https:\/\/www.alpineberrytale.com\/shop\/izdelki-iz-gozdnih-jagod\/darilni-paket-alpskih-gozdnih-jagod-mali\/","name":"Gift pack - Freeze-dried Alpine Berries - Alpine Berrytale","isPartOf":{"@id":"https:\/\/www.alpineberrytale.com\/#website"},"primaryImageOfPage":{"@id":"https:\/\/www.alpineberrytale.com\/shop\/izdelki-iz-gozdnih-jagod\/darilni-paket-alpskih-gozdnih-jagod-mali\/#primaryimage"},"image":{"@id":"https:\/\/www.alpineberrytale.com\/shop\/izdelki-iz-gozdnih-jagod\/darilni-paket-alpskih-gozdnih-jagod-mali\/#primaryimage"},"thumbnailUrl":"https:\/\/www.alpineberrytale.com\/wp-content\/uploads\/2025\/09\/Darilni-paket-liofilizirane-jagode-mali-en-1.jpg","datePublished":"2025-09-07T19:06:44+00:00","dateModified":"2026-04-25T20:43:22+00:00","description":"The perfect gift for your loved ones, a thoughtful gesture for business partners, a talisman for even more success - or a sweet indulgence just for yourself.","breadcrumb":{"@id":"https:\/\/www.alpineberrytale.com\/shop\/izdelki-iz-gozdnih-jagod\/darilni-paket-alpskih-gozdnih-jagod-mali\/#breadcrumb"},"inLanguage":"en-GB","potentialAction":[{"@type":"ReadAction","target":["https:\/\/www.alpineberrytale.com\/shop\/izdelki-iz-gozdnih-jagod\/darilni-paket-alpskih-gozdnih-jagod-mali\/"]}]},{"@type":"ImageObject","inLanguage":"en-GB","@id":"https:\/\/www.alpineberrytale.com\/shop\/izdelki-iz-gozdnih-jagod\/darilni-paket-alpskih-gozdnih-jagod-mali\/#primaryimage","url":"https:\/\/www.alpineberrytale.com\/wp-content\/uploads\/2025\/09\/Darilni-paket-liofilizirane-jagode-mali-en-1.jpg","contentUrl":"https:\/\/www.alpineberrytale.com\/wp-content\/uploads\/2025\/09\/Darilni-paket-liofilizirane-jagode-mali-en-1.jpg","width":1200,"height":1200},{"@type":"BreadcrumbList","@id":"https:\/\/www.alpineberrytale.com\/shop\/izdelki-iz-gozdnih-jagod\/darilni-paket-alpskih-gozdnih-jagod-mali\/#breadcrumb","itemListElement":[{"@type":"ListItem","position":1,"name":"Home","item":"https:\/\/www.alpineberrytale.com\/"},{"@type":"ListItem","position":2,"name":"Trgovina","item":"https:\/\/www.alpineberrytale.com\/shop\/"},{"@type":"ListItem","position":3,"name":"Darilni paket &#8211; Liofilizirane Alpske gozdne jagode"}]},{"@type":"WebSite","@id":"https:\/\/www.alpineberrytale.com\/#website","url":"https:\/\/www.alpineberrytale.com\/","name":"Alpine Berrytale","description":"Unique wild strawberry products","publisher":{"@id":"https:\/\/www.alpineberrytale.com\/#organization"},"potentialAction":[{"@type":"SearchAction","target":{"@type":"EntryPoint","urlTemplate":"https:\/\/www.alpineberrytale.com\/?s={search_term_string}"},"query-input":{"@type":"PropertyValueSpecification","valueRequired":true,"valueName":"search_term_string"}}],"inLanguage":"en-GB"},{"@type":"Organization","@id":"https:\/\/www.alpineberrytale.com\/#organization","name":"Alpine Berrytale","url":"https:\/\/www.alpineberrytale.com\/","logo":{"@type":"ImageObject","inLanguage":"en-GB","@id":"https:\/\/www.alpineberrytale.com\/#\/schema\/logo\/image\/","url":"https:\/\/www.alpineberrytale.com\/wp-content\/uploads\/2025\/01\/logo-alpske-gozdne-jagode-alpineberrytale.png","contentUrl":"https:\/\/www.alpineberrytale.com\/wp-content\/uploads\/2025\/01\/logo-alpske-gozdne-jagode-alpineberrytale.png","width":1000,"height":355,"caption":"Alpine Berrytale"},"image":{"@id":"https:\/\/www.alpineberrytale.com\/#\/schema\/logo\/image\/"}}]}},"_links":{"self":[{"href":"https:\/\/www.alpineberrytale.com\/en\/wp-json\/wp\/v2\/product\/3163","targetHints":{"allow":["GET"]}}],"collection":[{"href":"https:\/\/www.alpineberrytale.com\/en\/wp-json\/wp\/v2\/product"}],"about":[{"href":"https:\/\/www.alpineberrytale.com\/en\/wp-json\/wp\/v2\/types\/product"}],"wp:featuredmedia":[{"embeddable":true,"href":"https:\/\/www.alpineberrytale.com\/en\/wp-json\/wp\/v2\/media\/3424"}],"wp:attachment":[{"href":"https:\/\/www.alpineberrytale.com\/en\/wp-json\/wp\/v2\/media?parent=3163"}],"wp:term":[{"taxonomy":"product_brand","embeddable":true,"href":"https:\/\/www.alpineberrytale.com\/en\/wp-json\/wp\/v2\/product_brand?post=3163"},{"taxonomy":"product_cat","embeddable":true,"href":"https:\/\/www.alpineberrytale.com\/en\/wp-json\/wp\/v2\/product_cat?post=3163"},{"taxonomy":"product_tag","embeddable":true,"href":"https:\/\/www.alpineberrytale.com\/en\/wp-json\/wp\/v2\/product_tag?post=3163"}],"curies":[{"name":"wp","href":"https:\/\/api.w.org\/{rel}","templated":true}]}}