{"id":1307,"date":"2025-05-31T19:53:58","date_gmt":"2025-05-31T19:53:58","guid":{"rendered":"https:\/\/www.alpineberrytale.com\/?post_type=product&#038;p=1307"},"modified":"2025-09-30T20:04:59","modified_gmt":"2025-09-30T20:04:59","slug":"chocolate-covered-wild-strawberries-mesane","status":"publish","type":"product","link":"https:\/\/www.alpineberrytale.com\/en\/shop\/izdelki-iz-gozdnih-jagod\/gozdne-jagode-v-cokoladi-mesane\/","title":{"rendered":"Chocolate covered wild strawberries - mixed"},"content":{"rendered":"<p data-start=\"870\" data-end=\"903\"><strong data-start=\"870\" data-end=\"903\">Nutrition (per 100 g):<\/strong><\/p>\n<ul data-start=\"904\" data-end=\"1106\">\n<li data-start=\"904\" data-end=\"945\">\n<p data-start=\"906\" data-end=\"945\">Energy: 2130 kJ \/ 510 kcal<\/p>\n<\/li>\n<li data-start=\"946\" data-end=\"1011\">\n<p data-start=\"948\" data-end=\"965\">Fat: 34.3 g<\/p>\n<ul data-start=\"968\" data-end=\"1011\">\n<li data-start=\"968\" data-end=\"1011\">\n<p data-start=\"970\" data-end=\"1011\">of which saturates: 20,5 g<\/p>\n<\/li>\n<\/ul>\n<\/li>\n<li data-start=\"1012\" data-end=\"1071\">\n<p data-start=\"1014\" data-end=\"1041\">Carbohydrates: 39.8 g<\/p>\n<ul data-start=\"1044\" data-end=\"1071\">\n<li data-start=\"1044\" data-end=\"1071\">\n<p data-start=\"1046\" data-end=\"1071\">of which sugars: 37,6 g<\/p>\n<\/li>\n<\/ul>\n<\/li>\n<li data-start=\"1072\" data-end=\"1092\">\n<p data-start=\"1074\" data-end=\"1092\">Protein: 7,4 g<\/p>\n<\/li>\n<li data-start=\"1093\" data-end=\"1106\">\n<p data-start=\"1095\" data-end=\"1106\">Sol: 0,01 g<\/p>\n<\/li>\n<\/ul>\n<p data-start=\"421\" data-end=\"435\"><strong data-start=\"421\" data-end=\"435\">Ingredients:<\/strong><\/p>\n<ul data-start=\"436\" data-end=\"868\">\n<li>Freeze-dried wild strawberries (<em data-start=\"851\" data-end=\"867\">Fragaria vesca<\/em>)<\/li>\n<li data-start=\"436\" data-end=\"563\">\n<p data-start=\"438\" data-end=\"563\">White chocolate (30 %): sugar, cocoa butter, milk powder, milk whey powder, emulsifier: soya lecithin, vanilla flavouring<\/p>\n<\/li>\n<li data-start=\"564\" data-end=\"688\">\n<p data-start=\"566\" data-end=\"688\">Milk chocolate (30 %): sugar, cocoa butter, whole milk, cocoa mass, emulsifier: soya lecithin, vanilla flavouring<\/p>\n<\/li>\n<li data-start=\"689\" data-end=\"819\">\n<p data-start=\"691\" data-end=\"819\">Dark chocolate (30 %): sugar, cocoa butter, cocoa mass, low-fat cocoa powder, emulsifier: soya lecithin, vanilla flavouring<\/p>\n<\/li>\n<\/ul>\n<p data-start=\"1108\" data-end=\"1132\"><strong data-start=\"1108\" data-end=\"1132\">Further information:<\/strong><\/p>\n<ul data-start=\"1133\" data-end=\"1313\">\n<li data-start=\"1133\" data-end=\"1214\">\n<p data-start=\"1135\" data-end=\"1214\">Store chocolate at a temperature between 16 and 20 \u00b0C in a dry, dark place.<\/p>\n<\/li>\n<li data-start=\"1215\" data-end=\"1281\">\n<p data-start=\"1217\" data-end=\"1281\">May contain traces of wheat, peanuts, other tree nuts and sesame.<\/p>\n<\/li>\n<li data-start=\"1282\" data-end=\"1313\">\n<p data-start=\"1284\" data-end=\"1313\">Origin (milk chocolate): EU<\/p>\n<\/li>\n<\/ul>","protected":false},"excerpt":{"rendered":"<p>Wild strawberries covered in three types of chocolate: white, milk and dark. The contents of the pack are varied and include all three versions in roughly equal proportions. Available in five different sizes.<\/p>","protected":false},"featured_media":1308,"template":"","meta":{"iawp_total_views":262},"product_brand":[],"product_cat":[28],"product_tag":[],"class_list":{"0":"post-1307","1":"product","2":"type-product","3":"status-publish","4":"has-post-thumbnail","6":"product_cat-izdelki-iz-gozdnih-jagod","8":"first","9":"instock","10":"shipping-taxable","11":"purchasable","12":"product-type-variable","13":"has-default-attributes"},"yoast_head":"<!-- This site is optimized with the Yoast SEO plugin v27.4 - https:\/\/yoast.com\/product\/yoast-seo-wordpress\/ -->\n<title>Gozdne jagode v \u010dokoladi - me\u0161ane - Alpine Berrytale<\/title>\n<meta name=\"description\" content=\"Gozdne jagode oblite v tri vrste \u010dokolade: belo, mle\u010dno in temno. Vsebina pakiranja je raznolika in vklju\u010duje vse tri razli\u010dice v pribli\u017eno enakem razmerju.\" \/>\n<meta name=\"robots\" content=\"index, follow, max-snippet:-1, max-image-preview:large, max-video-preview:-1\" \/>\n<link rel=\"canonical\" href=\"https:\/\/www.alpineberrytale.com\/en\/shop\/wild-berry-products\/chocolate-covered-wild-strawberries-mesane\/\" \/>\n<meta property=\"og:locale\" content=\"en_GB\" \/>\n<meta property=\"og:type\" content=\"article\" \/>\n<meta property=\"og:title\" content=\"Gozdne jagode v \u010dokoladi - me\u0161ane - Alpine Berrytale\" \/>\n<meta property=\"og:description\" content=\"Gozdne jagode oblite v tri vrste \u010dokolade: belo, mle\u010dno in temno. Vsebina pakiranja je raznolika in vklju\u010duje vse tri razli\u010dice v pribli\u017eno enakem razmerju.\" \/>\n<meta property=\"og:url\" content=\"https:\/\/www.alpineberrytale.com\/en\/shop\/wild-berry-products\/chocolate-covered-wild-strawberries-mesane\/\" \/>\n<meta property=\"og:site_name\" content=\"Alpine Berrytale\" \/>\n<meta property=\"article:modified_time\" content=\"2025-09-30T20:04:59+00:00\" \/>\n<meta property=\"og:image\" content=\"https:\/\/www.alpineberrytale.com\/wp-content\/uploads\/2025\/05\/alpske-gozdne-jagode-v-cokoladi-mesane-male-alpineberrytale.jpg\" \/>\n\t<meta property=\"og:image:width\" content=\"1000\" \/>\n\t<meta property=\"og:image:height\" content=\"1000\" \/>\n\t<meta property=\"og:image:type\" content=\"image\/jpeg\" \/>\n<meta name=\"twitter:card\" content=\"summary_large_image\" \/>\n<meta name=\"twitter:label1\" content=\"Estimated reading time\" \/>\n\t<meta name=\"twitter:data1\" content=\"1 minute\" \/>\n<script type=\"application\/ld+json\" class=\"yoast-schema-graph\">{\"@context\":\"https:\\\/\\\/schema.org\",\"@graph\":[{\"@type\":\"WebPage\",\"@id\":\"https:\\\/\\\/www.alpineberrytale.com\\\/shop\\\/izdelki-iz-gozdnih-jagod\\\/gozdne-jagode-v-cokoladi-mesane\\\/\",\"url\":\"https:\\\/\\\/www.alpineberrytale.com\\\/shop\\\/izdelki-iz-gozdnih-jagod\\\/gozdne-jagode-v-cokoladi-mesane\\\/\",\"name\":\"Gozdne jagode v \u010dokoladi - me\u0161ane - Alpine Berrytale\",\"isPartOf\":{\"@id\":\"https:\\\/\\\/www.alpineberrytale.com\\\/#website\"},\"primaryImageOfPage\":{\"@id\":\"https:\\\/\\\/www.alpineberrytale.com\\\/shop\\\/izdelki-iz-gozdnih-jagod\\\/gozdne-jagode-v-cokoladi-mesane\\\/#primaryimage\"},\"image\":{\"@id\":\"https:\\\/\\\/www.alpineberrytale.com\\\/shop\\\/izdelki-iz-gozdnih-jagod\\\/gozdne-jagode-v-cokoladi-mesane\\\/#primaryimage\"},\"thumbnailUrl\":\"https:\\\/\\\/www.alpineberrytale.com\\\/wp-content\\\/uploads\\\/2025\\\/05\\\/alpske-gozdne-jagode-v-cokoladi-mesane-male-alpineberrytale.jpg\",\"datePublished\":\"2025-05-31T19:53:58+00:00\",\"dateModified\":\"2025-09-30T20:04:59+00:00\",\"description\":\"Gozdne jagode oblite v tri vrste \u010dokolade: belo, mle\u010dno in temno. Vsebina pakiranja je raznolika in vklju\u010duje vse tri razli\u010dice v pribli\u017eno enakem razmerju.\",\"breadcrumb\":{\"@id\":\"https:\\\/\\\/www.alpineberrytale.com\\\/shop\\\/izdelki-iz-gozdnih-jagod\\\/gozdne-jagode-v-cokoladi-mesane\\\/#breadcrumb\"},\"inLanguage\":\"en-GB\",\"potentialAction\":[{\"@type\":\"ReadAction\",\"target\":[\"https:\\\/\\\/www.alpineberrytale.com\\\/shop\\\/izdelki-iz-gozdnih-jagod\\\/gozdne-jagode-v-cokoladi-mesane\\\/\"]}]},{\"@type\":\"ImageObject\",\"inLanguage\":\"en-GB\",\"@id\":\"https:\\\/\\\/www.alpineberrytale.com\\\/shop\\\/izdelki-iz-gozdnih-jagod\\\/gozdne-jagode-v-cokoladi-mesane\\\/#primaryimage\",\"url\":\"https:\\\/\\\/www.alpineberrytale.com\\\/wp-content\\\/uploads\\\/2025\\\/05\\\/alpske-gozdne-jagode-v-cokoladi-mesane-male-alpineberrytale.jpg\",\"contentUrl\":\"https:\\\/\\\/www.alpineberrytale.com\\\/wp-content\\\/uploads\\\/2025\\\/05\\\/alpske-gozdne-jagode-v-cokoladi-mesane-male-alpineberrytale.jpg\",\"width\":1000,\"height\":1000,\"caption\":\"Gozdne jagode v \u010dokoladi - Me\u0161ane - Male\"},{\"@type\":\"BreadcrumbList\",\"@id\":\"https:\\\/\\\/www.alpineberrytale.com\\\/shop\\\/izdelki-iz-gozdnih-jagod\\\/gozdne-jagode-v-cokoladi-mesane\\\/#breadcrumb\",\"itemListElement\":[{\"@type\":\"ListItem\",\"position\":1,\"name\":\"Home\",\"item\":\"https:\\\/\\\/www.alpineberrytale.com\\\/\"},{\"@type\":\"ListItem\",\"position\":2,\"name\":\"Trgovina\",\"item\":\"https:\\\/\\\/www.alpineberrytale.com\\\/shop\\\/\"},{\"@type\":\"ListItem\",\"position\":3,\"name\":\"Gozdne jagode v \u010dokoladi &#8211; me\u0161ane\"}]},{\"@type\":\"WebSite\",\"@id\":\"https:\\\/\\\/www.alpineberrytale.com\\\/#website\",\"url\":\"https:\\\/\\\/www.alpineberrytale.com\\\/\",\"name\":\"Alpine Berrytale\",\"description\":\"Unikatni izdelki iz gozdnih jagod\",\"publisher\":{\"@id\":\"https:\\\/\\\/www.alpineberrytale.com\\\/#organization\"},\"potentialAction\":[{\"@type\":\"SearchAction\",\"target\":{\"@type\":\"EntryPoint\",\"urlTemplate\":\"https:\\\/\\\/www.alpineberrytale.com\\\/?s={search_term_string}\"},\"query-input\":{\"@type\":\"PropertyValueSpecification\",\"valueRequired\":true,\"valueName\":\"search_term_string\"}}],\"inLanguage\":\"en-GB\"},{\"@type\":\"Organization\",\"@id\":\"https:\\\/\\\/www.alpineberrytale.com\\\/#organization\",\"name\":\"Alpine Berrytale\",\"url\":\"https:\\\/\\\/www.alpineberrytale.com\\\/\",\"logo\":{\"@type\":\"ImageObject\",\"inLanguage\":\"en-GB\",\"@id\":\"https:\\\/\\\/www.alpineberrytale.com\\\/#\\\/schema\\\/logo\\\/image\\\/\",\"url\":\"https:\\\/\\\/www.alpineberrytale.com\\\/wp-content\\\/uploads\\\/2025\\\/01\\\/logo-alpske-gozdne-jagode-alpineberrytale.png\",\"contentUrl\":\"https:\\\/\\\/www.alpineberrytale.com\\\/wp-content\\\/uploads\\\/2025\\\/01\\\/logo-alpske-gozdne-jagode-alpineberrytale.png\",\"width\":1000,\"height\":355,\"caption\":\"Alpine Berrytale\"},\"image\":{\"@id\":\"https:\\\/\\\/www.alpineberrytale.com\\\/#\\\/schema\\\/logo\\\/image\\\/\"}}]}<\/script>\n<!-- \/ Yoast SEO plugin. -->","yoast_head_json":{"title":"Chocolate Covered Wild Strawberries - Mixed - Alpine Berrytale","description":"Wild strawberries covered in three types of chocolate: white, milk and dark. The contents of the pack are varied and include all three versions in roughly equal proportions.","robots":{"index":"index","follow":"follow","max-snippet":"max-snippet:-1","max-image-preview":"max-image-preview:large","max-video-preview":"max-video-preview:-1"},"canonical":"https:\/\/www.alpineberrytale.com\/en\/shop\/wild-berry-products\/chocolate-covered-wild-strawberries-mesane\/","og_locale":"en_GB","og_type":"article","og_title":"Gozdne jagode v \u010dokoladi - me\u0161ane - Alpine Berrytale","og_description":"Gozdne jagode oblite v tri vrste \u010dokolade: belo, mle\u010dno in temno. Vsebina pakiranja je raznolika in vklju\u010duje vse tri razli\u010dice v pribli\u017eno enakem razmerju.","og_url":"https:\/\/www.alpineberrytale.com\/en\/shop\/wild-berry-products\/chocolate-covered-wild-strawberries-mesane\/","og_site_name":"Alpine Berrytale","article_modified_time":"2025-09-30T20:04:59+00:00","og_image":[{"width":1000,"height":1000,"url":"https:\/\/www.alpineberrytale.com\/wp-content\/uploads\/2025\/05\/alpske-gozdne-jagode-v-cokoladi-mesane-male-alpineberrytale.jpg","type":"image\/jpeg"}],"twitter_card":"summary_large_image","twitter_misc":{"Estimated reading time":"1 minute"},"schema":{"@context":"https:\/\/schema.org","@graph":[{"@type":"WebPage","@id":"https:\/\/www.alpineberrytale.com\/shop\/izdelki-iz-gozdnih-jagod\/gozdne-jagode-v-cokoladi-mesane\/","url":"https:\/\/www.alpineberrytale.com\/shop\/izdelki-iz-gozdnih-jagod\/gozdne-jagode-v-cokoladi-mesane\/","name":"Chocolate Covered Wild Strawberries - Mixed - Alpine Berrytale","isPartOf":{"@id":"https:\/\/www.alpineberrytale.com\/#website"},"primaryImageOfPage":{"@id":"https:\/\/www.alpineberrytale.com\/shop\/izdelki-iz-gozdnih-jagod\/gozdne-jagode-v-cokoladi-mesane\/#primaryimage"},"image":{"@id":"https:\/\/www.alpineberrytale.com\/shop\/izdelki-iz-gozdnih-jagod\/gozdne-jagode-v-cokoladi-mesane\/#primaryimage"},"thumbnailUrl":"https:\/\/www.alpineberrytale.com\/wp-content\/uploads\/2025\/05\/alpske-gozdne-jagode-v-cokoladi-mesane-male-alpineberrytale.jpg","datePublished":"2025-05-31T19:53:58+00:00","dateModified":"2025-09-30T20:04:59+00:00","description":"Wild strawberries covered in three types of chocolate: white, milk and dark. The contents of the pack are varied and include all three versions in roughly equal proportions.","breadcrumb":{"@id":"https:\/\/www.alpineberrytale.com\/shop\/izdelki-iz-gozdnih-jagod\/gozdne-jagode-v-cokoladi-mesane\/#breadcrumb"},"inLanguage":"en-GB","potentialAction":[{"@type":"ReadAction","target":["https:\/\/www.alpineberrytale.com\/shop\/izdelki-iz-gozdnih-jagod\/gozdne-jagode-v-cokoladi-mesane\/"]}]},{"@type":"ImageObject","inLanguage":"en-GB","@id":"https:\/\/www.alpineberrytale.com\/shop\/izdelki-iz-gozdnih-jagod\/gozdne-jagode-v-cokoladi-mesane\/#primaryimage","url":"https:\/\/www.alpineberrytale.com\/wp-content\/uploads\/2025\/05\/alpske-gozdne-jagode-v-cokoladi-mesane-male-alpineberrytale.jpg","contentUrl":"https:\/\/www.alpineberrytale.com\/wp-content\/uploads\/2025\/05\/alpske-gozdne-jagode-v-cokoladi-mesane-male-alpineberrytale.jpg","width":1000,"height":1000,"caption":"Gozdne jagode v \u010dokoladi - Me\u0161ane - Male"},{"@type":"BreadcrumbList","@id":"https:\/\/www.alpineberrytale.com\/shop\/izdelki-iz-gozdnih-jagod\/gozdne-jagode-v-cokoladi-mesane\/#breadcrumb","itemListElement":[{"@type":"ListItem","position":1,"name":"Home","item":"https:\/\/www.alpineberrytale.com\/"},{"@type":"ListItem","position":2,"name":"Trgovina","item":"https:\/\/www.alpineberrytale.com\/shop\/"},{"@type":"ListItem","position":3,"name":"Gozdne jagode v \u010dokoladi &#8211; me\u0161ane"}]},{"@type":"WebSite","@id":"https:\/\/www.alpineberrytale.com\/#website","url":"https:\/\/www.alpineberrytale.com\/","name":"Alpine Berrytale","description":"Unique wild strawberry products","publisher":{"@id":"https:\/\/www.alpineberrytale.com\/#organization"},"potentialAction":[{"@type":"SearchAction","target":{"@type":"EntryPoint","urlTemplate":"https:\/\/www.alpineberrytale.com\/?s={search_term_string}"},"query-input":{"@type":"PropertyValueSpecification","valueRequired":true,"valueName":"search_term_string"}}],"inLanguage":"en-GB"},{"@type":"Organization","@id":"https:\/\/www.alpineberrytale.com\/#organization","name":"Alpine Berrytale","url":"https:\/\/www.alpineberrytale.com\/","logo":{"@type":"ImageObject","inLanguage":"en-GB","@id":"https:\/\/www.alpineberrytale.com\/#\/schema\/logo\/image\/","url":"https:\/\/www.alpineberrytale.com\/wp-content\/uploads\/2025\/01\/logo-alpske-gozdne-jagode-alpineberrytale.png","contentUrl":"https:\/\/www.alpineberrytale.com\/wp-content\/uploads\/2025\/01\/logo-alpske-gozdne-jagode-alpineberrytale.png","width":1000,"height":355,"caption":"Alpine Berrytale"},"image":{"@id":"https:\/\/www.alpineberrytale.com\/#\/schema\/logo\/image\/"}}]}},"_links":{"self":[{"href":"https:\/\/www.alpineberrytale.com\/en\/wp-json\/wp\/v2\/product\/1307","targetHints":{"allow":["GET"]}}],"collection":[{"href":"https:\/\/www.alpineberrytale.com\/en\/wp-json\/wp\/v2\/product"}],"about":[{"href":"https:\/\/www.alpineberrytale.com\/en\/wp-json\/wp\/v2\/types\/product"}],"wp:featuredmedia":[{"embeddable":true,"href":"https:\/\/www.alpineberrytale.com\/en\/wp-json\/wp\/v2\/media\/1308"}],"wp:attachment":[{"href":"https:\/\/www.alpineberrytale.com\/en\/wp-json\/wp\/v2\/media?parent=1307"}],"wp:term":[{"taxonomy":"product_brand","embeddable":true,"href":"https:\/\/www.alpineberrytale.com\/en\/wp-json\/wp\/v2\/product_brand?post=1307"},{"taxonomy":"product_cat","embeddable":true,"href":"https:\/\/www.alpineberrytale.com\/en\/wp-json\/wp\/v2\/product_cat?post=1307"},{"taxonomy":"product_tag","embeddable":true,"href":"https:\/\/www.alpineberrytale.com\/en\/wp-json\/wp\/v2\/product_tag?post=1307"}],"curies":[{"name":"wp","href":"https:\/\/api.w.org\/{rel}","templated":true}]}}