{"id":3174,"date":"2025-09-07T21:00:37","date_gmt":"2025-09-07T21:00:37","guid":{"rendered":"https:\/\/www.alpineberrytale.com\/?post_type=product&#038;p=3174"},"modified":"2026-04-25T20:42:51","modified_gmt":"2026-04-25T20:42:51","slug":"schokoladenuberzogene-alpine-walderdbeeren-als-geschenkpackung","status":"publish","type":"product","link":"https:\/\/www.alpineberrytale.com\/de\/shop\/izdelki-iz-gozdnih-jagod\/darilni-paket-alpske-gozdne-jagode-v-cokoladi\/","title":{"rendered":"Geschenkpaket - Walderdbeeren mit Schokolade \u00fcberzogen"},"content":{"rendered":"<p data-start=\"870\" data-end=\"903\"><strong data-start=\"870\" data-end=\"903\">N\u00e4hrwert (pro 100 g):<\/strong><\/p>\n<ul data-start=\"904\" data-end=\"1106\">\n<li data-start=\"904\" data-end=\"945\">\n<p data-start=\"906\" data-end=\"945\">Energie: 2130 kJ \/ 510 kcal<\/p>\n<\/li>\n<li data-start=\"946\" data-end=\"1011\">\n<p data-start=\"948\" data-end=\"965\">Fett: 34,3 g<\/p>\n<ul data-start=\"968\" data-end=\"1011\">\n<li data-start=\"968\" data-end=\"1011\">\n<p data-start=\"970\" data-end=\"1011\">davon ges\u00e4ttigt: 20,5 g<\/p>\n<\/li>\n<\/ul>\n<\/li>\n<li data-start=\"1012\" data-end=\"1071\">\n<p data-start=\"1014\" data-end=\"1041\">Kohlenhydrate: 39,8 g<\/p>\n<ul data-start=\"1044\" data-end=\"1071\">\n<li data-start=\"1044\" data-end=\"1071\">\n<p data-start=\"1046\" data-end=\"1071\">davon Zucker: 37,6 g<\/p>\n<\/li>\n<\/ul>\n<\/li>\n<li data-start=\"1072\" data-end=\"1092\">\n<p data-start=\"1074\" data-end=\"1092\">Eiwei\u00df: 7,4 g<\/p>\n<\/li>\n<li data-start=\"1093\" data-end=\"1106\">\n<p data-start=\"1095\" data-end=\"1106\">Sol: 0,01 g<\/p>\n<\/li>\n<\/ul>\n<p data-start=\"421\" data-end=\"435\"><strong data-start=\"421\" data-end=\"435\">Zutaten:<\/strong><\/p>\n<ul data-start=\"436\" data-end=\"868\">\n<li>Gefriergetrocknete Walderdbeeren (<em data-start=\"851\" data-end=\"867\">Fragaria vesca<\/em>)<\/li>\n<li data-start=\"436\" data-end=\"563\">\n<p data-start=\"438\" data-end=\"563\">Wei\u00dfe Schokolade (30 %): Zucker, Kakaobutter, Milchpulver, Milchmolkenpulver, Emulgator: Sojalecithin, Vanillearoma<\/p>\n<\/li>\n<li data-start=\"564\" data-end=\"688\">\n<p data-start=\"566\" data-end=\"688\">Vollmilchschokolade (30 %): Zucker, Kakaobutter, Vollmilch, Kakaomasse, Emulgator: Sojalecithin, Vanillearoma<\/p>\n<\/li>\n<li data-start=\"689\" data-end=\"819\">\n<p data-start=\"691\" data-end=\"819\">Dunkle Schokolade (30 %): Zucker, Kakaobutter, Kakaomasse, fettarmes Kakaopulver, Emulgator: Sojalecithin, Vanillearoma<\/p>\n<\/li>\n<\/ul>\n<p data-start=\"1108\" data-end=\"1132\"><strong data-start=\"1108\" data-end=\"1132\">Weitere Informationen:<\/strong><\/p>\n<ul data-start=\"1133\" data-end=\"1313\">\n<li data-start=\"1133\" data-end=\"1214\">\n<p data-start=\"1135\" data-end=\"1214\">Lagern Sie die Schokolade bei einer Temperatur zwischen 16 und 20 \u00b0C an einem trockenen, dunklen Ort.<\/p>\n<\/li>\n<li data-start=\"1215\" data-end=\"1281\">\n<p data-start=\"1217\" data-end=\"1281\">Kann Spuren von Weizen, Erdn\u00fcssen, anderen Schalenfr\u00fcchten und Sesam enthalten.<\/p>\n<\/li>\n<li data-start=\"1282\" data-end=\"1313\">\n<p data-start=\"1284\" data-end=\"1313\">Herkunft (Milchschokolade): EU<\/p>\n<\/li>\n<\/ul>","protected":false},"excerpt":{"rendered":"<p>Das perfekte Geschenk f\u00fcr Ihre Lieben, eine aufmerksame Geste f\u00fcr Gesch\u00e4ftspartner, ein Talisman f\u00fcr noch mehr Erfolg - oder ein s\u00fc\u00dfer Genuss nur f\u00fcr Sie selbst. Walderdbeeren, umh\u00fcllt von drei Schokoladensorten: wei\u00df, Vollmilch und Zartbitter.<\/p>","protected":false},"featured_media":3428,"template":"","meta":{"iawp_total_views":44},"product_brand":[],"product_cat":[39,28],"product_tag":[],"class_list":{"0":"post-3174","1":"product","2":"type-product","3":"status-publish","4":"has-post-thumbnail","6":"product_cat-darilni-paketi","7":"product_cat-izdelki-iz-gozdnih-jagod","9":"first","10":"instock","11":"shipping-taxable","12":"purchasable","13":"product-type-variable","14":"has-default-attributes"},"yoast_head":"<!-- This site is optimized with the Yoast SEO plugin v27.5 - https:\/\/yoast.com\/product\/yoast-seo-wordpress\/ -->\n<title>Darilni paket - Alpske gozdne jagode v \u010dokoladi - Alpine Berrytale<\/title>\n<meta name=\"robots\" content=\"index, follow, max-snippet:-1, max-image-preview:large, max-video-preview:-1\" \/>\n<link rel=\"canonical\" href=\"https:\/\/www.alpineberrytale.com\/de\/shop\/produkte-aus-waldbeeren\/schokoladenuberzogene-alpine-walderdbeeren-als-geschenkpackung\/\" \/>\n<meta property=\"og:locale\" content=\"de_DE\" \/>\n<meta property=\"og:type\" content=\"article\" \/>\n<meta property=\"og:title\" content=\"Darilni paket - Alpske gozdne jagode v \u010dokoladi - Alpine Berrytale\" \/>\n<meta property=\"og:description\" content=\"Popolno darilo za va\u0161e najbli\u017eje, pozorno gesto za poslovne partnerje, talisman za \u0161e ve\u010d uspehov \u2013 ali pa sladko razvajanje samo zase. Gozdne jagode oblite v tri vrste \u010dokolade: belo, mle\u010dno in temno.\" \/>\n<meta property=\"og:url\" content=\"https:\/\/www.alpineberrytale.com\/de\/shop\/produkte-aus-waldbeeren\/schokoladenuberzogene-alpine-walderdbeeren-als-geschenkpackung\/\" \/>\n<meta property=\"og:site_name\" content=\"Alpine Berrytale\" \/>\n<meta property=\"article:modified_time\" content=\"2026-04-25T20:42:51+00:00\" \/>\n<meta property=\"og:image\" content=\"https:\/\/www.alpineberrytale.com\/wp-content\/uploads\/2025\/09\/Darilni-paket-jagode-v-cokoladi-mali-en-1.jpg\" \/>\n\t<meta property=\"og:image:width\" content=\"1200\" \/>\n\t<meta property=\"og:image:height\" content=\"1200\" \/>\n\t<meta property=\"og:image:type\" content=\"image\/jpeg\" \/>\n<meta name=\"twitter:card\" content=\"summary_large_image\" \/>\n<meta name=\"twitter:label1\" content=\"Gesch\u00e4tzte Lesezeit\" \/>\n\t<meta name=\"twitter:data1\" content=\"1\u00a0Minute\" \/>\n<script type=\"application\/ld+json\" class=\"yoast-schema-graph\">{\"@context\":\"https:\\\/\\\/schema.org\",\"@graph\":[{\"@type\":\"WebPage\",\"@id\":\"https:\\\/\\\/www.alpineberrytale.com\\\/shop\\\/izdelki-iz-gozdnih-jagod\\\/darilni-paket-alpske-gozdne-jagode-v-cokoladi\\\/\",\"url\":\"https:\\\/\\\/www.alpineberrytale.com\\\/shop\\\/izdelki-iz-gozdnih-jagod\\\/darilni-paket-alpske-gozdne-jagode-v-cokoladi\\\/\",\"name\":\"Darilni paket - Alpske gozdne jagode v \u010dokoladi - Alpine Berrytale\",\"isPartOf\":{\"@id\":\"https:\\\/\\\/www.alpineberrytale.com\\\/#website\"},\"primaryImageOfPage\":{\"@id\":\"https:\\\/\\\/www.alpineberrytale.com\\\/shop\\\/izdelki-iz-gozdnih-jagod\\\/darilni-paket-alpske-gozdne-jagode-v-cokoladi\\\/#primaryimage\"},\"image\":{\"@id\":\"https:\\\/\\\/www.alpineberrytale.com\\\/shop\\\/izdelki-iz-gozdnih-jagod\\\/darilni-paket-alpske-gozdne-jagode-v-cokoladi\\\/#primaryimage\"},\"thumbnailUrl\":\"https:\\\/\\\/www.alpineberrytale.com\\\/wp-content\\\/uploads\\\/2025\\\/09\\\/Darilni-paket-jagode-v-cokoladi-mali-en-1.jpg\",\"datePublished\":\"2025-09-07T21:00:37+00:00\",\"dateModified\":\"2026-04-25T20:42:51+00:00\",\"breadcrumb\":{\"@id\":\"https:\\\/\\\/www.alpineberrytale.com\\\/shop\\\/izdelki-iz-gozdnih-jagod\\\/darilni-paket-alpske-gozdne-jagode-v-cokoladi\\\/#breadcrumb\"},\"inLanguage\":\"de\",\"potentialAction\":[{\"@type\":\"ReadAction\",\"target\":[\"https:\\\/\\\/www.alpineberrytale.com\\\/shop\\\/izdelki-iz-gozdnih-jagod\\\/darilni-paket-alpske-gozdne-jagode-v-cokoladi\\\/\"]}]},{\"@type\":\"ImageObject\",\"inLanguage\":\"de\",\"@id\":\"https:\\\/\\\/www.alpineberrytale.com\\\/shop\\\/izdelki-iz-gozdnih-jagod\\\/darilni-paket-alpske-gozdne-jagode-v-cokoladi\\\/#primaryimage\",\"url\":\"https:\\\/\\\/www.alpineberrytale.com\\\/wp-content\\\/uploads\\\/2025\\\/09\\\/Darilni-paket-jagode-v-cokoladi-mali-en-1.jpg\",\"contentUrl\":\"https:\\\/\\\/www.alpineberrytale.com\\\/wp-content\\\/uploads\\\/2025\\\/09\\\/Darilni-paket-jagode-v-cokoladi-mali-en-1.jpg\",\"width\":1200,\"height\":1200},{\"@type\":\"BreadcrumbList\",\"@id\":\"https:\\\/\\\/www.alpineberrytale.com\\\/shop\\\/izdelki-iz-gozdnih-jagod\\\/darilni-paket-alpske-gozdne-jagode-v-cokoladi\\\/#breadcrumb\",\"itemListElement\":[{\"@type\":\"ListItem\",\"position\":1,\"name\":\"Home\",\"item\":\"https:\\\/\\\/www.alpineberrytale.com\\\/\"},{\"@type\":\"ListItem\",\"position\":2,\"name\":\"Trgovina\",\"item\":\"https:\\\/\\\/www.alpineberrytale.com\\\/shop\\\/\"},{\"@type\":\"ListItem\",\"position\":3,\"name\":\"Darilni paket &#8211; Alpske gozdne jagode v \u010dokoladi\"}]},{\"@type\":\"WebSite\",\"@id\":\"https:\\\/\\\/www.alpineberrytale.com\\\/#website\",\"url\":\"https:\\\/\\\/www.alpineberrytale.com\\\/\",\"name\":\"Alpine Berrytale\",\"description\":\"Unikatni izdelki iz gozdnih jagod\",\"publisher\":{\"@id\":\"https:\\\/\\\/www.alpineberrytale.com\\\/#organization\"},\"potentialAction\":[{\"@type\":\"SearchAction\",\"target\":{\"@type\":\"EntryPoint\",\"urlTemplate\":\"https:\\\/\\\/www.alpineberrytale.com\\\/?s={search_term_string}\"},\"query-input\":{\"@type\":\"PropertyValueSpecification\",\"valueRequired\":true,\"valueName\":\"search_term_string\"}}],\"inLanguage\":\"de\"},{\"@type\":\"Organization\",\"@id\":\"https:\\\/\\\/www.alpineberrytale.com\\\/#organization\",\"name\":\"Alpine Berrytale\",\"url\":\"https:\\\/\\\/www.alpineberrytale.com\\\/\",\"logo\":{\"@type\":\"ImageObject\",\"inLanguage\":\"de\",\"@id\":\"https:\\\/\\\/www.alpineberrytale.com\\\/#\\\/schema\\\/logo\\\/image\\\/\",\"url\":\"https:\\\/\\\/www.alpineberrytale.com\\\/wp-content\\\/uploads\\\/2025\\\/01\\\/logo-alpske-gozdne-jagode-alpineberrytale.png\",\"contentUrl\":\"https:\\\/\\\/www.alpineberrytale.com\\\/wp-content\\\/uploads\\\/2025\\\/01\\\/logo-alpske-gozdne-jagode-alpineberrytale.png\",\"width\":1000,\"height\":355,\"caption\":\"Alpine Berrytale\"},\"image\":{\"@id\":\"https:\\\/\\\/www.alpineberrytale.com\\\/#\\\/schema\\\/logo\\\/image\\\/\"}}]}<\/script>\n<!-- \/ Yoast SEO plugin. -->","yoast_head_json":{"title":"Geschenkpaket - Alpine Berrytale - Alpine Berrytale","robots":{"index":"index","follow":"follow","max-snippet":"max-snippet:-1","max-image-preview":"max-image-preview:large","max-video-preview":"max-video-preview:-1"},"canonical":"https:\/\/www.alpineberrytale.com\/de\/shop\/produkte-aus-waldbeeren\/schokoladenuberzogene-alpine-walderdbeeren-als-geschenkpackung\/","og_locale":"de_DE","og_type":"article","og_title":"Darilni paket - Alpske gozdne jagode v \u010dokoladi - Alpine Berrytale","og_description":"Popolno darilo za va\u0161e najbli\u017eje, pozorno gesto za poslovne partnerje, talisman za \u0161e ve\u010d uspehov \u2013 ali pa sladko razvajanje samo zase. Gozdne jagode oblite v tri vrste \u010dokolade: belo, mle\u010dno in temno.","og_url":"https:\/\/www.alpineberrytale.com\/de\/shop\/produkte-aus-waldbeeren\/schokoladenuberzogene-alpine-walderdbeeren-als-geschenkpackung\/","og_site_name":"Alpine Berrytale","article_modified_time":"2026-04-25T20:42:51+00:00","og_image":[{"width":1200,"height":1200,"url":"https:\/\/www.alpineberrytale.com\/wp-content\/uploads\/2025\/09\/Darilni-paket-jagode-v-cokoladi-mali-en-1.jpg","type":"image\/jpeg"}],"twitter_card":"summary_large_image","twitter_misc":{"Gesch\u00e4tzte Lesezeit":"1\u00a0Minute"},"schema":{"@context":"https:\/\/schema.org","@graph":[{"@type":"WebPage","@id":"https:\/\/www.alpineberrytale.com\/shop\/izdelki-iz-gozdnih-jagod\/darilni-paket-alpske-gozdne-jagode-v-cokoladi\/","url":"https:\/\/www.alpineberrytale.com\/shop\/izdelki-iz-gozdnih-jagod\/darilni-paket-alpske-gozdne-jagode-v-cokoladi\/","name":"Geschenkpaket - Alpine Berrytale - Alpine Berrytale","isPartOf":{"@id":"https:\/\/www.alpineberrytale.com\/#website"},"primaryImageOfPage":{"@id":"https:\/\/www.alpineberrytale.com\/shop\/izdelki-iz-gozdnih-jagod\/darilni-paket-alpske-gozdne-jagode-v-cokoladi\/#primaryimage"},"image":{"@id":"https:\/\/www.alpineberrytale.com\/shop\/izdelki-iz-gozdnih-jagod\/darilni-paket-alpske-gozdne-jagode-v-cokoladi\/#primaryimage"},"thumbnailUrl":"https:\/\/www.alpineberrytale.com\/wp-content\/uploads\/2025\/09\/Darilni-paket-jagode-v-cokoladi-mali-en-1.jpg","datePublished":"2025-09-07T21:00:37+00:00","dateModified":"2026-04-25T20:42:51+00:00","breadcrumb":{"@id":"https:\/\/www.alpineberrytale.com\/shop\/izdelki-iz-gozdnih-jagod\/darilni-paket-alpske-gozdne-jagode-v-cokoladi\/#breadcrumb"},"inLanguage":"de","potentialAction":[{"@type":"ReadAction","target":["https:\/\/www.alpineberrytale.com\/shop\/izdelki-iz-gozdnih-jagod\/darilni-paket-alpske-gozdne-jagode-v-cokoladi\/"]}]},{"@type":"ImageObject","inLanguage":"de","@id":"https:\/\/www.alpineberrytale.com\/shop\/izdelki-iz-gozdnih-jagod\/darilni-paket-alpske-gozdne-jagode-v-cokoladi\/#primaryimage","url":"https:\/\/www.alpineberrytale.com\/wp-content\/uploads\/2025\/09\/Darilni-paket-jagode-v-cokoladi-mali-en-1.jpg","contentUrl":"https:\/\/www.alpineberrytale.com\/wp-content\/uploads\/2025\/09\/Darilni-paket-jagode-v-cokoladi-mali-en-1.jpg","width":1200,"height":1200},{"@type":"BreadcrumbList","@id":"https:\/\/www.alpineberrytale.com\/shop\/izdelki-iz-gozdnih-jagod\/darilni-paket-alpske-gozdne-jagode-v-cokoladi\/#breadcrumb","itemListElement":[{"@type":"ListItem","position":1,"name":"Home","item":"https:\/\/www.alpineberrytale.com\/"},{"@type":"ListItem","position":2,"name":"Trgovina","item":"https:\/\/www.alpineberrytale.com\/shop\/"},{"@type":"ListItem","position":3,"name":"Darilni paket &#8211; Alpske gozdne jagode v \u010dokoladi"}]},{"@type":"WebSite","@id":"https:\/\/www.alpineberrytale.com\/#website","url":"https:\/\/www.alpineberrytale.com\/","name":"Alpenbeerenstr\u00e4ucher","description":"Einzigartige Walderdbeerprodukte","publisher":{"@id":"https:\/\/www.alpineberrytale.com\/#organization"},"potentialAction":[{"@type":"SearchAction","target":{"@type":"EntryPoint","urlTemplate":"https:\/\/www.alpineberrytale.com\/?s={search_term_string}"},"query-input":{"@type":"PropertyValueSpecification","valueRequired":true,"valueName":"search_term_string"}}],"inLanguage":"de"},{"@type":"Organization","@id":"https:\/\/www.alpineberrytale.com\/#organization","name":"Alpenbeerenstr\u00e4ucher","url":"https:\/\/www.alpineberrytale.com\/","logo":{"@type":"ImageObject","inLanguage":"de","@id":"https:\/\/www.alpineberrytale.com\/#\/schema\/logo\/image\/","url":"https:\/\/www.alpineberrytale.com\/wp-content\/uploads\/2025\/01\/logo-alpske-gozdne-jagode-alpineberrytale.png","contentUrl":"https:\/\/www.alpineberrytale.com\/wp-content\/uploads\/2025\/01\/logo-alpske-gozdne-jagode-alpineberrytale.png","width":1000,"height":355,"caption":"Alpine Berrytale"},"image":{"@id":"https:\/\/www.alpineberrytale.com\/#\/schema\/logo\/image\/"}}]}},"_links":{"self":[{"href":"https:\/\/www.alpineberrytale.com\/de\/wp-json\/wp\/v2\/product\/3174","targetHints":{"allow":["GET"]}}],"collection":[{"href":"https:\/\/www.alpineberrytale.com\/de\/wp-json\/wp\/v2\/product"}],"about":[{"href":"https:\/\/www.alpineberrytale.com\/de\/wp-json\/wp\/v2\/types\/product"}],"wp:featuredmedia":[{"embeddable":true,"href":"https:\/\/www.alpineberrytale.com\/de\/wp-json\/wp\/v2\/media\/3428"}],"wp:attachment":[{"href":"https:\/\/www.alpineberrytale.com\/de\/wp-json\/wp\/v2\/media?parent=3174"}],"wp:term":[{"taxonomy":"product_brand","embeddable":true,"href":"https:\/\/www.alpineberrytale.com\/de\/wp-json\/wp\/v2\/product_brand?post=3174"},{"taxonomy":"product_cat","embeddable":true,"href":"https:\/\/www.alpineberrytale.com\/de\/wp-json\/wp\/v2\/product_cat?post=3174"},{"taxonomy":"product_tag","embeddable":true,"href":"https:\/\/www.alpineberrytale.com\/de\/wp-json\/wp\/v2\/product_tag?post=3174"}],"curies":[{"name":"wp","href":"https:\/\/api.w.org\/{rel}","templated":true}]}}