{"id":1314,"date":"2025-05-31T19:57:20","date_gmt":"2025-05-31T19:57:20","guid":{"rendered":"https:\/\/www.alpineberrytale.com\/?post_type=product&#038;p=1314"},"modified":"2026-04-25T20:25:37","modified_gmt":"2026-04-25T20:25:37","slug":"walderdbeeren-mit-zartbitterschokolade-uberzogen","status":"publish","type":"product","link":"https:\/\/www.alpineberrytale.com\/de\/shop\/izdelki-iz-gozdnih-jagod\/gozdne-jagode-v-temni-cokoladi\/","title":{"rendered":"Walderdbeeren mit Zartbitterschokolade \u00fcberzogen"},"content":{"rendered":"<p data-start=\"870\" data-end=\"903\"><strong data-start=\"870\" data-end=\"903\">N\u00e4hrwert (pro 100 g):<\/strong><\/p>\n<ul data-start=\"904\" data-end=\"1106\">\n<li data-start=\"904\" data-end=\"945\">\n<p data-start=\"906\" data-end=\"945\">Energie: 2130 kJ \/ 510 kcal<\/p>\n<\/li>\n<li data-start=\"946\" data-end=\"1011\">\n<p data-start=\"948\" data-end=\"965\">Fett: 34,3 g<\/p>\n<ul data-start=\"968\" data-end=\"1011\">\n<li data-start=\"968\" data-end=\"1011\">\n<p data-start=\"970\" data-end=\"1011\">davon ges\u00e4ttigt: 20,5 g<\/p>\n<\/li>\n<\/ul>\n<\/li>\n<li data-start=\"1012\" data-end=\"1071\">\n<p data-start=\"1014\" data-end=\"1041\">Kohlenhydrate: 39,8 g<\/p>\n<ul data-start=\"1044\" data-end=\"1071\">\n<li data-start=\"1044\" data-end=\"1071\">\n<p data-start=\"1046\" data-end=\"1071\">davon Zucker: 37,6 g<\/p>\n<\/li>\n<\/ul>\n<\/li>\n<li data-start=\"1072\" data-end=\"1092\">\n<p data-start=\"1074\" data-end=\"1092\">Eiwei\u00df: 7,4 g<\/p>\n<\/li>\n<li data-start=\"1093\" data-end=\"1106\">\n<p data-start=\"1095\" data-end=\"1106\">Sol: 0,01 g<\/p>\n<\/li>\n<\/ul>\n<p data-start=\"421\" data-end=\"435\"><strong data-start=\"421\" data-end=\"435\">Zutaten:<\/strong><\/p>\n<ul data-start=\"436\" data-end=\"868\">\n<li>Gefriergetrocknete Walderdbeeren (<em data-start=\"851\" data-end=\"867\">Fragaria vesca<\/em>)<\/li>\n<li data-start=\"689\" data-end=\"819\">\n<p data-start=\"691\" data-end=\"819\">Dunkle Schokolade (90 %): Zucker, Kakaobutter, Kakaomasse, fettarmes Kakaopulver, Emulgator: Sojalecithin, Vanillearoma<\/p>\n<\/li>\n<\/ul>\n<p data-start=\"1108\" data-end=\"1132\"><strong data-start=\"1108\" data-end=\"1132\">Weitere Informationen:<\/strong><\/p>\n<ul data-start=\"1133\" data-end=\"1313\">\n<li data-start=\"1133\" data-end=\"1214\">\n<p data-start=\"1135\" data-end=\"1214\">Lagern Sie die Schokolade bei einer Temperatur zwischen 16 und 20 \u00b0C an einem trockenen, dunklen Ort.<\/p>\n<\/li>\n<li data-start=\"1215\" data-end=\"1281\">\n<p data-start=\"1217\" data-end=\"1281\">Kann Spuren von Weizen, Erdn\u00fcssen, anderen Schalenfr\u00fcchten und Sesam enthalten.<\/p>\n<\/li>\n<li data-start=\"1282\" data-end=\"1313\">\n<p data-start=\"1284\" data-end=\"1313\">Herkunft (Milchschokolade): EU<\/p>\n<\/li>\n<\/ul>","protected":false},"excerpt":{"rendered":"<p>Die reichhaltige dunkle Schokolade erg\u00e4nzt perfekt die nat\u00fcrliche Fruchtigkeit der Walderdbeeren. Ein eleganter Geschmackskontrast f\u00fcr alle, die einen raffinierten Gaumen haben. Erh\u00e4ltlich in f\u00fcnf verschiedenen Gr\u00f6\u00dfen.<\/p>","protected":false},"featured_media":3421,"template":"","meta":{"iawp_total_views":55},"product_brand":[],"product_cat":[28],"product_tag":[],"class_list":{"0":"post-1314","1":"product","2":"type-product","3":"status-publish","4":"has-post-thumbnail","6":"product_cat-izdelki-iz-gozdnih-jagod","8":"first","9":"instock","10":"shipping-taxable","11":"purchasable","12":"product-type-variable","13":"has-default-attributes"},"yoast_head":"<!-- This site is optimized with the Yoast SEO plugin v27.5 - https:\/\/yoast.com\/product\/yoast-seo-wordpress\/ -->\n<title>Gozdne jagode v temni \u010dokoladi - Alpine Berrytale<\/title>\n<meta name=\"description\" content=\"Bogata temna \u010dokolada se odli\u010dno dopolnjuje z naravno sadnostjo gozdnih jagod. Eleganten kontrast okusov za tiste z bolj prefinjenim okusom.\" \/>\n<meta name=\"robots\" content=\"index, follow, max-snippet:-1, max-image-preview:large, max-video-preview:-1\" \/>\n<link rel=\"canonical\" href=\"https:\/\/www.alpineberrytale.com\/de\/shop\/produkte-aus-waldbeeren\/walderdbeeren-mit-zartbitterschokolade-uberzogen\/\" \/>\n<meta property=\"og:locale\" content=\"de_DE\" \/>\n<meta property=\"og:type\" content=\"article\" \/>\n<meta property=\"og:title\" content=\"Gozdne jagode v temni \u010dokoladi - Alpine Berrytale\" \/>\n<meta property=\"og:description\" content=\"Bogata temna \u010dokolada se odli\u010dno dopolnjuje z naravno sadnostjo gozdnih jagod. Eleganten kontrast okusov za tiste z bolj prefinjenim okusom.\" \/>\n<meta property=\"og:url\" content=\"https:\/\/www.alpineberrytale.com\/de\/shop\/produkte-aus-waldbeeren\/walderdbeeren-mit-zartbitterschokolade-uberzogen\/\" \/>\n<meta property=\"og:site_name\" content=\"Alpine Berrytale\" \/>\n<meta property=\"article:modified_time\" content=\"2026-04-25T20:25:37+00:00\" \/>\n<meta property=\"og:image\" content=\"https:\/\/www.alpineberrytale.com\/wp-content\/uploads\/2025\/05\/alpske-gozdne-jagode-v-temni-cokoladi-mini-alpineberrytale-en.jpg\" \/>\n\t<meta property=\"og:image:width\" content=\"800\" \/>\n\t<meta property=\"og:image:height\" content=\"800\" \/>\n\t<meta property=\"og:image:type\" content=\"image\/jpeg\" \/>\n<meta name=\"twitter:card\" content=\"summary_large_image\" \/>\n<meta name=\"twitter:label1\" content=\"Gesch\u00e4tzte Lesezeit\" \/>\n\t<meta name=\"twitter:data1\" content=\"1\u00a0Minute\" \/>\n<script type=\"application\/ld+json\" class=\"yoast-schema-graph\">{\"@context\":\"https:\\\/\\\/schema.org\",\"@graph\":[{\"@type\":\"WebPage\",\"@id\":\"https:\\\/\\\/www.alpineberrytale.com\\\/shop\\\/izdelki-iz-gozdnih-jagod\\\/gozdne-jagode-v-temni-cokoladi\\\/\",\"url\":\"https:\\\/\\\/www.alpineberrytale.com\\\/shop\\\/izdelki-iz-gozdnih-jagod\\\/gozdne-jagode-v-temni-cokoladi\\\/\",\"name\":\"Gozdne jagode v temni \u010dokoladi - Alpine Berrytale\",\"isPartOf\":{\"@id\":\"https:\\\/\\\/www.alpineberrytale.com\\\/#website\"},\"primaryImageOfPage\":{\"@id\":\"https:\\\/\\\/www.alpineberrytale.com\\\/shop\\\/izdelki-iz-gozdnih-jagod\\\/gozdne-jagode-v-temni-cokoladi\\\/#primaryimage\"},\"image\":{\"@id\":\"https:\\\/\\\/www.alpineberrytale.com\\\/shop\\\/izdelki-iz-gozdnih-jagod\\\/gozdne-jagode-v-temni-cokoladi\\\/#primaryimage\"},\"thumbnailUrl\":\"https:\\\/\\\/www.alpineberrytale.com\\\/wp-content\\\/uploads\\\/2025\\\/05\\\/alpske-gozdne-jagode-v-temni-cokoladi-mini-alpineberrytale-en.jpg\",\"datePublished\":\"2025-05-31T19:57:20+00:00\",\"dateModified\":\"2026-04-25T20:25:37+00:00\",\"description\":\"Bogata temna \u010dokolada se odli\u010dno dopolnjuje z naravno sadnostjo gozdnih jagod. Eleganten kontrast okusov za tiste z bolj prefinjenim okusom.\",\"breadcrumb\":{\"@id\":\"https:\\\/\\\/www.alpineberrytale.com\\\/shop\\\/izdelki-iz-gozdnih-jagod\\\/gozdne-jagode-v-temni-cokoladi\\\/#breadcrumb\"},\"inLanguage\":\"de\",\"potentialAction\":[{\"@type\":\"ReadAction\",\"target\":[\"https:\\\/\\\/www.alpineberrytale.com\\\/shop\\\/izdelki-iz-gozdnih-jagod\\\/gozdne-jagode-v-temni-cokoladi\\\/\"]}]},{\"@type\":\"ImageObject\",\"inLanguage\":\"de\",\"@id\":\"https:\\\/\\\/www.alpineberrytale.com\\\/shop\\\/izdelki-iz-gozdnih-jagod\\\/gozdne-jagode-v-temni-cokoladi\\\/#primaryimage\",\"url\":\"https:\\\/\\\/www.alpineberrytale.com\\\/wp-content\\\/uploads\\\/2025\\\/05\\\/alpske-gozdne-jagode-v-temni-cokoladi-mini-alpineberrytale-en.jpg\",\"contentUrl\":\"https:\\\/\\\/www.alpineberrytale.com\\\/wp-content\\\/uploads\\\/2025\\\/05\\\/alpske-gozdne-jagode-v-temni-cokoladi-mini-alpineberrytale-en.jpg\",\"width\":800,\"height\":800},{\"@type\":\"BreadcrumbList\",\"@id\":\"https:\\\/\\\/www.alpineberrytale.com\\\/shop\\\/izdelki-iz-gozdnih-jagod\\\/gozdne-jagode-v-temni-cokoladi\\\/#breadcrumb\",\"itemListElement\":[{\"@type\":\"ListItem\",\"position\":1,\"name\":\"Home\",\"item\":\"https:\\\/\\\/www.alpineberrytale.com\\\/\"},{\"@type\":\"ListItem\",\"position\":2,\"name\":\"Trgovina\",\"item\":\"https:\\\/\\\/www.alpineberrytale.com\\\/shop\\\/\"},{\"@type\":\"ListItem\",\"position\":3,\"name\":\"Gozdne jagode v temni \u010dokoladi\"}]},{\"@type\":\"WebSite\",\"@id\":\"https:\\\/\\\/www.alpineberrytale.com\\\/#website\",\"url\":\"https:\\\/\\\/www.alpineberrytale.com\\\/\",\"name\":\"Alpine Berrytale\",\"description\":\"Unikatni izdelki iz gozdnih jagod\",\"publisher\":{\"@id\":\"https:\\\/\\\/www.alpineberrytale.com\\\/#organization\"},\"potentialAction\":[{\"@type\":\"SearchAction\",\"target\":{\"@type\":\"EntryPoint\",\"urlTemplate\":\"https:\\\/\\\/www.alpineberrytale.com\\\/?s={search_term_string}\"},\"query-input\":{\"@type\":\"PropertyValueSpecification\",\"valueRequired\":true,\"valueName\":\"search_term_string\"}}],\"inLanguage\":\"de\"},{\"@type\":\"Organization\",\"@id\":\"https:\\\/\\\/www.alpineberrytale.com\\\/#organization\",\"name\":\"Alpine Berrytale\",\"url\":\"https:\\\/\\\/www.alpineberrytale.com\\\/\",\"logo\":{\"@type\":\"ImageObject\",\"inLanguage\":\"de\",\"@id\":\"https:\\\/\\\/www.alpineberrytale.com\\\/#\\\/schema\\\/logo\\\/image\\\/\",\"url\":\"https:\\\/\\\/www.alpineberrytale.com\\\/wp-content\\\/uploads\\\/2025\\\/01\\\/logo-alpske-gozdne-jagode-alpineberrytale.png\",\"contentUrl\":\"https:\\\/\\\/www.alpineberrytale.com\\\/wp-content\\\/uploads\\\/2025\\\/01\\\/logo-alpske-gozdne-jagode-alpineberrytale.png\",\"width\":1000,\"height\":355,\"caption\":\"Alpine Berrytale\"},\"image\":{\"@id\":\"https:\\\/\\\/www.alpineberrytale.com\\\/#\\\/schema\\\/logo\\\/image\\\/\"}}]}<\/script>\n<!-- \/ Yoast SEO plugin. -->","yoast_head_json":{"title":"Walderdbeeren mit Zartbitterschokolade \u00fcberzogen - Alpine Berrytale","description":"Die reichhaltige dunkle Schokolade erg\u00e4nzt perfekt die nat\u00fcrliche Fruchtigkeit der Walderdbeeren. Ein eleganter Geschmackskontrast f\u00fcr alle, die einen raffinierten Gaumen haben.","robots":{"index":"index","follow":"follow","max-snippet":"max-snippet:-1","max-image-preview":"max-image-preview:large","max-video-preview":"max-video-preview:-1"},"canonical":"https:\/\/www.alpineberrytale.com\/de\/shop\/produkte-aus-waldbeeren\/walderdbeeren-mit-zartbitterschokolade-uberzogen\/","og_locale":"de_DE","og_type":"article","og_title":"Gozdne jagode v temni \u010dokoladi - Alpine Berrytale","og_description":"Bogata temna \u010dokolada se odli\u010dno dopolnjuje z naravno sadnostjo gozdnih jagod. Eleganten kontrast okusov za tiste z bolj prefinjenim okusom.","og_url":"https:\/\/www.alpineberrytale.com\/de\/shop\/produkte-aus-waldbeeren\/walderdbeeren-mit-zartbitterschokolade-uberzogen\/","og_site_name":"Alpine Berrytale","article_modified_time":"2026-04-25T20:25:37+00:00","og_image":[{"width":800,"height":800,"url":"https:\/\/www.alpineberrytale.com\/wp-content\/uploads\/2025\/05\/alpske-gozdne-jagode-v-temni-cokoladi-mini-alpineberrytale-en.jpg","type":"image\/jpeg"}],"twitter_card":"summary_large_image","twitter_misc":{"Gesch\u00e4tzte Lesezeit":"1\u00a0Minute"},"schema":{"@context":"https:\/\/schema.org","@graph":[{"@type":"WebPage","@id":"https:\/\/www.alpineberrytale.com\/shop\/izdelki-iz-gozdnih-jagod\/gozdne-jagode-v-temni-cokoladi\/","url":"https:\/\/www.alpineberrytale.com\/shop\/izdelki-iz-gozdnih-jagod\/gozdne-jagode-v-temni-cokoladi\/","name":"Walderdbeeren mit Zartbitterschokolade \u00fcberzogen - Alpine Berrytale","isPartOf":{"@id":"https:\/\/www.alpineberrytale.com\/#website"},"primaryImageOfPage":{"@id":"https:\/\/www.alpineberrytale.com\/shop\/izdelki-iz-gozdnih-jagod\/gozdne-jagode-v-temni-cokoladi\/#primaryimage"},"image":{"@id":"https:\/\/www.alpineberrytale.com\/shop\/izdelki-iz-gozdnih-jagod\/gozdne-jagode-v-temni-cokoladi\/#primaryimage"},"thumbnailUrl":"https:\/\/www.alpineberrytale.com\/wp-content\/uploads\/2025\/05\/alpske-gozdne-jagode-v-temni-cokoladi-mini-alpineberrytale-en.jpg","datePublished":"2025-05-31T19:57:20+00:00","dateModified":"2026-04-25T20:25:37+00:00","description":"Die reichhaltige dunkle Schokolade erg\u00e4nzt perfekt die nat\u00fcrliche Fruchtigkeit der Walderdbeeren. Ein eleganter Geschmackskontrast f\u00fcr alle, die einen raffinierten Gaumen haben.","breadcrumb":{"@id":"https:\/\/www.alpineberrytale.com\/shop\/izdelki-iz-gozdnih-jagod\/gozdne-jagode-v-temni-cokoladi\/#breadcrumb"},"inLanguage":"de","potentialAction":[{"@type":"ReadAction","target":["https:\/\/www.alpineberrytale.com\/shop\/izdelki-iz-gozdnih-jagod\/gozdne-jagode-v-temni-cokoladi\/"]}]},{"@type":"ImageObject","inLanguage":"de","@id":"https:\/\/www.alpineberrytale.com\/shop\/izdelki-iz-gozdnih-jagod\/gozdne-jagode-v-temni-cokoladi\/#primaryimage","url":"https:\/\/www.alpineberrytale.com\/wp-content\/uploads\/2025\/05\/alpske-gozdne-jagode-v-temni-cokoladi-mini-alpineberrytale-en.jpg","contentUrl":"https:\/\/www.alpineberrytale.com\/wp-content\/uploads\/2025\/05\/alpske-gozdne-jagode-v-temni-cokoladi-mini-alpineberrytale-en.jpg","width":800,"height":800},{"@type":"BreadcrumbList","@id":"https:\/\/www.alpineberrytale.com\/shop\/izdelki-iz-gozdnih-jagod\/gozdne-jagode-v-temni-cokoladi\/#breadcrumb","itemListElement":[{"@type":"ListItem","position":1,"name":"Home","item":"https:\/\/www.alpineberrytale.com\/"},{"@type":"ListItem","position":2,"name":"Trgovina","item":"https:\/\/www.alpineberrytale.com\/shop\/"},{"@type":"ListItem","position":3,"name":"Gozdne jagode v temni \u010dokoladi"}]},{"@type":"WebSite","@id":"https:\/\/www.alpineberrytale.com\/#website","url":"https:\/\/www.alpineberrytale.com\/","name":"Alpenbeerenstr\u00e4ucher","description":"Einzigartige Walderdbeerprodukte","publisher":{"@id":"https:\/\/www.alpineberrytale.com\/#organization"},"potentialAction":[{"@type":"SearchAction","target":{"@type":"EntryPoint","urlTemplate":"https:\/\/www.alpineberrytale.com\/?s={search_term_string}"},"query-input":{"@type":"PropertyValueSpecification","valueRequired":true,"valueName":"search_term_string"}}],"inLanguage":"de"},{"@type":"Organization","@id":"https:\/\/www.alpineberrytale.com\/#organization","name":"Alpenbeerenstr\u00e4ucher","url":"https:\/\/www.alpineberrytale.com\/","logo":{"@type":"ImageObject","inLanguage":"de","@id":"https:\/\/www.alpineberrytale.com\/#\/schema\/logo\/image\/","url":"https:\/\/www.alpineberrytale.com\/wp-content\/uploads\/2025\/01\/logo-alpske-gozdne-jagode-alpineberrytale.png","contentUrl":"https:\/\/www.alpineberrytale.com\/wp-content\/uploads\/2025\/01\/logo-alpske-gozdne-jagode-alpineberrytale.png","width":1000,"height":355,"caption":"Alpine Berrytale"},"image":{"@id":"https:\/\/www.alpineberrytale.com\/#\/schema\/logo\/image\/"}}]}},"_links":{"self":[{"href":"https:\/\/www.alpineberrytale.com\/de\/wp-json\/wp\/v2\/product\/1314","targetHints":{"allow":["GET"]}}],"collection":[{"href":"https:\/\/www.alpineberrytale.com\/de\/wp-json\/wp\/v2\/product"}],"about":[{"href":"https:\/\/www.alpineberrytale.com\/de\/wp-json\/wp\/v2\/types\/product"}],"wp:featuredmedia":[{"embeddable":true,"href":"https:\/\/www.alpineberrytale.com\/de\/wp-json\/wp\/v2\/media\/3421"}],"wp:attachment":[{"href":"https:\/\/www.alpineberrytale.com\/de\/wp-json\/wp\/v2\/media?parent=1314"}],"wp:term":[{"taxonomy":"product_brand","embeddable":true,"href":"https:\/\/www.alpineberrytale.com\/de\/wp-json\/wp\/v2\/product_brand?post=1314"},{"taxonomy":"product_cat","embeddable":true,"href":"https:\/\/www.alpineberrytale.com\/de\/wp-json\/wp\/v2\/product_cat?post=1314"},{"taxonomy":"product_tag","embeddable":true,"href":"https:\/\/www.alpineberrytale.com\/de\/wp-json\/wp\/v2\/product_tag?post=1314"}],"curies":[{"name":"wp","href":"https:\/\/api.w.org\/{rel}","templated":true}]}}