{"id":1305,"date":"2025-05-31T19:51:26","date_gmt":"2025-05-31T19:51:26","guid":{"rendered":"https:\/\/www.alpineberrytale.com\/?post_type=product&#038;p=1305"},"modified":"2026-04-25T20:21:20","modified_gmt":"2026-04-25T20:21:20","slug":"walderdbeerpulver","status":"publish","type":"product","link":"https:\/\/www.alpineberrytale.com\/de\/shop\/izdelki-iz-gozdnih-jagod\/gozdne-jagode-v-prahu\/","title":{"rendered":"Walderdbeerpulver"},"content":{"rendered":"<p data-start=\"216\" data-end=\"253\"><strong data-start=\"220\" data-end=\"253\">N\u00e4hrwert (pro 100 g):<\/strong><\/p>\n<ul data-start=\"254\" data-end=\"579\">\n<li data-start=\"254\" data-end=\"286\">\n<p data-start=\"256\" data-end=\"286\">Energie: 32 kcal<\/p>\n<\/li>\n<li data-start=\"287\" data-end=\"309\">\n<p data-start=\"289\" data-end=\"309\">Eiwei\u00df: 0,7 g<\/p>\n<\/li>\n<li data-start=\"310\" data-end=\"360\">\n<p data-start=\"312\" data-end=\"328\">Fett: 0,3 g<\/p>\n<ul data-start=\"331\" data-end=\"360\">\n<li data-start=\"331\" data-end=\"360\">\n<p data-start=\"333\" data-end=\"360\">davon ges\u00e4ttigt: &lt; 0,1 g<\/p>\n<\/li>\n<\/ul>\n<\/li>\n<li data-start=\"361\" data-end=\"420\">\n<p data-start=\"363\" data-end=\"389\">Kohlenhydrate: 7,7 g<\/p>\n<ul data-start=\"392\" data-end=\"420\">\n<li data-start=\"392\" data-end=\"420\">\n<p data-start=\"394\" data-end=\"420\">davon Zucker: 4,9 g<\/p>\n<\/li>\n<\/ul>\n<\/li>\n<li data-start=\"421\" data-end=\"436\">\n<p data-start=\"423\" data-end=\"436\">Sol: 0,01 g<\/p>\n<\/li>\n<li data-start=\"437\" data-end=\"457\">\n<p data-start=\"439\" data-end=\"457\">Vitamin C: 60 mg<\/p>\n<\/li>\n<li data-start=\"458\" data-end=\"475\">\n<p data-start=\"460\" data-end=\"475\">Fols\u00e4ure: ~24 \u00b5g<\/p>\n<\/li>\n<li data-start=\"476\" data-end=\"493\">\n<p data-start=\"478\" data-end=\"493\">Kalium: 153 mg<\/p>\n<\/li>\n<li data-start=\"494\" data-end=\"511\">\n<p data-start=\"496\" data-end=\"511\">Kalzium: 16 mg<\/p>\n<\/li>\n<li data-start=\"512\" data-end=\"531\">\n<p data-start=\"514\" data-end=\"531\">Magnesium: 13 mg<\/p>\n<\/li>\n<li data-start=\"532\" data-end=\"550\">\n<p data-start=\"534\" data-end=\"550\">Eisen: 0,4 mg<\/p>\n<\/li>\n<li data-start=\"551\" data-end=\"579\">\n<p data-start=\"553\" data-end=\"579\">Ballaststoffe: 2,0 g<\/p>\n<\/li>\n<\/ul>\n<p data-start=\"586\" data-end=\"604\"><strong data-start=\"590\" data-end=\"604\">Zutaten:<\/strong><\/p>\n<ul data-start=\"605\" data-end=\"661\">\n<li data-start=\"605\" data-end=\"661\">\n<p data-start=\"607\" data-end=\"661\">Gefriergetrocknete Walderdbeeren (<em data-start=\"636\" data-end=\"652\">Fragaria vesca<\/em>) Pulver<\/p>\n<\/li>\n<\/ul>\n<p data-start=\"663\" data-end=\"815\">Die Gefriertrocknung ist ein Trocknungsverfahren bei niedriger Temperatur, bei dem den Fr\u00fcchten Wasser entzogen wird, w\u00e4hrend Geschmack, Farbe, Struktur, Vitamine und Antioxidantien erhalten bleiben.<\/p>\n<p data-start=\"822\" data-end=\"838\"><strong data-start=\"826\" data-end=\"838\">Anwendung:<\/strong><\/p>\n<p data-start=\"839\" data-end=\"859\">Hervorragend geeignet f\u00fcr:<\/p>\n<ul data-start=\"860\" data-end=\"911\">\n<li data-start=\"860\" data-end=\"871\">\n<p data-start=\"862\" data-end=\"871\">sladolede<\/p>\n<\/li>\n<li data-start=\"872\" data-end=\"881\">\n<p data-start=\"874\" data-end=\"881\">Nachspeisen<\/p>\n<\/li>\n<li data-start=\"882\" data-end=\"889\">\n<p data-start=\"884\" data-end=\"889\">Torten<\/p>\n<\/li>\n<li data-start=\"890\" data-end=\"901\">\n<p data-start=\"892\" data-end=\"901\">Pfannkuchen<\/p>\n<\/li>\n<li data-start=\"902\" data-end=\"911\">\n<p data-start=\"904\" data-end=\"911\">Flocken<\/p>\n<\/li>\n<\/ul>\n<p data-start=\"918\" data-end=\"946\"><strong data-start=\"922\" data-end=\"946\">Weitere Informationen:<\/strong><\/p>\n<ul data-start=\"947\" data-end=\"1091\">\n<li data-start=\"947\" data-end=\"970\">\n<p data-start=\"949\" data-end=\"970\">100 % Naturprodukt<\/p>\n<\/li>\n<li data-start=\"971\" data-end=\"981\">\n<p data-start=\"973\" data-end=\"981\">Vegan<\/p>\n<\/li>\n<li data-start=\"982\" data-end=\"1034\">\n<p data-start=\"984\" data-end=\"1034\">Ohne Zuckerzusatz, Zusatzstoffe oder Konservierungsmittel<\/p>\n<\/li>\n<li data-start=\"1035\" data-end=\"1091\">\n<p data-start=\"1037\" data-end=\"1091\">Geeignet f\u00fcr alle Altersgruppen und auch f\u00fcr Diabetiker<\/p>\n<\/li>\n<\/ul>\n<p data-start=\"1098\" data-end=\"1131\"><strong data-start=\"1102\" data-end=\"1131\">Hinweise zur Lagerung:<\/strong><\/p>\n<p data-start=\"1132\" data-end=\"1246\">Versiegelt an einem dunklen Ort bei Raumtemperatur aufbewahren. Nach dem \u00d6ffnen innerhalb von 14 Tagen aufbrauchen.<\/p>","protected":false},"excerpt":{"rendered":"<p>Walderdbeerpulver mit ausgepr\u00e4gtem Fruchtgeschmack und wunderbarem Aroma - ideal zum Verfeinern von Smoothies, Joghurts, Breien, Desserts oder zum Backen. Ohne Zusatz von Zucker, Farb- oder Zusatzstoffen. Erh\u00e4ltlich in f\u00fcnf verschiedenen Gr\u00f6\u00dfen, damit Sie immer das richtige Ma\u00df f\u00fcr Ihre Kreativit\u00e4t finden.<\/p>","protected":false},"featured_media":3401,"template":"","meta":{"iawp_total_views":174},"product_brand":[],"product_cat":[28],"product_tag":[],"class_list":{"0":"post-1305","1":"product","2":"type-product","3":"status-publish","4":"has-post-thumbnail","6":"product_cat-izdelki-iz-gozdnih-jagod","8":"first","9":"instock","10":"shipping-taxable","11":"purchasable","12":"product-type-variable","13":"has-default-attributes"},"yoast_head":"<!-- This site is optimized with the Yoast SEO plugin v27.5 - https:\/\/yoast.com\/product\/yoast-seo-wordpress\/ -->\n<title>Gozdne jagode v prahu - Alpine Berrytale<\/title>\n<meta name=\"description\" content=\"Gozdne jagode v prahu z izrazitim sadnim okusom in \u010dudovito aromo, popoln za dodajanje v smutije, jogurte, ka\u0161e, sladice ali peko.\" \/>\n<meta name=\"robots\" content=\"index, follow, max-snippet:-1, max-image-preview:large, max-video-preview:-1\" \/>\n<link rel=\"canonical\" href=\"https:\/\/www.alpineberrytale.com\/de\/shop\/produkte-aus-waldbeeren\/walderdbeerpulver\/\" \/>\n<meta property=\"og:locale\" content=\"de_DE\" \/>\n<meta property=\"og:type\" content=\"article\" \/>\n<meta property=\"og:title\" content=\"Gozdne jagode v prahu - Alpine Berrytale\" \/>\n<meta property=\"og:description\" content=\"Gozdne jagode v prahu z izrazitim sadnim okusom in \u010dudovito aromo, popoln za dodajanje v smutije, jogurte, ka\u0161e, sladice ali peko.\" \/>\n<meta property=\"og:url\" content=\"https:\/\/www.alpineberrytale.com\/de\/shop\/produkte-aus-waldbeeren\/walderdbeerpulver\/\" \/>\n<meta property=\"og:site_name\" content=\"Alpine Berrytale\" \/>\n<meta property=\"article:modified_time\" content=\"2026-04-25T20:21:20+00:00\" \/>\n<meta property=\"og:image\" content=\"https:\/\/www.alpineberrytale.com\/wp-content\/uploads\/2025\/05\/alpske-gozdne-jagode-v-prahu-mini-alpineberrytale-en.jpg\" \/>\n\t<meta property=\"og:image:width\" content=\"800\" \/>\n\t<meta property=\"og:image:height\" content=\"800\" \/>\n\t<meta property=\"og:image:type\" content=\"image\/jpeg\" \/>\n<meta name=\"twitter:card\" content=\"summary_large_image\" \/>\n<meta name=\"twitter:label1\" content=\"Gesch\u00e4tzte Lesezeit\" \/>\n\t<meta name=\"twitter:data1\" content=\"1\u00a0Minute\" \/>\n<script type=\"application\/ld+json\" class=\"yoast-schema-graph\">{\"@context\":\"https:\\\/\\\/schema.org\",\"@graph\":[{\"@type\":\"WebPage\",\"@id\":\"https:\\\/\\\/www.alpineberrytale.com\\\/shop\\\/izdelki-iz-gozdnih-jagod\\\/gozdne-jagode-v-prahu\\\/\",\"url\":\"https:\\\/\\\/www.alpineberrytale.com\\\/shop\\\/izdelki-iz-gozdnih-jagod\\\/gozdne-jagode-v-prahu\\\/\",\"name\":\"Gozdne jagode v prahu - Alpine Berrytale\",\"isPartOf\":{\"@id\":\"https:\\\/\\\/www.alpineberrytale.com\\\/#website\"},\"primaryImageOfPage\":{\"@id\":\"https:\\\/\\\/www.alpineberrytale.com\\\/shop\\\/izdelki-iz-gozdnih-jagod\\\/gozdne-jagode-v-prahu\\\/#primaryimage\"},\"image\":{\"@id\":\"https:\\\/\\\/www.alpineberrytale.com\\\/shop\\\/izdelki-iz-gozdnih-jagod\\\/gozdne-jagode-v-prahu\\\/#primaryimage\"},\"thumbnailUrl\":\"https:\\\/\\\/www.alpineberrytale.com\\\/wp-content\\\/uploads\\\/2025\\\/05\\\/alpske-gozdne-jagode-v-prahu-mini-alpineberrytale-en.jpg\",\"datePublished\":\"2025-05-31T19:51:26+00:00\",\"dateModified\":\"2026-04-25T20:21:20+00:00\",\"description\":\"Gozdne jagode v prahu z izrazitim sadnim okusom in \u010dudovito aromo, popoln za dodajanje v smutije, jogurte, ka\u0161e, sladice ali peko.\",\"breadcrumb\":{\"@id\":\"https:\\\/\\\/www.alpineberrytale.com\\\/shop\\\/izdelki-iz-gozdnih-jagod\\\/gozdne-jagode-v-prahu\\\/#breadcrumb\"},\"inLanguage\":\"de\",\"potentialAction\":[{\"@type\":\"ReadAction\",\"target\":[\"https:\\\/\\\/www.alpineberrytale.com\\\/shop\\\/izdelki-iz-gozdnih-jagod\\\/gozdne-jagode-v-prahu\\\/\"]}]},{\"@type\":\"ImageObject\",\"inLanguage\":\"de\",\"@id\":\"https:\\\/\\\/www.alpineberrytale.com\\\/shop\\\/izdelki-iz-gozdnih-jagod\\\/gozdne-jagode-v-prahu\\\/#primaryimage\",\"url\":\"https:\\\/\\\/www.alpineberrytale.com\\\/wp-content\\\/uploads\\\/2025\\\/05\\\/alpske-gozdne-jagode-v-prahu-mini-alpineberrytale-en.jpg\",\"contentUrl\":\"https:\\\/\\\/www.alpineberrytale.com\\\/wp-content\\\/uploads\\\/2025\\\/05\\\/alpske-gozdne-jagode-v-prahu-mini-alpineberrytale-en.jpg\",\"width\":800,\"height\":800},{\"@type\":\"BreadcrumbList\",\"@id\":\"https:\\\/\\\/www.alpineberrytale.com\\\/shop\\\/izdelki-iz-gozdnih-jagod\\\/gozdne-jagode-v-prahu\\\/#breadcrumb\",\"itemListElement\":[{\"@type\":\"ListItem\",\"position\":1,\"name\":\"Home\",\"item\":\"https:\\\/\\\/www.alpineberrytale.com\\\/\"},{\"@type\":\"ListItem\",\"position\":2,\"name\":\"Trgovina\",\"item\":\"https:\\\/\\\/www.alpineberrytale.com\\\/shop\\\/\"},{\"@type\":\"ListItem\",\"position\":3,\"name\":\"Gozdne jagode v prahu\"}]},{\"@type\":\"WebSite\",\"@id\":\"https:\\\/\\\/www.alpineberrytale.com\\\/#website\",\"url\":\"https:\\\/\\\/www.alpineberrytale.com\\\/\",\"name\":\"Alpine Berrytale\",\"description\":\"Unikatni izdelki iz gozdnih jagod\",\"publisher\":{\"@id\":\"https:\\\/\\\/www.alpineberrytale.com\\\/#organization\"},\"potentialAction\":[{\"@type\":\"SearchAction\",\"target\":{\"@type\":\"EntryPoint\",\"urlTemplate\":\"https:\\\/\\\/www.alpineberrytale.com\\\/?s={search_term_string}\"},\"query-input\":{\"@type\":\"PropertyValueSpecification\",\"valueRequired\":true,\"valueName\":\"search_term_string\"}}],\"inLanguage\":\"de\"},{\"@type\":\"Organization\",\"@id\":\"https:\\\/\\\/www.alpineberrytale.com\\\/#organization\",\"name\":\"Alpine Berrytale\",\"url\":\"https:\\\/\\\/www.alpineberrytale.com\\\/\",\"logo\":{\"@type\":\"ImageObject\",\"inLanguage\":\"de\",\"@id\":\"https:\\\/\\\/www.alpineberrytale.com\\\/#\\\/schema\\\/logo\\\/image\\\/\",\"url\":\"https:\\\/\\\/www.alpineberrytale.com\\\/wp-content\\\/uploads\\\/2025\\\/01\\\/logo-alpske-gozdne-jagode-alpineberrytale.png\",\"contentUrl\":\"https:\\\/\\\/www.alpineberrytale.com\\\/wp-content\\\/uploads\\\/2025\\\/01\\\/logo-alpske-gozdne-jagode-alpineberrytale.png\",\"width\":1000,\"height\":355,\"caption\":\"Alpine Berrytale\"},\"image\":{\"@id\":\"https:\\\/\\\/www.alpineberrytale.com\\\/#\\\/schema\\\/logo\\\/image\\\/\"}}]}<\/script>\n<!-- \/ Yoast SEO plugin. -->","yoast_head_json":{"title":"Walderdbeer-Pulver - Alpine Berrytale","description":"Walderdbeerpulver mit ausgepr\u00e4gtem Fruchtgeschmack und wunderbarem Aroma, ideal zum Verfeinern von Smoothies, Joghurts, Breien, Desserts oder zum Backen.","robots":{"index":"index","follow":"follow","max-snippet":"max-snippet:-1","max-image-preview":"max-image-preview:large","max-video-preview":"max-video-preview:-1"},"canonical":"https:\/\/www.alpineberrytale.com\/de\/shop\/produkte-aus-waldbeeren\/walderdbeerpulver\/","og_locale":"de_DE","og_type":"article","og_title":"Gozdne jagode v prahu - Alpine Berrytale","og_description":"Gozdne jagode v prahu z izrazitim sadnim okusom in \u010dudovito aromo, popoln za dodajanje v smutije, jogurte, ka\u0161e, sladice ali peko.","og_url":"https:\/\/www.alpineberrytale.com\/de\/shop\/produkte-aus-waldbeeren\/walderdbeerpulver\/","og_site_name":"Alpine Berrytale","article_modified_time":"2026-04-25T20:21:20+00:00","og_image":[{"width":800,"height":800,"url":"https:\/\/www.alpineberrytale.com\/wp-content\/uploads\/2025\/05\/alpske-gozdne-jagode-v-prahu-mini-alpineberrytale-en.jpg","type":"image\/jpeg"}],"twitter_card":"summary_large_image","twitter_misc":{"Gesch\u00e4tzte Lesezeit":"1\u00a0Minute"},"schema":{"@context":"https:\/\/schema.org","@graph":[{"@type":"WebPage","@id":"https:\/\/www.alpineberrytale.com\/shop\/izdelki-iz-gozdnih-jagod\/gozdne-jagode-v-prahu\/","url":"https:\/\/www.alpineberrytale.com\/shop\/izdelki-iz-gozdnih-jagod\/gozdne-jagode-v-prahu\/","name":"Walderdbeer-Pulver - Alpine Berrytale","isPartOf":{"@id":"https:\/\/www.alpineberrytale.com\/#website"},"primaryImageOfPage":{"@id":"https:\/\/www.alpineberrytale.com\/shop\/izdelki-iz-gozdnih-jagod\/gozdne-jagode-v-prahu\/#primaryimage"},"image":{"@id":"https:\/\/www.alpineberrytale.com\/shop\/izdelki-iz-gozdnih-jagod\/gozdne-jagode-v-prahu\/#primaryimage"},"thumbnailUrl":"https:\/\/www.alpineberrytale.com\/wp-content\/uploads\/2025\/05\/alpske-gozdne-jagode-v-prahu-mini-alpineberrytale-en.jpg","datePublished":"2025-05-31T19:51:26+00:00","dateModified":"2026-04-25T20:21:20+00:00","description":"Walderdbeerpulver mit ausgepr\u00e4gtem Fruchtgeschmack und wunderbarem Aroma, ideal zum Verfeinern von Smoothies, Joghurts, Breien, Desserts oder zum Backen.","breadcrumb":{"@id":"https:\/\/www.alpineberrytale.com\/shop\/izdelki-iz-gozdnih-jagod\/gozdne-jagode-v-prahu\/#breadcrumb"},"inLanguage":"de","potentialAction":[{"@type":"ReadAction","target":["https:\/\/www.alpineberrytale.com\/shop\/izdelki-iz-gozdnih-jagod\/gozdne-jagode-v-prahu\/"]}]},{"@type":"ImageObject","inLanguage":"de","@id":"https:\/\/www.alpineberrytale.com\/shop\/izdelki-iz-gozdnih-jagod\/gozdne-jagode-v-prahu\/#primaryimage","url":"https:\/\/www.alpineberrytale.com\/wp-content\/uploads\/2025\/05\/alpske-gozdne-jagode-v-prahu-mini-alpineberrytale-en.jpg","contentUrl":"https:\/\/www.alpineberrytale.com\/wp-content\/uploads\/2025\/05\/alpske-gozdne-jagode-v-prahu-mini-alpineberrytale-en.jpg","width":800,"height":800},{"@type":"BreadcrumbList","@id":"https:\/\/www.alpineberrytale.com\/shop\/izdelki-iz-gozdnih-jagod\/gozdne-jagode-v-prahu\/#breadcrumb","itemListElement":[{"@type":"ListItem","position":1,"name":"Home","item":"https:\/\/www.alpineberrytale.com\/"},{"@type":"ListItem","position":2,"name":"Trgovina","item":"https:\/\/www.alpineberrytale.com\/shop\/"},{"@type":"ListItem","position":3,"name":"Gozdne jagode v prahu"}]},{"@type":"WebSite","@id":"https:\/\/www.alpineberrytale.com\/#website","url":"https:\/\/www.alpineberrytale.com\/","name":"Alpenbeerenstr\u00e4ucher","description":"Einzigartige Walderdbeerprodukte","publisher":{"@id":"https:\/\/www.alpineberrytale.com\/#organization"},"potentialAction":[{"@type":"SearchAction","target":{"@type":"EntryPoint","urlTemplate":"https:\/\/www.alpineberrytale.com\/?s={search_term_string}"},"query-input":{"@type":"PropertyValueSpecification","valueRequired":true,"valueName":"search_term_string"}}],"inLanguage":"de"},{"@type":"Organization","@id":"https:\/\/www.alpineberrytale.com\/#organization","name":"Alpenbeerenstr\u00e4ucher","url":"https:\/\/www.alpineberrytale.com\/","logo":{"@type":"ImageObject","inLanguage":"de","@id":"https:\/\/www.alpineberrytale.com\/#\/schema\/logo\/image\/","url":"https:\/\/www.alpineberrytale.com\/wp-content\/uploads\/2025\/01\/logo-alpske-gozdne-jagode-alpineberrytale.png","contentUrl":"https:\/\/www.alpineberrytale.com\/wp-content\/uploads\/2025\/01\/logo-alpske-gozdne-jagode-alpineberrytale.png","width":1000,"height":355,"caption":"Alpine Berrytale"},"image":{"@id":"https:\/\/www.alpineberrytale.com\/#\/schema\/logo\/image\/"}}]}},"_links":{"self":[{"href":"https:\/\/www.alpineberrytale.com\/de\/wp-json\/wp\/v2\/product\/1305","targetHints":{"allow":["GET"]}}],"collection":[{"href":"https:\/\/www.alpineberrytale.com\/de\/wp-json\/wp\/v2\/product"}],"about":[{"href":"https:\/\/www.alpineberrytale.com\/de\/wp-json\/wp\/v2\/types\/product"}],"wp:featuredmedia":[{"embeddable":true,"href":"https:\/\/www.alpineberrytale.com\/de\/wp-json\/wp\/v2\/media\/3401"}],"wp:attachment":[{"href":"https:\/\/www.alpineberrytale.com\/de\/wp-json\/wp\/v2\/media?parent=1305"}],"wp:term":[{"taxonomy":"product_brand","embeddable":true,"href":"https:\/\/www.alpineberrytale.com\/de\/wp-json\/wp\/v2\/product_brand?post=1305"},{"taxonomy":"product_cat","embeddable":true,"href":"https:\/\/www.alpineberrytale.com\/de\/wp-json\/wp\/v2\/product_cat?post=1305"},{"taxonomy":"product_tag","embeddable":true,"href":"https:\/\/www.alpineberrytale.com\/de\/wp-json\/wp\/v2\/product_tag?post=1305"}],"curies":[{"name":"wp","href":"https:\/\/api.w.org\/{rel}","templated":true}]}}