{"id":1303,"date":"2025-05-31T19:48:33","date_gmt":"2025-05-31T19:48:33","guid":{"rendered":"https:\/\/www.alpineberrytale.com\/?post_type=product&#038;p=1303"},"modified":"2025-09-30T20:06:02","modified_gmt":"2025-09-30T20:06:02","slug":"musli-mit-walderdbeeren","status":"publish","type":"product","link":"https:\/\/www.alpineberrytale.com\/de\/shop\/izdelki-iz-gozdnih-jagod\/granola-z-gozdnimi-jagodami\/","title":{"rendered":"Granola mit Walderdbeeren"},"content":{"rendered":"<p data-start=\"191\" data-end=\"228\"><strong data-start=\"195\" data-end=\"228\">N\u00e4hrwert (pro 100 g):<\/strong><\/p>\n<ul data-start=\"229\" data-end=\"414\">\n<li data-start=\"229\" data-end=\"264\">\n<p data-start=\"231\" data-end=\"264\">Energie: 376,5 kcal<\/p>\n<\/li>\n<li data-start=\"265\" data-end=\"314\">\n<p data-start=\"267\" data-end=\"284\">Fett: 15,3 g<\/p>\n<ul data-start=\"287\" data-end=\"314\">\n<li data-start=\"287\" data-end=\"314\">\n<p data-start=\"289\" data-end=\"314\">davon ges\u00e4ttigt: 5,6 g<\/p>\n<\/li>\n<\/ul>\n<\/li>\n<li data-start=\"315\" data-end=\"374\">\n<p data-start=\"317\" data-end=\"343\">Kohlenhydrate: 5,6 g<\/p>\n<ul data-start=\"346\" data-end=\"374\">\n<li data-start=\"346\" data-end=\"374\">\n<p data-start=\"348\" data-end=\"374\">davon Zucker: 9,4 g<\/p>\n<\/li>\n<\/ul>\n<\/li>\n<li data-start=\"375\" data-end=\"398\">\n<p data-start=\"377\" data-end=\"398\">Eiwei\u00df: 11,7 g<\/p>\n<\/li>\n<li data-start=\"399\" data-end=\"414\">\n<p data-start=\"401\" data-end=\"414\">Salz: 0,09 g<\/p>\n<\/li>\n<\/ul>\n<p data-start=\"421\" data-end=\"439\"><strong data-start=\"425\" data-end=\"439\">Zutaten:<\/strong><\/p>\n<ul data-start=\"440\" data-end=\"638\">\n<li data-start=\"440\" data-end=\"475\">\n<p data-start=\"442\" data-end=\"475\">Hafer- und Dinkelflocken (47 %)<\/p>\n<\/li>\n<li data-start=\"476\" data-end=\"512\">\n<p data-start=\"478\" data-end=\"512\">Walderdbeeren (<em data-start=\"493\" data-end=\"509\">Fragaria vesca<\/em>)<\/p>\n<\/li>\n<li data-start=\"513\" data-end=\"530\">\n<p data-start=\"515\" data-end=\"530\">Leinsamen<\/p>\n<\/li>\n<li data-start=\"531\" data-end=\"552\">\n<p data-start=\"533\" data-end=\"552\">Hanfsamen<\/p>\n<\/li>\n<li data-start=\"553\" data-end=\"571\">\n<p data-start=\"555\" data-end=\"571\">Dunkle Schokolade<\/p>\n<\/li>\n<li data-start=\"572\" data-end=\"581\">\n<p data-start=\"574\" data-end=\"581\">Zimt<\/p>\n<\/li>\n<li data-start=\"582\" data-end=\"589\">\n<p data-start=\"584\" data-end=\"589\">Sol<\/p>\n<\/li>\n<li data-start=\"590\" data-end=\"620\">\n<p data-start=\"592\" data-end=\"620\">Sonnenblumen- und Kokosnuss\u00f6l<\/p>\n<\/li>\n<li data-start=\"621\" data-end=\"638\">\n<p data-start=\"623\" data-end=\"638\">Bl\u00fchender Honig<\/p>\n<\/li>\n<\/ul>\n<p data-start=\"645\" data-end=\"661\"><strong data-start=\"649\" data-end=\"661\">Anwendung:<\/strong><\/p>\n<p data-start=\"662\" data-end=\"727\">Ideal zum Fr\u00fchst\u00fcck oder als Snack - mit Milch oder Joghurt vermischt.<\/p>\n<p data-start=\"734\" data-end=\"762\"><strong data-start=\"738\" data-end=\"762\">Weitere Informationen:<\/strong><\/p>\n<ul data-start=\"763\" data-end=\"921\">\n<li data-start=\"763\" data-end=\"834\">\n<p data-start=\"765\" data-end=\"834\">Bei einer Temperatur zwischen 5 und 20 \u00b0C an einem trockenen, dunklen Ort aufbewahren<\/p>\n<\/li>\n<li data-start=\"835\" data-end=\"921\">\n<p data-start=\"837\" data-end=\"921\">Kann Spuren enthalten von: <strong data-start=\"858\" data-end=\"921\">Weizen, Erdn\u00fcsse, andere Baumn\u00fcsse, Soja, Sesam und Gluten<\/strong><\/p>\n<\/li>\n<\/ul>","protected":false},"excerpt":{"rendered":"<p>Der Geschmack von Walderdbeeren verleiht diesem knusprigen Granola mit ausgew\u00e4hlten Haferflocken, N\u00fcssen und Samen eine frische und fruchtige Note. Die perfekte Wahl zum Fr\u00fchst\u00fcck oder als Snack ohne raffinierten Zucker und k\u00fcnstliche Zusatzstoffe. Erh\u00e4ltlich in f\u00fcnf verschiedenen Gr\u00f6\u00dfen<\/p>","protected":false},"featured_media":1167,"template":"","meta":{"iawp_total_views":174},"product_brand":[],"product_cat":[28],"product_tag":[],"class_list":{"0":"post-1303","1":"product","2":"type-product","3":"status-publish","4":"has-post-thumbnail","6":"product_cat-izdelki-iz-gozdnih-jagod","8":"first","9":"instock","10":"shipping-taxable","11":"purchasable","12":"product-type-variable","13":"has-default-attributes"},"yoast_head":"<!-- This site is optimized with the Yoast SEO plugin v27.4 - https:\/\/yoast.com\/product\/yoast-seo-wordpress\/ -->\n<title>Granola z gozdnimi jagodami - Alpine Berrytale<\/title>\n<meta name=\"description\" content=\"Okus gozdnih jagod poskrbi za sve\u017e in sadni pridih tej hrustljavi granoli. Popolna izbira za zajtrk ali prigrizek brez umetnih dodatkov.\" \/>\n<meta name=\"robots\" content=\"index, follow, max-snippet:-1, max-image-preview:large, max-video-preview:-1\" \/>\n<link rel=\"canonical\" href=\"https:\/\/www.alpineberrytale.com\/de\/shop\/produkte-aus-waldbeeren\/musli-mit-walderdbeeren\/\" \/>\n<meta property=\"og:locale\" content=\"de_DE\" \/>\n<meta property=\"og:type\" content=\"article\" \/>\n<meta property=\"og:title\" content=\"Granola z gozdnimi jagodami - Alpine Berrytale\" \/>\n<meta property=\"og:description\" content=\"Okus gozdnih jagod poskrbi za sve\u017e in sadni pridih tej hrustljavi granoli. Popolna izbira za zajtrk ali prigrizek brez umetnih dodatkov.\" \/>\n<meta property=\"og:url\" content=\"https:\/\/www.alpineberrytale.com\/de\/shop\/produkte-aus-waldbeeren\/musli-mit-walderdbeeren\/\" \/>\n<meta property=\"og:site_name\" content=\"Alpine Berrytale\" \/>\n<meta property=\"article:modified_time\" content=\"2025-09-30T20:06:02+00:00\" \/>\n<meta property=\"og:image\" content=\"https:\/\/www.alpineberrytale.com\/wp-content\/uploads\/2025\/05\/alpske-gozdne-jagode-granola-alpineberrytale.jpg\" \/>\n\t<meta property=\"og:image:width\" content=\"1000\" \/>\n\t<meta property=\"og:image:height\" content=\"1000\" \/>\n\t<meta property=\"og:image:type\" content=\"image\/jpeg\" \/>\n<meta name=\"twitter:card\" content=\"summary_large_image\" \/>\n<meta name=\"twitter:label1\" content=\"Gesch\u00e4tzte Lesezeit\" \/>\n\t<meta name=\"twitter:data1\" content=\"1\u00a0Minute\" \/>\n<script type=\"application\/ld+json\" class=\"yoast-schema-graph\">{\"@context\":\"https:\\\/\\\/schema.org\",\"@graph\":[{\"@type\":\"WebPage\",\"@id\":\"https:\\\/\\\/www.alpineberrytale.com\\\/en\\\/shop\\\/izdelki-iz-gozdnih-jagod\\\/granola-z-gozdnimi-jagodami\\\/\",\"url\":\"https:\\\/\\\/www.alpineberrytale.com\\\/en\\\/shop\\\/izdelki-iz-gozdnih-jagod\\\/granola-z-gozdnimi-jagodami\\\/\",\"name\":\"Granola z gozdnimi jagodami - Alpine Berrytale\",\"isPartOf\":{\"@id\":\"https:\\\/\\\/www.alpineberrytale.com\\\/#website\"},\"primaryImageOfPage\":{\"@id\":\"https:\\\/\\\/www.alpineberrytale.com\\\/en\\\/shop\\\/izdelki-iz-gozdnih-jagod\\\/granola-z-gozdnimi-jagodami\\\/#primaryimage\"},\"image\":{\"@id\":\"https:\\\/\\\/www.alpineberrytale.com\\\/en\\\/shop\\\/izdelki-iz-gozdnih-jagod\\\/granola-z-gozdnimi-jagodami\\\/#primaryimage\"},\"thumbnailUrl\":\"https:\\\/\\\/www.alpineberrytale.com\\\/wp-content\\\/uploads\\\/2025\\\/05\\\/alpske-gozdne-jagode-granola-alpineberrytale.jpg\",\"datePublished\":\"2025-05-31T19:48:33+00:00\",\"dateModified\":\"2025-09-30T20:06:02+00:00\",\"description\":\"Okus gozdnih jagod poskrbi za sve\u017e in sadni pridih tej hrustljavi granoli. Popolna izbira za zajtrk ali prigrizek brez umetnih dodatkov.\",\"breadcrumb\":{\"@id\":\"https:\\\/\\\/www.alpineberrytale.com\\\/en\\\/shop\\\/izdelki-iz-gozdnih-jagod\\\/granola-z-gozdnimi-jagodami\\\/#breadcrumb\"},\"inLanguage\":\"de\",\"potentialAction\":[{\"@type\":\"ReadAction\",\"target\":[\"https:\\\/\\\/www.alpineberrytale.com\\\/en\\\/shop\\\/izdelki-iz-gozdnih-jagod\\\/granola-z-gozdnimi-jagodami\\\/\"]}]},{\"@type\":\"ImageObject\",\"inLanguage\":\"de\",\"@id\":\"https:\\\/\\\/www.alpineberrytale.com\\\/en\\\/shop\\\/izdelki-iz-gozdnih-jagod\\\/granola-z-gozdnimi-jagodami\\\/#primaryimage\",\"url\":\"https:\\\/\\\/www.alpineberrytale.com\\\/wp-content\\\/uploads\\\/2025\\\/05\\\/alpske-gozdne-jagode-granola-alpineberrytale.jpg\",\"contentUrl\":\"https:\\\/\\\/www.alpineberrytale.com\\\/wp-content\\\/uploads\\\/2025\\\/05\\\/alpske-gozdne-jagode-granola-alpineberrytale.jpg\",\"width\":1000,\"height\":1000},{\"@type\":\"BreadcrumbList\",\"@id\":\"https:\\\/\\\/www.alpineberrytale.com\\\/en\\\/shop\\\/izdelki-iz-gozdnih-jagod\\\/granola-z-gozdnimi-jagodami\\\/#breadcrumb\",\"itemListElement\":[{\"@type\":\"ListItem\",\"position\":1,\"name\":\"Home\",\"item\":\"https:\\\/\\\/www.alpineberrytale.com\\\/\"},{\"@type\":\"ListItem\",\"position\":2,\"name\":\"Trgovina\",\"item\":\"https:\\\/\\\/www.alpineberrytale.com\\\/shop\\\/\"},{\"@type\":\"ListItem\",\"position\":3,\"name\":\"Granola z gozdnimi jagodami\"}]},{\"@type\":\"WebSite\",\"@id\":\"https:\\\/\\\/www.alpineberrytale.com\\\/#website\",\"url\":\"https:\\\/\\\/www.alpineberrytale.com\\\/\",\"name\":\"Alpine Berrytale\",\"description\":\"Unikatni izdelki iz gozdnih jagod\",\"publisher\":{\"@id\":\"https:\\\/\\\/www.alpineberrytale.com\\\/#organization\"},\"potentialAction\":[{\"@type\":\"SearchAction\",\"target\":{\"@type\":\"EntryPoint\",\"urlTemplate\":\"https:\\\/\\\/www.alpineberrytale.com\\\/?s={search_term_string}\"},\"query-input\":{\"@type\":\"PropertyValueSpecification\",\"valueRequired\":true,\"valueName\":\"search_term_string\"}}],\"inLanguage\":\"de\"},{\"@type\":\"Organization\",\"@id\":\"https:\\\/\\\/www.alpineberrytale.com\\\/#organization\",\"name\":\"Alpine Berrytale\",\"url\":\"https:\\\/\\\/www.alpineberrytale.com\\\/\",\"logo\":{\"@type\":\"ImageObject\",\"inLanguage\":\"de\",\"@id\":\"https:\\\/\\\/www.alpineberrytale.com\\\/#\\\/schema\\\/logo\\\/image\\\/\",\"url\":\"https:\\\/\\\/www.alpineberrytale.com\\\/wp-content\\\/uploads\\\/2025\\\/01\\\/logo-alpske-gozdne-jagode-alpineberrytale.png\",\"contentUrl\":\"https:\\\/\\\/www.alpineberrytale.com\\\/wp-content\\\/uploads\\\/2025\\\/01\\\/logo-alpske-gozdne-jagode-alpineberrytale.png\",\"width\":1000,\"height\":355,\"caption\":\"Alpine Berrytale\"},\"image\":{\"@id\":\"https:\\\/\\\/www.alpineberrytale.com\\\/#\\\/schema\\\/logo\\\/image\\\/\"}}]}<\/script>\n<!-- \/ Yoast SEO plugin. -->","yoast_head_json":{"title":"M\u00fcsli mit Waldbeeren - Alpine Berrytale","description":"Der Geschmack von Walderdbeeren verleiht diesem knusprigen Granola eine frische und fruchtige Note. Eine perfekte Wahl zum Fr\u00fchst\u00fcck oder als Snack ohne k\u00fcnstliche Zusatzstoffe.","robots":{"index":"index","follow":"follow","max-snippet":"max-snippet:-1","max-image-preview":"max-image-preview:large","max-video-preview":"max-video-preview:-1"},"canonical":"https:\/\/www.alpineberrytale.com\/de\/shop\/produkte-aus-waldbeeren\/musli-mit-walderdbeeren\/","og_locale":"de_DE","og_type":"article","og_title":"Granola z gozdnimi jagodami - Alpine Berrytale","og_description":"Okus gozdnih jagod poskrbi za sve\u017e in sadni pridih tej hrustljavi granoli. Popolna izbira za zajtrk ali prigrizek brez umetnih dodatkov.","og_url":"https:\/\/www.alpineberrytale.com\/de\/shop\/produkte-aus-waldbeeren\/musli-mit-walderdbeeren\/","og_site_name":"Alpine Berrytale","article_modified_time":"2025-09-30T20:06:02+00:00","og_image":[{"width":1000,"height":1000,"url":"https:\/\/www.alpineberrytale.com\/wp-content\/uploads\/2025\/05\/alpske-gozdne-jagode-granola-alpineberrytale.jpg","type":"image\/jpeg"}],"twitter_card":"summary_large_image","twitter_misc":{"Gesch\u00e4tzte Lesezeit":"1\u00a0Minute"},"schema":{"@context":"https:\/\/schema.org","@graph":[{"@type":"WebPage","@id":"https:\/\/www.alpineberrytale.com\/en\/shop\/izdelki-iz-gozdnih-jagod\/granola-z-gozdnimi-jagodami\/","url":"https:\/\/www.alpineberrytale.com\/en\/shop\/izdelki-iz-gozdnih-jagod\/granola-z-gozdnimi-jagodami\/","name":"M\u00fcsli mit Waldbeeren - Alpine Berrytale","isPartOf":{"@id":"https:\/\/www.alpineberrytale.com\/#website"},"primaryImageOfPage":{"@id":"https:\/\/www.alpineberrytale.com\/en\/shop\/izdelki-iz-gozdnih-jagod\/granola-z-gozdnimi-jagodami\/#primaryimage"},"image":{"@id":"https:\/\/www.alpineberrytale.com\/en\/shop\/izdelki-iz-gozdnih-jagod\/granola-z-gozdnimi-jagodami\/#primaryimage"},"thumbnailUrl":"https:\/\/www.alpineberrytale.com\/wp-content\/uploads\/2025\/05\/alpske-gozdne-jagode-granola-alpineberrytale.jpg","datePublished":"2025-05-31T19:48:33+00:00","dateModified":"2025-09-30T20:06:02+00:00","description":"Der Geschmack von Walderdbeeren verleiht diesem knusprigen Granola eine frische und fruchtige Note. Eine perfekte Wahl zum Fr\u00fchst\u00fcck oder als Snack ohne k\u00fcnstliche Zusatzstoffe.","breadcrumb":{"@id":"https:\/\/www.alpineberrytale.com\/en\/shop\/izdelki-iz-gozdnih-jagod\/granola-z-gozdnimi-jagodami\/#breadcrumb"},"inLanguage":"de","potentialAction":[{"@type":"ReadAction","target":["https:\/\/www.alpineberrytale.com\/en\/shop\/izdelki-iz-gozdnih-jagod\/granola-z-gozdnimi-jagodami\/"]}]},{"@type":"ImageObject","inLanguage":"de","@id":"https:\/\/www.alpineberrytale.com\/en\/shop\/izdelki-iz-gozdnih-jagod\/granola-z-gozdnimi-jagodami\/#primaryimage","url":"https:\/\/www.alpineberrytale.com\/wp-content\/uploads\/2025\/05\/alpske-gozdne-jagode-granola-alpineberrytale.jpg","contentUrl":"https:\/\/www.alpineberrytale.com\/wp-content\/uploads\/2025\/05\/alpske-gozdne-jagode-granola-alpineberrytale.jpg","width":1000,"height":1000},{"@type":"BreadcrumbList","@id":"https:\/\/www.alpineberrytale.com\/en\/shop\/izdelki-iz-gozdnih-jagod\/granola-z-gozdnimi-jagodami\/#breadcrumb","itemListElement":[{"@type":"ListItem","position":1,"name":"Home","item":"https:\/\/www.alpineberrytale.com\/"},{"@type":"ListItem","position":2,"name":"Trgovina","item":"https:\/\/www.alpineberrytale.com\/shop\/"},{"@type":"ListItem","position":3,"name":"Granola z gozdnimi jagodami"}]},{"@type":"WebSite","@id":"https:\/\/www.alpineberrytale.com\/#website","url":"https:\/\/www.alpineberrytale.com\/","name":"Alpenbeerenstr\u00e4ucher","description":"Einzigartige Walderdbeerprodukte","publisher":{"@id":"https:\/\/www.alpineberrytale.com\/#organization"},"potentialAction":[{"@type":"SearchAction","target":{"@type":"EntryPoint","urlTemplate":"https:\/\/www.alpineberrytale.com\/?s={search_term_string}"},"query-input":{"@type":"PropertyValueSpecification","valueRequired":true,"valueName":"search_term_string"}}],"inLanguage":"de"},{"@type":"Organization","@id":"https:\/\/www.alpineberrytale.com\/#organization","name":"Alpenbeerenstr\u00e4ucher","url":"https:\/\/www.alpineberrytale.com\/","logo":{"@type":"ImageObject","inLanguage":"de","@id":"https:\/\/www.alpineberrytale.com\/#\/schema\/logo\/image\/","url":"https:\/\/www.alpineberrytale.com\/wp-content\/uploads\/2025\/01\/logo-alpske-gozdne-jagode-alpineberrytale.png","contentUrl":"https:\/\/www.alpineberrytale.com\/wp-content\/uploads\/2025\/01\/logo-alpske-gozdne-jagode-alpineberrytale.png","width":1000,"height":355,"caption":"Alpine Berrytale"},"image":{"@id":"https:\/\/www.alpineberrytale.com\/#\/schema\/logo\/image\/"}}]}},"_links":{"self":[{"href":"https:\/\/www.alpineberrytale.com\/de\/wp-json\/wp\/v2\/product\/1303","targetHints":{"allow":["GET"]}}],"collection":[{"href":"https:\/\/www.alpineberrytale.com\/de\/wp-json\/wp\/v2\/product"}],"about":[{"href":"https:\/\/www.alpineberrytale.com\/de\/wp-json\/wp\/v2\/types\/product"}],"wp:featuredmedia":[{"embeddable":true,"href":"https:\/\/www.alpineberrytale.com\/de\/wp-json\/wp\/v2\/media\/1167"}],"wp:attachment":[{"href":"https:\/\/www.alpineberrytale.com\/de\/wp-json\/wp\/v2\/media?parent=1303"}],"wp:term":[{"taxonomy":"product_brand","embeddable":true,"href":"https:\/\/www.alpineberrytale.com\/de\/wp-json\/wp\/v2\/product_brand?post=1303"},{"taxonomy":"product_cat","embeddable":true,"href":"https:\/\/www.alpineberrytale.com\/de\/wp-json\/wp\/v2\/product_cat?post=1303"},{"taxonomy":"product_tag","embeddable":true,"href":"https:\/\/www.alpineberrytale.com\/de\/wp-json\/wp\/v2\/product_tag?post=1303"}],"curies":[{"name":"wp","href":"https:\/\/api.w.org\/{rel}","templated":true}]}}