{"id":1294,"date":"2025-05-31T19:17:41","date_gmt":"2025-05-31T19:17:41","guid":{"rendered":"https:\/\/www.alpineberrytale.com\/?post_type=product&#038;p=1294"},"modified":"2025-09-30T19:59:57","modified_gmt":"2025-09-30T19:59:57","slug":"gefriergetrocknete-walderdbeeren","status":"publish","type":"product","link":"https:\/\/www.alpineberrytale.com\/de\/shop\/izdelki-iz-gozdnih-jagod\/liofilizirane-gozdne-jagode\/","title":{"rendered":"Gefriergetrocknete Walderdbeeren"},"content":{"rendered":"<p data-start=\"151\" data-end=\"188\"><strong data-start=\"155\" data-end=\"188\">N\u00e4hrwert (pro 100 g):<\/strong><\/p>\n<ul data-start=\"189\" data-end=\"516\">\n<li data-start=\"189\" data-end=\"221\">\n<p data-start=\"191\" data-end=\"221\">Energie: 32 kcal<\/p>\n<\/li>\n<li data-start=\"222\" data-end=\"281\">\n<p data-start=\"224\" data-end=\"250\">Kohlenhydrate: 7,7 g<\/p>\n<ul data-start=\"253\" data-end=\"281\">\n<li data-start=\"253\" data-end=\"281\">\n<p data-start=\"255\" data-end=\"281\">davon Zucker: 4,9 g<\/p>\n<\/li>\n<\/ul>\n<\/li>\n<li data-start=\"282\" data-end=\"312\">\n<p data-start=\"284\" data-end=\"312\">Ballaststoffe: 2,0 g<\/p>\n<\/li>\n<li data-start=\"313\" data-end=\"335\">\n<p data-start=\"315\" data-end=\"335\">Eiwei\u00df: 0,7 g<\/p>\n<\/li>\n<li data-start=\"336\" data-end=\"386\">\n<p data-start=\"338\" data-end=\"354\">Fett: 0,3 g<\/p>\n<ul data-start=\"357\" data-end=\"386\">\n<li data-start=\"357\" data-end=\"386\">\n<p data-start=\"359\" data-end=\"386\">davon ges\u00e4ttigt: &lt; 0,1 g<\/p>\n<\/li>\n<\/ul>\n<\/li>\n<li data-start=\"387\" data-end=\"402\">\n<p data-start=\"389\" data-end=\"402\">Sol: 0,01 g<\/p>\n<\/li>\n<li data-start=\"403\" data-end=\"423\">\n<p data-start=\"405\" data-end=\"423\">Vitamin C: 60 mg<\/p>\n<\/li>\n<li data-start=\"424\" data-end=\"441\">\n<p data-start=\"426\" data-end=\"441\">Fols\u00e4ure: ~24 \u00b5g<\/p>\n<\/li>\n<li data-start=\"442\" data-end=\"459\">\n<p data-start=\"444\" data-end=\"459\">Kalium: 153 mg<\/p>\n<\/li>\n<li data-start=\"460\" data-end=\"477\">\n<p data-start=\"462\" data-end=\"477\">Kalzium: 16 mg<\/p>\n<\/li>\n<li data-start=\"478\" data-end=\"497\">\n<p data-start=\"480\" data-end=\"497\">Magnesium: 13 mg<\/p>\n<\/li>\n<li data-start=\"498\" data-end=\"516\">\n<p data-start=\"500\" data-end=\"516\">Eisen: 0,4 mg<\/p>\n<\/li>\n<\/ul>\n<p data-start=\"523\" data-end=\"541\"><strong data-start=\"527\" data-end=\"541\">Zutaten:<\/strong><\/p>\n<ul data-start=\"542\" data-end=\"590\">\n<li data-start=\"542\" data-end=\"590\">\n<p data-start=\"544\" data-end=\"590\">Gefriergetrocknete Walderdbeeren (<em data-start=\"573\" data-end=\"589\">Fragaria vesca<\/em>)<\/p>\n<\/li>\n<\/ul>\n<p data-start=\"592\" data-end=\"744\">Die Gefriertrocknung ist ein Trocknungsverfahren bei niedriger Temperatur, bei dem den Fr\u00fcchten Wasser entzogen wird, w\u00e4hrend Geschmack, Farbe, Struktur, Vitamine und Antioxidantien erhalten bleiben.<\/p>\n<p data-start=\"751\" data-end=\"779\"><strong data-start=\"755\" data-end=\"779\">Weitere Informationen:<\/strong><\/p>\n<ul data-start=\"780\" data-end=\"924\">\n<li data-start=\"780\" data-end=\"803\">\n<p data-start=\"782\" data-end=\"803\">100 % Naturprodukt<\/p>\n<\/li>\n<li data-start=\"804\" data-end=\"860\">\n<p data-start=\"806\" data-end=\"860\">Geeignet f\u00fcr alle Altersgruppen und auch f\u00fcr Diabetiker<\/p>\n<\/li>\n<li data-start=\"861\" data-end=\"871\">\n<p data-start=\"863\" data-end=\"871\">Vegan<\/p>\n<\/li>\n<li data-start=\"872\" data-end=\"924\">\n<p data-start=\"874\" data-end=\"924\">Ohne Zuckerzusatz, Konservierungsmittel oder Zusatzstoffe<\/p>\n<\/li>\n<\/ul>\n<p data-start=\"931\" data-end=\"964\"><strong data-start=\"935\" data-end=\"964\">Hinweise zur Lagerung:<\/strong><\/p>\n<p data-start=\"965\" data-end=\"1097\">Versiegelt an einem dunklen, trockenen Ort bei einer Temperatur von 5 bis 20 \u00b0C lagern. Nach dem \u00d6ffnen innerhalb von 14 Tagen aufbrauchen.<\/p>","protected":false},"excerpt":{"rendered":"<p>100 % Nat\u00fcrliche gefriergetrocknete Walderdbeeren, ohne Zuckerzusatz oder Zusatzstoffe. Knackig, aromatisch und voll im Geschmack - perfekt als gesunder Snack oder als Beilage zu M\u00fcsli, Joghurt oder Desserts. Erh\u00e4ltlich in f\u00fcnf verschiedenen Gr\u00f6\u00dfen.<\/p>","protected":false},"featured_media":1295,"template":"","meta":{"iawp_total_views":497},"product_brand":[],"product_cat":[28],"product_tag":[],"class_list":{"0":"post-1294","1":"product","2":"type-product","3":"status-publish","4":"has-post-thumbnail","6":"product_cat-izdelki-iz-gozdnih-jagod","8":"first","9":"instock","10":"shipping-taxable","11":"purchasable","12":"product-type-variable","13":"has-default-attributes"},"yoast_head":"<!-- This site is optimized with the Yoast SEO plugin v27.4 - https:\/\/yoast.com\/product\/yoast-seo-wordpress\/ -->\n<title>Liofilizirane gozdne jagode - Alpine Berrytale<\/title>\n<meta name=\"description\" content=\"100 % naravne liofilizirane gozdne jagode, brez dodanega sladkorja ali aditivov. Popolne kot zdrav prigrizek ali dodatek h kosmi\u010dem, jogurtu ali sladicam.\" \/>\n<meta name=\"robots\" content=\"index, follow, max-snippet:-1, max-image-preview:large, max-video-preview:-1\" \/>\n<link rel=\"canonical\" href=\"https:\/\/www.alpineberrytale.com\/de\/shop\/produkte-aus-waldbeeren\/gefriergetrocknete-walderdbeeren\/\" \/>\n<meta property=\"og:locale\" content=\"de_DE\" \/>\n<meta property=\"og:type\" content=\"article\" \/>\n<meta property=\"og:title\" content=\"Liofilizirane gozdne jagode - Alpine Berrytale\" \/>\n<meta property=\"og:description\" content=\"100 % naravne liofilizirane gozdne jagode, brez dodanega sladkorja ali aditivov. Popolne kot zdrav prigrizek ali dodatek h kosmi\u010dem, jogurtu ali sladicam.\" \/>\n<meta property=\"og:url\" content=\"https:\/\/www.alpineberrytale.com\/de\/shop\/produkte-aus-waldbeeren\/gefriergetrocknete-walderdbeeren\/\" \/>\n<meta property=\"og:site_name\" content=\"Alpine Berrytale\" \/>\n<meta property=\"article:modified_time\" content=\"2025-09-30T19:59:57+00:00\" \/>\n<meta property=\"og:image\" content=\"https:\/\/www.alpineberrytale.com\/wp-content\/uploads\/2025\/05\/alpske-gozdne-jagode-liofilizirane-male-alpineberrytale.jpg\" \/>\n\t<meta property=\"og:image:width\" content=\"1000\" \/>\n\t<meta property=\"og:image:height\" content=\"1000\" \/>\n\t<meta property=\"og:image:type\" content=\"image\/jpeg\" \/>\n<meta name=\"twitter:card\" content=\"summary_large_image\" \/>\n<meta name=\"twitter:label1\" content=\"Gesch\u00e4tzte Lesezeit\" \/>\n\t<meta name=\"twitter:data1\" content=\"1\u00a0Minute\" \/>\n<script type=\"application\/ld+json\" class=\"yoast-schema-graph\">{\"@context\":\"https:\\\/\\\/schema.org\",\"@graph\":[{\"@type\":\"WebPage\",\"@id\":\"https:\\\/\\\/www.alpineberrytale.com\\\/shop\\\/izdelki-iz-gozdnih-jagod\\\/liofilizirane-gozdne-jagode\\\/\",\"url\":\"https:\\\/\\\/www.alpineberrytale.com\\\/shop\\\/izdelki-iz-gozdnih-jagod\\\/liofilizirane-gozdne-jagode\\\/\",\"name\":\"Liofilizirane gozdne jagode - Alpine Berrytale\",\"isPartOf\":{\"@id\":\"https:\\\/\\\/www.alpineberrytale.com\\\/#website\"},\"primaryImageOfPage\":{\"@id\":\"https:\\\/\\\/www.alpineberrytale.com\\\/shop\\\/izdelki-iz-gozdnih-jagod\\\/liofilizirane-gozdne-jagode\\\/#primaryimage\"},\"image\":{\"@id\":\"https:\\\/\\\/www.alpineberrytale.com\\\/shop\\\/izdelki-iz-gozdnih-jagod\\\/liofilizirane-gozdne-jagode\\\/#primaryimage\"},\"thumbnailUrl\":\"https:\\\/\\\/www.alpineberrytale.com\\\/wp-content\\\/uploads\\\/2025\\\/05\\\/alpske-gozdne-jagode-liofilizirane-male-alpineberrytale.jpg\",\"datePublished\":\"2025-05-31T19:17:41+00:00\",\"dateModified\":\"2025-09-30T19:59:57+00:00\",\"description\":\"100 % naravne liofilizirane gozdne jagode, brez dodanega sladkorja ali aditivov. Popolne kot zdrav prigrizek ali dodatek h kosmi\u010dem, jogurtu ali sladicam.\",\"breadcrumb\":{\"@id\":\"https:\\\/\\\/www.alpineberrytale.com\\\/shop\\\/izdelki-iz-gozdnih-jagod\\\/liofilizirane-gozdne-jagode\\\/#breadcrumb\"},\"inLanguage\":\"de\",\"potentialAction\":[{\"@type\":\"ReadAction\",\"target\":[\"https:\\\/\\\/www.alpineberrytale.com\\\/shop\\\/izdelki-iz-gozdnih-jagod\\\/liofilizirane-gozdne-jagode\\\/\"]}]},{\"@type\":\"ImageObject\",\"inLanguage\":\"de\",\"@id\":\"https:\\\/\\\/www.alpineberrytale.com\\\/shop\\\/izdelki-iz-gozdnih-jagod\\\/liofilizirane-gozdne-jagode\\\/#primaryimage\",\"url\":\"https:\\\/\\\/www.alpineberrytale.com\\\/wp-content\\\/uploads\\\/2025\\\/05\\\/alpske-gozdne-jagode-liofilizirane-male-alpineberrytale.jpg\",\"contentUrl\":\"https:\\\/\\\/www.alpineberrytale.com\\\/wp-content\\\/uploads\\\/2025\\\/05\\\/alpske-gozdne-jagode-liofilizirane-male-alpineberrytale.jpg\",\"width\":1000,\"height\":1000,\"caption\":\"Liofilizirane gozdne jagode - Male\"},{\"@type\":\"BreadcrumbList\",\"@id\":\"https:\\\/\\\/www.alpineberrytale.com\\\/shop\\\/izdelki-iz-gozdnih-jagod\\\/liofilizirane-gozdne-jagode\\\/#breadcrumb\",\"itemListElement\":[{\"@type\":\"ListItem\",\"position\":1,\"name\":\"Home\",\"item\":\"https:\\\/\\\/www.alpineberrytale.com\\\/\"},{\"@type\":\"ListItem\",\"position\":2,\"name\":\"Trgovina\",\"item\":\"https:\\\/\\\/www.alpineberrytale.com\\\/shop\\\/\"},{\"@type\":\"ListItem\",\"position\":3,\"name\":\"Liofilizirane gozdne jagode\"}]},{\"@type\":\"WebSite\",\"@id\":\"https:\\\/\\\/www.alpineberrytale.com\\\/#website\",\"url\":\"https:\\\/\\\/www.alpineberrytale.com\\\/\",\"name\":\"Alpine Berrytale\",\"description\":\"Unikatni izdelki iz gozdnih jagod\",\"publisher\":{\"@id\":\"https:\\\/\\\/www.alpineberrytale.com\\\/#organization\"},\"potentialAction\":[{\"@type\":\"SearchAction\",\"target\":{\"@type\":\"EntryPoint\",\"urlTemplate\":\"https:\\\/\\\/www.alpineberrytale.com\\\/?s={search_term_string}\"},\"query-input\":{\"@type\":\"PropertyValueSpecification\",\"valueRequired\":true,\"valueName\":\"search_term_string\"}}],\"inLanguage\":\"de\"},{\"@type\":\"Organization\",\"@id\":\"https:\\\/\\\/www.alpineberrytale.com\\\/#organization\",\"name\":\"Alpine Berrytale\",\"url\":\"https:\\\/\\\/www.alpineberrytale.com\\\/\",\"logo\":{\"@type\":\"ImageObject\",\"inLanguage\":\"de\",\"@id\":\"https:\\\/\\\/www.alpineberrytale.com\\\/#\\\/schema\\\/logo\\\/image\\\/\",\"url\":\"https:\\\/\\\/www.alpineberrytale.com\\\/wp-content\\\/uploads\\\/2025\\\/01\\\/logo-alpske-gozdne-jagode-alpineberrytale.png\",\"contentUrl\":\"https:\\\/\\\/www.alpineberrytale.com\\\/wp-content\\\/uploads\\\/2025\\\/01\\\/logo-alpske-gozdne-jagode-alpineberrytale.png\",\"width\":1000,\"height\":355,\"caption\":\"Alpine Berrytale\"},\"image\":{\"@id\":\"https:\\\/\\\/www.alpineberrytale.com\\\/#\\\/schema\\\/logo\\\/image\\\/\"}}]}<\/script>\n<!-- \/ Yoast SEO plugin. -->","yoast_head_json":{"title":"Gefriergetrocknete Walderdbeeren - Alpine Berrytale","description":"100 % Nat\u00fcrliche gefriergetrocknete Walderdbeeren, ohne Zuckerzusatz oder Zusatzstoffe. Perfekt als gesunder Snack oder als Zugabe zu M\u00fcsli, Joghurt oder Desserts.","robots":{"index":"index","follow":"follow","max-snippet":"max-snippet:-1","max-image-preview":"max-image-preview:large","max-video-preview":"max-video-preview:-1"},"canonical":"https:\/\/www.alpineberrytale.com\/de\/shop\/produkte-aus-waldbeeren\/gefriergetrocknete-walderdbeeren\/","og_locale":"de_DE","og_type":"article","og_title":"Liofilizirane gozdne jagode - Alpine Berrytale","og_description":"100 % naravne liofilizirane gozdne jagode, brez dodanega sladkorja ali aditivov. Popolne kot zdrav prigrizek ali dodatek h kosmi\u010dem, jogurtu ali sladicam.","og_url":"https:\/\/www.alpineberrytale.com\/de\/shop\/produkte-aus-waldbeeren\/gefriergetrocknete-walderdbeeren\/","og_site_name":"Alpine Berrytale","article_modified_time":"2025-09-30T19:59:57+00:00","og_image":[{"width":1000,"height":1000,"url":"https:\/\/www.alpineberrytale.com\/wp-content\/uploads\/2025\/05\/alpske-gozdne-jagode-liofilizirane-male-alpineberrytale.jpg","type":"image\/jpeg"}],"twitter_card":"summary_large_image","twitter_misc":{"Gesch\u00e4tzte Lesezeit":"1\u00a0Minute"},"schema":{"@context":"https:\/\/schema.org","@graph":[{"@type":"WebPage","@id":"https:\/\/www.alpineberrytale.com\/shop\/izdelki-iz-gozdnih-jagod\/liofilizirane-gozdne-jagode\/","url":"https:\/\/www.alpineberrytale.com\/shop\/izdelki-iz-gozdnih-jagod\/liofilizirane-gozdne-jagode\/","name":"Gefriergetrocknete Walderdbeeren - Alpine Berrytale","isPartOf":{"@id":"https:\/\/www.alpineberrytale.com\/#website"},"primaryImageOfPage":{"@id":"https:\/\/www.alpineberrytale.com\/shop\/izdelki-iz-gozdnih-jagod\/liofilizirane-gozdne-jagode\/#primaryimage"},"image":{"@id":"https:\/\/www.alpineberrytale.com\/shop\/izdelki-iz-gozdnih-jagod\/liofilizirane-gozdne-jagode\/#primaryimage"},"thumbnailUrl":"https:\/\/www.alpineberrytale.com\/wp-content\/uploads\/2025\/05\/alpske-gozdne-jagode-liofilizirane-male-alpineberrytale.jpg","datePublished":"2025-05-31T19:17:41+00:00","dateModified":"2025-09-30T19:59:57+00:00","description":"100 % Nat\u00fcrliche gefriergetrocknete Walderdbeeren, ohne Zuckerzusatz oder Zusatzstoffe. Perfekt als gesunder Snack oder als Zugabe zu M\u00fcsli, Joghurt oder Desserts.","breadcrumb":{"@id":"https:\/\/www.alpineberrytale.com\/shop\/izdelki-iz-gozdnih-jagod\/liofilizirane-gozdne-jagode\/#breadcrumb"},"inLanguage":"de","potentialAction":[{"@type":"ReadAction","target":["https:\/\/www.alpineberrytale.com\/shop\/izdelki-iz-gozdnih-jagod\/liofilizirane-gozdne-jagode\/"]}]},{"@type":"ImageObject","inLanguage":"de","@id":"https:\/\/www.alpineberrytale.com\/shop\/izdelki-iz-gozdnih-jagod\/liofilizirane-gozdne-jagode\/#primaryimage","url":"https:\/\/www.alpineberrytale.com\/wp-content\/uploads\/2025\/05\/alpske-gozdne-jagode-liofilizirane-male-alpineberrytale.jpg","contentUrl":"https:\/\/www.alpineberrytale.com\/wp-content\/uploads\/2025\/05\/alpske-gozdne-jagode-liofilizirane-male-alpineberrytale.jpg","width":1000,"height":1000,"caption":"Liofilizirane gozdne jagode - Male"},{"@type":"BreadcrumbList","@id":"https:\/\/www.alpineberrytale.com\/shop\/izdelki-iz-gozdnih-jagod\/liofilizirane-gozdne-jagode\/#breadcrumb","itemListElement":[{"@type":"ListItem","position":1,"name":"Home","item":"https:\/\/www.alpineberrytale.com\/"},{"@type":"ListItem","position":2,"name":"Trgovina","item":"https:\/\/www.alpineberrytale.com\/shop\/"},{"@type":"ListItem","position":3,"name":"Liofilizirane gozdne jagode"}]},{"@type":"WebSite","@id":"https:\/\/www.alpineberrytale.com\/#website","url":"https:\/\/www.alpineberrytale.com\/","name":"Alpenbeerenstr\u00e4ucher","description":"Einzigartige Walderdbeerprodukte","publisher":{"@id":"https:\/\/www.alpineberrytale.com\/#organization"},"potentialAction":[{"@type":"SearchAction","target":{"@type":"EntryPoint","urlTemplate":"https:\/\/www.alpineberrytale.com\/?s={search_term_string}"},"query-input":{"@type":"PropertyValueSpecification","valueRequired":true,"valueName":"search_term_string"}}],"inLanguage":"de"},{"@type":"Organization","@id":"https:\/\/www.alpineberrytale.com\/#organization","name":"Alpenbeerenstr\u00e4ucher","url":"https:\/\/www.alpineberrytale.com\/","logo":{"@type":"ImageObject","inLanguage":"de","@id":"https:\/\/www.alpineberrytale.com\/#\/schema\/logo\/image\/","url":"https:\/\/www.alpineberrytale.com\/wp-content\/uploads\/2025\/01\/logo-alpske-gozdne-jagode-alpineberrytale.png","contentUrl":"https:\/\/www.alpineberrytale.com\/wp-content\/uploads\/2025\/01\/logo-alpske-gozdne-jagode-alpineberrytale.png","width":1000,"height":355,"caption":"Alpine Berrytale"},"image":{"@id":"https:\/\/www.alpineberrytale.com\/#\/schema\/logo\/image\/"}}]}},"_links":{"self":[{"href":"https:\/\/www.alpineberrytale.com\/de\/wp-json\/wp\/v2\/product\/1294","targetHints":{"allow":["GET"]}}],"collection":[{"href":"https:\/\/www.alpineberrytale.com\/de\/wp-json\/wp\/v2\/product"}],"about":[{"href":"https:\/\/www.alpineberrytale.com\/de\/wp-json\/wp\/v2\/types\/product"}],"wp:featuredmedia":[{"embeddable":true,"href":"https:\/\/www.alpineberrytale.com\/de\/wp-json\/wp\/v2\/media\/1295"}],"wp:attachment":[{"href":"https:\/\/www.alpineberrytale.com\/de\/wp-json\/wp\/v2\/media?parent=1294"}],"wp:term":[{"taxonomy":"product_brand","embeddable":true,"href":"https:\/\/www.alpineberrytale.com\/de\/wp-json\/wp\/v2\/product_brand?post=1294"},{"taxonomy":"product_cat","embeddable":true,"href":"https:\/\/www.alpineberrytale.com\/de\/wp-json\/wp\/v2\/product_cat?post=1294"},{"taxonomy":"product_tag","embeddable":true,"href":"https:\/\/www.alpineberrytale.com\/de\/wp-json\/wp\/v2\/product_tag?post=1294"}],"curies":[{"name":"wp","href":"https:\/\/api.w.org\/{rel}","templated":true}]}}